{"id":612,"date":"2025-10-29T09:18:23","date_gmt":"2025-10-29T09:18:23","guid":{"rendered":"https:\/\/vapecheap.eu\/?post_type=product&#038;p=612"},"modified":"2026-04-16T11:56:36","modified_gmt":"2026-04-16T11:56:36","slug":"vapsolo-master-2","status":"publish","type":"product","link":"https:\/\/vapecheap.eu\/sl\/product\/vapsolo-master-2\/","title":{"rendered":"Vapsolo Master Smooth"},"content":{"rendered":"<p>~70 000 vlekov (laboratorijska ocena) \u00b7 Polnilna naprava \u00b7 2 % nikotina (20 mg\/ml) \u00b7 Po\u0161iljamo \u0161e danes \u00b7 Profil okusa: nevtralna osnova z rahlim okusom jagode in kivija.<\/p>","protected":false},"excerpt":{"rendered":"<h3>Vapsolo Master 2 % \u2013 Enkratna vape ~70 000 vlekov (laboratorijska ocena). Nakup na spletu v Sloveniji<\/h3>\n<p>&nbsp;<\/p>\n<p>~70 000 vlekov (laboratorijska ocena). 2 % nikotina (20 mg\/ml). Naprava ponuja podalj\u0161ano \u017eivljenjsko dobo \u2013 ocenjeno na 3\u20135 mesecev pri uporabi, ki ustreza porabi 5\u201315 cigaret na dan. Spro\u0161\u010danje nikotina je tehni\u010dno primerljivo z mno\u017eino nikotina v la\u017ejih cigaretah na podlagi objavljenih podatkov iz testov.<\/p>\n<p>&nbsp;<\/p>\n<table class=\"w-full border-collapse text-sm md:text-base\">\n<thead>\n<tr class=\"bg-gray-100\">\n<th class=\"border border-gray-300 px-4 py-2 text-left font-bold\">Nastavitev mo\u010di<\/th>\n<th class=\"border border-gray-300 px-4 py-2 text-left font-bold\">Nikotin, dostavljen na poteg<\/th>\n<th class=\"border border-gray-300 px-4 py-2 text-left font-bold\">Absorbiran nikotin (\u224850%)<\/th>\n<\/tr>\n<\/thead>\n<tbody>\n<tr>\n<td class=\"border border-gray-300 px-4 py-2\">Low (16 W)<\/td>\n<td class=\"border border-gray-300 px-4 py-2 font-mono\">0.0333 mg<\/td>\n<td class=\"border border-gray-300 px-4 py-2 font-mono\">\u22480.0167 mg<\/td>\n<\/tr>\n<tr class=\"bg-gray-50\">\n<td class=\"border border-gray-300 px-4 py-2\">Medium (20 W)<\/td>\n<td class=\"border border-gray-300 px-4 py-2 font-mono\">0.0467 mg<\/td>\n<td class=\"border border-gray-300 px-4 py-2 font-mono\">\u22480.0233 mg<\/td>\n<\/tr>\n<tr>\n<td class=\"border border-gray-300 px-4 py-2\">High (30 W)<\/td>\n<td class=\"border border-gray-300 px-4 py-2 font-mono\">0.0667 mg<\/td>\n<td class=\"border border-gray-300 px-4 py-2 font-mono\">\u22480.0333 mg<\/td>\n<\/tr>\n<tr class=\"bg-blue-50 font-medium\">\n<td class=\"border border-gray-300 px-4 py-2\">1 poteg iz cigarete (Marlboro Gold \/ Camel Light)<\/td>\n<td class=\"border border-gray-300 px-4 py-2 font-mono\">~0.07 mg<\/td>\n<td class=\"border border-gray-300 px-4 py-2 font-mono\">~0.035 mg<\/td>\n<\/tr>\n<\/tbody>\n<\/table>\n<p class=\"text-xs text-gray-600 mt-2 italic\"><em>(Preizku\u0161eno v neodvisnem laboratoriju z napravami za vleke v skladu z ISO 20768:2018. Podatki o cigaretah: Public Health England 2025 \u2013 dana vs absorbirana nikotina.)<\/em><\/p>\n<p>&nbsp;<\/p>\n<ul>\n<li>Visoko \u0161tevilo vlekov (ekvivalent): Naprava je zasnovana za najve\u010djo \u017eivljenjsko dobo in lahko dose\u017ee pribli\u017eno 70 000 vlekov (laboratorijska ocena)*, odvisno od uporabnika in trajanja vleka.<\/li>\n<li>Dolgoro\u010dna re\u0161itev: En sistem omogo\u010da \u017eivljenjsko dobo od ve\u010d tednov do mesecev, ne ur, ter predstavlja stabilno in ve\u010dkratno alternativo obi\u010dajnim enkratnim napravam.<\/li>\n<li>Zmanj\u0161anje elektronskih odpadkov: Zaradi visoke kapacitete in polnilne baterije naprava ob\u010dutno zmanj\u0161uje koli\u010dino elektronskih odpadkov v primerjavi z nakupom \u0161tevilnih manj\u0161ih enkratnih naprav.<\/li>\n<li>Ekonomska u\u010dinkovitost: Sistem s \u010dasom omogo\u010da znatne prihranke v primerjavi z nakupom enakega \u0161tevila enkratnih izdelkov.<\/li>\n<li>Zmogljiva polnilna baterija: opremljena z baterijo visoke kapacitete 900 mAh, enostavno polnljiva prek USB-C.<\/li>\n<li>Napredna tehnologija mesh tuljave: uporablja izbolj\u0161ano mesh tuljavo za najve\u010djo povr\u0161ino uparjanja, zagotavlja bogat okus in je zasnovana za enakomerno tvorbo pare.<\/li>\n<\/ul>\n<p><em>*Tehni\u010dno obvestilo: Trditev o 70 000 potegih temelji na nadzorovanem laboratorijskem testiranju, ki simulira kratke potegne. Dejanska \u017eivljenjska doba se lahko razlikuje glede na slog vapinga in dol\u017eino potega uporabnika.<\/em><\/p>","protected":false},"featured_media":578,"template":"","meta":[],"product_brand":[24],"product_cat":[18],"product_tag":[21,20,19,22],"class_list":{"0":"post-612","1":"product","2":"type-product","3":"status-publish","4":"has-post-thumbnail","6":"product_brand-vapsolo","7":"product_cat-cheap-vapes","8":"product_tag-60-day-refund","9":"product_tag-price-match","10":"product_tag-ships-today","11":"product_tag-tpd-certified","13":"first","14":"instock","15":"sale","16":"shipping-taxable","17":"purchasable","18":"product-type-simple"},"yoast_head":"<!-- This site is optimized with the Yoast SEO plugin v26.6 - https:\/\/yoast.com\/wordpress\/plugins\/seo\/ -->\n<title>Vapsolo Master Smooth - VapeCheap.eu ~70,000 Big Puff Vapes from \u20ac39.90 - EU Delivery<\/title>\n<meta name=\"description\" content=\"Buy Vapsolo Master 2% Strawberry Kiwi vape online EU at VapeCheap.eu. \u20ac39.99, ~70,000 puffs (lab estimate), TPD-compliant, 18+ only.\" \/>\n<meta name=\"robots\" content=\"index, follow, max-snippet:-1, max-image-preview:large, max-video-preview:-1\" \/>\n<link rel=\"canonical\" href=\"https:\/\/vapecheap.eu\/sl\/product\/vapsolo-master-2\/\" \/>\n<meta property=\"og:locale\" content=\"sl_SI\" \/>\n<meta property=\"og:type\" content=\"article\" \/>\n<meta property=\"og:title\" content=\"Vapsolo Master Smooth - VapeCheap.eu ~70,000 Big Puff Vapes from \u20ac39.90 - EU Delivery\" \/>\n<meta property=\"og:description\" content=\"Buy Vapsolo Master 2% Strawberry Kiwi vape online EU at VapeCheap.eu. \u20ac39.99, ~70,000 puffs (lab estimate), TPD-compliant, 18+ only.\" \/>\n<meta property=\"og:url\" content=\"https:\/\/vapecheap.eu\/sl\/product\/vapsolo-master-2\/\" \/>\n<meta property=\"og:site_name\" content=\"VapeCheap.eu ~70,000 Big Puff Vapes from \u20ac39.90 - EU Delivery\" \/>\n<meta property=\"article:modified_time\" content=\"2026-04-16T11:56:36+00:00\" \/>\n<meta property=\"og:image\" content=\"https:\/\/vapecheap.eu\/wp-content\/uploads\/2025\/10\/kiwi.png\" \/>\n\t<meta property=\"og:image:width\" content=\"600\" \/>\n\t<meta property=\"og:image:height\" content=\"600\" \/>\n\t<meta property=\"og:image:type\" content=\"image\/png\" \/>\n<meta name=\"twitter:card\" content=\"summary_large_image\" \/>\n<meta name=\"twitter:label1\" content=\"Est. reading time\" \/>\n\t<meta name=\"twitter:data1\" content=\"1 minuta\" \/>\n<script type=\"application\/ld+json\" class=\"yoast-schema-graph\">{\"@context\":\"https:\/\/schema.org\",\"@graph\":[{\"@type\":\"WebPage\",\"@id\":\"https:\/\/vapecheap.eu\/product\/vapsolo-master-2\/\",\"url\":\"https:\/\/vapecheap.eu\/product\/vapsolo-master-2\/\",\"name\":\"Vapsolo Master Smooth - VapeCheap.eu ~70,000 Big Puff Vapes from \u20ac39.90 - EU Delivery\",\"isPartOf\":{\"@id\":\"https:\/\/vapecheap.eu\/#website\"},\"primaryImageOfPage\":{\"@id\":\"https:\/\/vapecheap.eu\/product\/vapsolo-master-2\/#primaryimage\"},\"image\":{\"@id\":\"https:\/\/vapecheap.eu\/product\/vapsolo-master-2\/#primaryimage\"},\"thumbnailUrl\":\"https:\/\/vapecheap.eu\/wp-content\/uploads\/2025\/10\/kiwi.png\",\"datePublished\":\"2025-10-29T09:18:23+00:00\",\"dateModified\":\"2026-04-16T11:56:36+00:00\",\"description\":\"Buy Vapsolo Master 2% Strawberry Kiwi vape online EU at VapeCheap.eu. \u20ac39.99, ~70,000 puffs (lab estimate), TPD-compliant, 18+ only.\",\"breadcrumb\":{\"@id\":\"https:\/\/vapecheap.eu\/product\/vapsolo-master-2\/#breadcrumb\"},\"inLanguage\":\"sl-SI\",\"potentialAction\":[{\"@type\":\"ReadAction\",\"target\":[\"https:\/\/vapecheap.eu\/product\/vapsolo-master-2\/\"]}]},{\"@type\":\"ImageObject\",\"inLanguage\":\"sl-SI\",\"@id\":\"https:\/\/vapecheap.eu\/product\/vapsolo-master-2\/#primaryimage\",\"url\":\"https:\/\/vapecheap.eu\/wp-content\/uploads\/2025\/10\/kiwi.png\",\"contentUrl\":\"https:\/\/vapecheap.eu\/wp-content\/uploads\/2025\/10\/kiwi.png\",\"width\":600,\"height\":600},{\"@type\":\"BreadcrumbList\",\"@id\":\"https:\/\/vapecheap.eu\/product\/vapsolo-master-2\/#breadcrumb\",\"itemListElement\":[{\"@type\":\"ListItem\",\"position\":1,\"name\":\"Home\",\"item\":\"https:\/\/vapecheap.eu\/\"},{\"@type\":\"ListItem\",\"position\":2,\"name\":\"Shop\",\"item\":\"https:\/\/vapecheap.eu\/shop\/\"},{\"@type\":\"ListItem\",\"position\":3,\"name\":\"Vapsolo Master Smooth\"}]},{\"@type\":\"WebSite\",\"@id\":\"https:\/\/vapecheap.eu\/#website\",\"url\":\"https:\/\/vapecheap.eu\/\",\"name\":\"Vapecheap.eu \u2014 Cheap Big Puff Vapes EU\",\"description\":\"\",\"publisher\":{\"@id\":\"https:\/\/vapecheap.eu\/#organization\"},\"potentialAction\":[{\"@type\":\"SearchAction\",\"target\":{\"@type\":\"EntryPoint\",\"urlTemplate\":\"https:\/\/vapecheap.eu\/?s={search_term_string}\"},\"query-input\":{\"@type\":\"PropertyValueSpecification\",\"valueRequired\":true,\"valueName\":\"search_term_string\"}}],\"inLanguage\":\"sl-SI\"},{\"@type\":\"Organization\",\"@id\":\"https:\/\/vapecheap.eu\/#organization\",\"name\":\"Vapecheap.eu \u2014 Cheap Big Puff Vapes EU\",\"url\":\"https:\/\/vapecheap.eu\/\",\"logo\":{\"@type\":\"ImageObject\",\"inLanguage\":\"sl-SI\",\"@id\":\"https:\/\/vapecheap.eu\/#\/schema\/logo\/image\/\",\"url\":\"https:\/\/vapecheap.eu\/wp-content\/uploads\/2025\/10\/vapecheap-logo-small-1.png\",\"contentUrl\":\"https:\/\/vapecheap.eu\/wp-content\/uploads\/2025\/10\/vapecheap-logo-small-1.png\",\"width\":262,\"height\":250,\"caption\":\"Vapecheap.eu \u2014 Cheap Big Puff Vapes EU\"},\"image\":{\"@id\":\"https:\/\/vapecheap.eu\/#\/schema\/logo\/image\/\"}}]}<\/script>\n<!-- \/ Yoast SEO plugin. -->","yoast_head_json":{"title":"Vapsolo Master Smooth - VapeCheap.eu ~70,000 Big Puff Vapes from \u20ac39.90 - EU Delivery","description":"Kupite Vapsolo Master 2 % Strawberry Kiwi elektronsko cigareto online na VapeCheap.eu. \u20ac39,99, ~70 000 potegov (lab. ocena), TPD skladno, 18+.","robots":{"index":"index","follow":"follow","max-snippet":"max-snippet:-1","max-image-preview":"max-image-preview:large","max-video-preview":"max-video-preview:-1"},"canonical":"https:\/\/vapecheap.eu\/sl\/product\/vapsolo-master-2\/","og_locale":"sl_SI","og_type":"article","og_title":"Vapsolo Master Smooth - VapeCheap.eu ~70,000 Big Puff Vapes from \u20ac39.90 - EU Delivery","og_description":"Buy Vapsolo Master 2% Strawberry Kiwi vape online EU at VapeCheap.eu. \u20ac39.99, ~70,000 puffs (lab estimate), TPD-compliant, 18+ only.","og_url":"https:\/\/vapecheap.eu\/sl\/product\/vapsolo-master-2\/","og_site_name":"VapeCheap.eu ~70,000 Big Puff Vapes from \u20ac39.90 - EU Delivery","article_modified_time":"2026-04-16T11:56:36+00:00","og_image":[{"width":600,"height":600,"url":"https:\/\/vapecheap.eu\/wp-content\/uploads\/2025\/10\/kiwi.png","type":"image\/png"}],"twitter_card":"summary_large_image","twitter_misc":{"Est. reading time":"1 minuta"},"schema":{"@context":"https:\/\/schema.org","@graph":[{"@type":"WebPage","@id":"https:\/\/vapecheap.eu\/product\/vapsolo-master-2\/","url":"https:\/\/vapecheap.eu\/product\/vapsolo-master-2\/","name":"Vapsolo Master Smooth - VapeCheap.eu ~70,000 Big Puff Vapes from \u20ac39.90 - EU Delivery","isPartOf":{"@id":"https:\/\/vapecheap.eu\/#website"},"primaryImageOfPage":{"@id":"https:\/\/vapecheap.eu\/product\/vapsolo-master-2\/#primaryimage"},"image":{"@id":"https:\/\/vapecheap.eu\/product\/vapsolo-master-2\/#primaryimage"},"thumbnailUrl":"https:\/\/vapecheap.eu\/wp-content\/uploads\/2025\/10\/kiwi.png","datePublished":"2025-10-29T09:18:23+00:00","dateModified":"2026-04-16T11:56:36+00:00","description":"Kupite Vapsolo Master 2 % Strawberry Kiwi elektronsko cigareto online na VapeCheap.eu. \u20ac39,99, ~70 000 potegov (lab. ocena), TPD skladno, 18+.","breadcrumb":{"@id":"https:\/\/vapecheap.eu\/product\/vapsolo-master-2\/#breadcrumb"},"inLanguage":"sl-SI","potentialAction":[{"@type":"ReadAction","target":["https:\/\/vapecheap.eu\/product\/vapsolo-master-2\/"]}]},{"@type":"ImageObject","inLanguage":"sl-SI","@id":"https:\/\/vapecheap.eu\/product\/vapsolo-master-2\/#primaryimage","url":"https:\/\/vapecheap.eu\/wp-content\/uploads\/2025\/10\/kiwi.png","contentUrl":"https:\/\/vapecheap.eu\/wp-content\/uploads\/2025\/10\/kiwi.png","width":600,"height":600},{"@type":"BreadcrumbList","@id":"https:\/\/vapecheap.eu\/product\/vapsolo-master-2\/#breadcrumb","itemListElement":[{"@type":"ListItem","position":1,"name":"Home","item":"https:\/\/vapecheap.eu\/"},{"@type":"ListItem","position":2,"name":"Shop","item":"https:\/\/vapecheap.eu\/shop\/"},{"@type":"ListItem","position":3,"name":"Vapsolo Master Smooth"}]},{"@type":"WebSite","@id":"https:\/\/vapecheap.eu\/#website","url":"https:\/\/vapecheap.eu\/","name":"Vapecheap.eu \u2014 Cheap Big Puff Vapes EU","description":"","publisher":{"@id":"https:\/\/vapecheap.eu\/#organization"},"potentialAction":[{"@type":"SearchAction","target":{"@type":"EntryPoint","urlTemplate":"https:\/\/vapecheap.eu\/?s={search_term_string}"},"query-input":{"@type":"PropertyValueSpecification","valueRequired":true,"valueName":"search_term_string"}}],"inLanguage":"sl-SI"},{"@type":"Organization","@id":"https:\/\/vapecheap.eu\/#organization","name":"Vapecheap.eu \u2014 Cheap Big Puff Vapes EU","url":"https:\/\/vapecheap.eu\/","logo":{"@type":"ImageObject","inLanguage":"sl-SI","@id":"https:\/\/vapecheap.eu\/#\/schema\/logo\/image\/","url":"https:\/\/vapecheap.eu\/wp-content\/uploads\/2025\/10\/vapecheap-logo-small-1.png","contentUrl":"https:\/\/vapecheap.eu\/wp-content\/uploads\/2025\/10\/vapecheap-logo-small-1.png","width":262,"height":250,"caption":"Vapecheap.eu \u2014 Cheap Big Puff Vapes EU"},"image":{"@id":"https:\/\/vapecheap.eu\/#\/schema\/logo\/image\/"}}]}},"_links":{"self":[{"href":"https:\/\/vapecheap.eu\/sl\/wp-json\/wp\/v2\/product\/612","targetHints":{"allow":["GET"]}}],"collection":[{"href":"https:\/\/vapecheap.eu\/sl\/wp-json\/wp\/v2\/product"}],"about":[{"href":"https:\/\/vapecheap.eu\/sl\/wp-json\/wp\/v2\/types\/product"}],"version-history":[{"count":17,"href":"https:\/\/vapecheap.eu\/sl\/wp-json\/wp\/v2\/product\/612\/revisions"}],"predecessor-version":[{"id":1195,"href":"https:\/\/vapecheap.eu\/sl\/wp-json\/wp\/v2\/product\/612\/revisions\/1195"}],"wp:featuredmedia":[{"embeddable":true,"href":"https:\/\/vapecheap.eu\/sl\/wp-json\/wp\/v2\/media\/578"}],"wp:attachment":[{"href":"https:\/\/vapecheap.eu\/sl\/wp-json\/wp\/v2\/media?parent=612"}],"wp:term":[{"taxonomy":"product_brand","embeddable":true,"href":"https:\/\/vapecheap.eu\/sl\/wp-json\/wp\/v2\/product_brand?post=612"},{"taxonomy":"product_cat","embeddable":true,"href":"https:\/\/vapecheap.eu\/sl\/wp-json\/wp\/v2\/product_cat?post=612"},{"taxonomy":"product_tag","embeddable":true,"href":"https:\/\/vapecheap.eu\/sl\/wp-json\/wp\/v2\/product_tag?post=612"}],"curies":[{"name":"wp","href":"https:\/\/api.w.org\/{rel}","templated":true}]}}