{"id":967,"date":"2025-11-01T22:14:54","date_gmt":"2025-11-01T22:14:54","guid":{"rendered":"https:\/\/vapecheap.eu\/?post_type=product&#038;p=967"},"modified":"2026-02-08T21:32:12","modified_gmt":"2026-02-08T21:32:12","slug":"vapsolo-master-strong","status":"publish","type":"product","link":"https:\/\/vapecheap.eu\/sk\/produkt\/vapsolo-master-strong\/","title":{"rendered":"Vapsolo Master Strong"},"content":{"rendered":"<p>~70 000 \u0165ahov (laborat\u00f3rny odhad) \u00b7 Nab\u00edjate\u013en\u00fd \u00b7 2 % nikot\u00ednu (20 mg\/ml) \u00b7 Odosielame dnes \u00b7 Chu\u0165ov\u00fd profil: neutr\u00e1lny z\u00e1klad s jemnou ar\u00f3mou \u013eadov\u00e9ho mel\u00f3nu.<\/p>","protected":false},"excerpt":{"rendered":"<h3>Vapsolo Master \u2013 Dlhotrvaj\u00faca vape, Big Puff jednorazov\u00e1 elektronick\u00e1 cigareta ~70 000 \u0165ahov (lab. odhad)<\/h3>\n<p>&nbsp;<\/p>\n<p>Na\u0161a najnov\u0161ia gener\u00e1cia zariaden\u00ed je v plnom s\u00falade so v\u0161etk\u00fdmi \u0161tandardmi E\u00da TPD (maxim\u00e1lna koncentr\u00e1cia nikot\u00ednu 20 mg\/ml). V\u010faka pokro\u010dil\u00e9mu dizajnu \u0161pir\u00e1lky a optimalizovan\u00e9mu prietoku vzduchu poskytuje hladk\u00e9 a ve\u013emi efekt\u00edvne uvo\u013e\u0148ovanie nikot\u00ednu. Jedno zariadenie m\u00e1 pred\u013a\u017een\u00fa \u017eivotnos\u0165 \u2014 odhadom 4 a\u017e 6 mesiacov pri spotrebe zodpovedaj\u00facej 15 a\u017e 30 cigaret\u00e1m denne. V\u00fdstup nikot\u00ednu je technicky porovnate\u013en\u00fd s mno\u017estvom nikot\u00ednu dod\u00e1van\u00fdm v siln\u00fdch cigarietach.<\/p>\n<p>&nbsp;<\/p>\n<table class=\"w-full border-collapse text-sm md:text-base\">\n<thead>\n<tr class=\"bg-gray-100\">\n<th class=\"border border-gray-300 px-4 py-2 text-left font-bold\">Nastavenie v\u00fdkonu<\/th>\n<th class=\"border border-gray-300 px-4 py-2 text-left font-bold\">Nikotin dodan\u00fd na \u0161luk<\/th>\n<th class=\"border border-gray-300 px-4 py-2 text-left font-bold\">Absorbovan\u00fd nikot\u00edn (\u224850%)<\/th>\n<\/tr>\n<\/thead>\n<tbody>\n<tr>\n<td class=\"border border-gray-300 px-4 py-2\">Low (16 W)<\/td>\n<td class=\"border border-gray-300 px-4 py-2 font-mono\">0.0833 mg<\/td>\n<td class=\"border border-gray-300 px-4 py-2 font-mono\">\u22480.0417 mg<\/td>\n<\/tr>\n<tr class=\"bg-gray-50\">\n<td class=\"border border-gray-300 px-4 py-2\">Medium (20 W)<\/td>\n<td class=\"border border-gray-300 px-4 py-2 font-mono\">0.1167 mg<\/td>\n<td class=\"border border-gray-300 px-4 py-2 font-mono\">\u22480.0583 mg<\/td>\n<\/tr>\n<tr>\n<td class=\"border border-gray-300 px-4 py-2\">High (30 W)<\/td>\n<td class=\"border border-gray-300 px-4 py-2 font-mono\">0.1667 mg<\/td>\n<td class=\"border border-gray-300 px-4 py-2 font-mono\">\u22480.0833 mg<\/td>\n<\/tr>\n<tr class=\"bg-blue-50 font-medium\">\n<td class=\"border border-gray-300 px-4 py-2\">1 \u0161luk z cigarety (Marlboro Red \/ Camel)<\/td>\n<td class=\"border border-gray-300 px-4 py-2 font-mono\">~0.14 mg<\/td>\n<td class=\"border border-gray-300 px-4 py-2 font-mono\">~0.073 mg<\/td>\n<\/tr>\n<\/tbody>\n<\/table>\n<p class=\"text-xs text-gray-600 mt-2 italic\"><em>(Testovan\u00e9 v nez\u00e1vislom laborat\u00f3riu pomocou pr\u00edstrojov pod\u013ea normy ISO 20768:2018. \u00dadaje o cigaret\u00e1ch: Public Health England 2025 \u2013 dodan\u00e9 vs absorbovan\u00e9 mno\u017estvo nikot\u00ednu.)<\/em><\/p>\n<p>&nbsp;<\/p>\n<ul>\n<li>Vysok\u00fd po\u010det \u0165ahov (ekvivalent): Zariadenie je navrhnut\u00e9 pre maxim\u00e1lnu \u017eivotnos\u0165, ktor\u00e1 m\u00f4\u017ee dosiahnu\u0165 ekvivalent a\u017e 70 000 \u0165ahov, v z\u00e1vislosti od spotreby a d\u013a\u017eky \u0165ahu pou\u017e\u00edvate\u013ea.*<\/li>\n<li>Dlhodob\u00e9 rie\u0161enie: Jeden syst\u00e9m pon\u00faka \u017eivotnos\u0165 trvaj\u00facu nieko\u013eko t\u00fd\u017ed\u0148ov a\u017e mesiacov, nie hod\u00edn, a predstavuje stabiln\u00fa, znovupou\u017eite\u013en\u00fa alternat\u00edvu k be\u017en\u00fdm jednorazov\u00fdm zariadeniam.<\/li>\n<li>Zn\u00ed\u017eenie elektroodpadu: V\u010faka vysokej kapacite a nab\u00edjate\u013enej bat\u00e9rii toto zariadenie v\u00fdrazne zni\u017euje tvorbu elektroodpadu v porovnan\u00ed s n\u00e1kupom viacer\u00fdch men\u0161\u00edch jednorazov\u00fdch vapov.<\/li>\n<li>Ekonomick\u00e1 efekt\u00edvnos\u0165: Syst\u00e9m v priebehu \u010dasu prin\u00e1\u0161a v\u00fdrazn\u00e9 \u00faspory n\u00e1kladov v porovnan\u00ed s n\u00e1kupom rovnak\u00e9ho mno\u017estva jednorazov\u00fdch produktov.<\/li>\n<li>V\u00fdkonn\u00e1 nab\u00edjate\u013en\u00e1 bat\u00e9ria: Vybaven\u00e1 bat\u00e9riou s vysokou kapacitou 900 mAh, jednoducho nab\u00edjate\u013en\u00e1 cez USB-C.<\/li>\n<li>Pokro\u010dil\u00e1 technol\u00f3gia mesh \u0161pir\u00e1ly: vyu\u017e\u00edva vylep\u0161en\u00fa mesh \u0161pir\u00e1lu na maximaliz\u00e1ciu odparovacej plochy, zais\u0165uje pln\u00fa chu\u0165 a je navrhnut\u00e1 pre st\u00e1lu produkciu pary.<\/li>\n<\/ul>\n<p><em>*Technick\u00e9 upozornenie: \u00dadaj o 70 000 potiahnutiach je zalo\u017een\u00fd na kontrolovanom laborat\u00f3rnom testovan\u00ed simuluj\u00facom kr\u00e1tke potiahnutia. Skuto\u010dn\u00e1 \u017eivotnos\u0165 sa m\u00f4\u017ee l\u00ed\u0161i\u0165 v z\u00e1vislosti od \u0161t\u00fdlu vapovania a d\u013a\u017eky potiahnutia pou\u017e\u00edvate\u013ea.<\/em><\/p>","protected":false},"featured_media":557,"template":"","meta":[],"product_brand":[24],"product_cat":[18],"product_tag":[21,20,19,22],"class_list":{"0":"post-967","1":"product","2":"type-product","3":"status-publish","4":"has-post-thumbnail","6":"product_brand-vapsolo","7":"product_cat-cheap-vapes","8":"product_tag-60-day-refund","9":"product_tag-price-match","10":"product_tag-ships-today","11":"product_tag-tpd-certified","13":"first","14":"instock","15":"sale","16":"shipping-taxable","17":"purchasable","18":"product-type-simple"},"yoast_head":"<!-- This site is optimized with the Yoast SEO plugin v26.6 - https:\/\/yoast.com\/wordpress\/plugins\/seo\/ -->\n<title>Vapsolo Master Strong - VapeCheap.eu ~70,000 Big Puff Vapes from \u20ac39.90 - EU Delivery<\/title>\n<meta name=\"description\" content=\"Buy Vapsolo Master 2% Watermelon Ice disposable vape online EU at VapeCheap.eu. \u20ac42.90, ~70,000 puffs (lab estimate), TPD-compliant, 18+ only.\" \/>\n<meta name=\"robots\" content=\"index, follow, max-snippet:-1, max-image-preview:large, max-video-preview:-1\" \/>\n<link rel=\"canonical\" href=\"https:\/\/vapecheap.eu\/sk\/produkt\/vapsolo-master-strong\/\" \/>\n<meta property=\"og:locale\" content=\"sk_SK\" \/>\n<meta property=\"og:type\" content=\"article\" \/>\n<meta property=\"og:title\" content=\"Vapsolo Master Strong - VapeCheap.eu ~70,000 Big Puff Vapes from \u20ac39.90 - EU Delivery\" \/>\n<meta property=\"og:description\" content=\"Buy Vapsolo Master 2% Watermelon Ice disposable vape online EU at VapeCheap.eu. \u20ac42.90, ~70,000 puffs (lab estimate), TPD-compliant, 18+ only.\" \/>\n<meta property=\"og:url\" content=\"https:\/\/vapecheap.eu\/sk\/produkt\/vapsolo-master-strong\/\" \/>\n<meta property=\"og:site_name\" content=\"VapeCheap.eu ~70,000 Big Puff Vapes from \u20ac39.90 - EU Delivery\" \/>\n<meta property=\"article:modified_time\" content=\"2026-02-08T21:32:12+00:00\" \/>\n<meta property=\"og:image\" content=\"https:\/\/vapecheap.eu\/wp-content\/uploads\/2025\/10\/watermellon.png\" \/>\n\t<meta property=\"og:image:width\" content=\"600\" \/>\n\t<meta property=\"og:image:height\" content=\"600\" \/>\n\t<meta property=\"og:image:type\" content=\"image\/png\" \/>\n<meta name=\"twitter:card\" content=\"summary_large_image\" \/>\n<meta name=\"twitter:label1\" content=\"Predpokladan\u00fd \u010das \u010d\u00edtania\" \/>\n\t<meta name=\"twitter:data1\" content=\"1 min\u00fata\" \/>\n<script type=\"application\/ld+json\" class=\"yoast-schema-graph\">{\"@context\":\"https:\/\/schema.org\",\"@graph\":[{\"@type\":\"WebPage\",\"@id\":\"https:\/\/vapecheap.eu\/product\/vapsolo-master-strong\/\",\"url\":\"https:\/\/vapecheap.eu\/product\/vapsolo-master-strong\/\",\"name\":\"Vapsolo Master Strong - VapeCheap.eu ~70,000 Big Puff Vapes from \u20ac39.90 - EU Delivery\",\"isPartOf\":{\"@id\":\"https:\/\/vapecheap.eu\/#website\"},\"primaryImageOfPage\":{\"@id\":\"https:\/\/vapecheap.eu\/product\/vapsolo-master-strong\/#primaryimage\"},\"image\":{\"@id\":\"https:\/\/vapecheap.eu\/product\/vapsolo-master-strong\/#primaryimage\"},\"thumbnailUrl\":\"https:\/\/vapecheap.eu\/wp-content\/uploads\/2025\/10\/watermellon.png\",\"datePublished\":\"2025-11-01T22:14:54+00:00\",\"dateModified\":\"2026-02-08T21:32:12+00:00\",\"description\":\"Buy Vapsolo Master 2% Watermelon Ice disposable vape online EU at VapeCheap.eu. \u20ac42.90, ~70,000 puffs (lab estimate), TPD-compliant, 18+ only.\",\"breadcrumb\":{\"@id\":\"https:\/\/vapecheap.eu\/product\/vapsolo-master-strong\/#breadcrumb\"},\"inLanguage\":\"sk-SK\",\"potentialAction\":[{\"@type\":\"ReadAction\",\"target\":[\"https:\/\/vapecheap.eu\/product\/vapsolo-master-strong\/\"]}]},{\"@type\":\"ImageObject\",\"inLanguage\":\"sk-SK\",\"@id\":\"https:\/\/vapecheap.eu\/product\/vapsolo-master-strong\/#primaryimage\",\"url\":\"https:\/\/vapecheap.eu\/wp-content\/uploads\/2025\/10\/watermellon.png\",\"contentUrl\":\"https:\/\/vapecheap.eu\/wp-content\/uploads\/2025\/10\/watermellon.png\",\"width\":600,\"height\":600},{\"@type\":\"BreadcrumbList\",\"@id\":\"https:\/\/vapecheap.eu\/product\/vapsolo-master-strong\/#breadcrumb\",\"itemListElement\":[{\"@type\":\"ListItem\",\"position\":1,\"name\":\"Home\",\"item\":\"https:\/\/vapecheap.eu\/\"},{\"@type\":\"ListItem\",\"position\":2,\"name\":\"Shop\",\"item\":\"https:\/\/vapecheap.eu\/shop\/\"},{\"@type\":\"ListItem\",\"position\":3,\"name\":\"Vapsolo Master Strong\"}]},{\"@type\":\"WebSite\",\"@id\":\"https:\/\/vapecheap.eu\/#website\",\"url\":\"https:\/\/vapecheap.eu\/\",\"name\":\"Vapecheap.eu \u2014 Cheap Big Puff Vapes EU\",\"description\":\"\",\"publisher\":{\"@id\":\"https:\/\/vapecheap.eu\/#organization\"},\"potentialAction\":[{\"@type\":\"SearchAction\",\"target\":{\"@type\":\"EntryPoint\",\"urlTemplate\":\"https:\/\/vapecheap.eu\/?s={search_term_string}\"},\"query-input\":{\"@type\":\"PropertyValueSpecification\",\"valueRequired\":true,\"valueName\":\"search_term_string\"}}],\"inLanguage\":\"sk-SK\"},{\"@type\":\"Organization\",\"@id\":\"https:\/\/vapecheap.eu\/#organization\",\"name\":\"Vapecheap.eu \u2014 Cheap Big Puff Vapes EU\",\"url\":\"https:\/\/vapecheap.eu\/\",\"logo\":{\"@type\":\"ImageObject\",\"inLanguage\":\"sk-SK\",\"@id\":\"https:\/\/vapecheap.eu\/#\/schema\/logo\/image\/\",\"url\":\"https:\/\/vapecheap.eu\/wp-content\/uploads\/2025\/10\/vapecheap-logo-small-1.png\",\"contentUrl\":\"https:\/\/vapecheap.eu\/wp-content\/uploads\/2025\/10\/vapecheap-logo-small-1.png\",\"width\":262,\"height\":250,\"caption\":\"Vapecheap.eu \u2014 Cheap Big Puff Vapes EU\"},\"image\":{\"@id\":\"https:\/\/vapecheap.eu\/#\/schema\/logo\/image\/\"}}]}<\/script>\n<!-- \/ Yoast SEO plugin. -->","yoast_head_json":{"title":"Vapsolo Master Strong - VapeCheap.eu ~70,000 Big Puff Vapes from \u20ac39.90 - EU Delivery","description":"K\u00fapte Vapsolo Master 2 % Watermelon Ice elektronick\u00fa cigaretu online na VapeCheap.eu. \u20ac42,90, ~70 000 \u0165ahov (lab. odhad), TPD v s\u00falade, 18+.","robots":{"index":"index","follow":"follow","max-snippet":"max-snippet:-1","max-image-preview":"max-image-preview:large","max-video-preview":"max-video-preview:-1"},"canonical":"https:\/\/vapecheap.eu\/sk\/produkt\/vapsolo-master-strong\/","og_locale":"sk_SK","og_type":"article","og_title":"Vapsolo Master Strong - VapeCheap.eu ~70,000 Big Puff Vapes from \u20ac39.90 - EU Delivery","og_description":"Buy Vapsolo Master 2% Watermelon Ice disposable vape online EU at VapeCheap.eu. \u20ac42.90, ~70,000 puffs (lab estimate), TPD-compliant, 18+ only.","og_url":"https:\/\/vapecheap.eu\/sk\/produkt\/vapsolo-master-strong\/","og_site_name":"VapeCheap.eu ~70,000 Big Puff Vapes from \u20ac39.90 - EU Delivery","article_modified_time":"2026-02-08T21:32:12+00:00","og_image":[{"width":600,"height":600,"url":"https:\/\/vapecheap.eu\/wp-content\/uploads\/2025\/10\/watermellon.png","type":"image\/png"}],"twitter_card":"summary_large_image","twitter_misc":{"Predpokladan\u00fd \u010das \u010d\u00edtania":"1 min\u00fata"},"schema":{"@context":"https:\/\/schema.org","@graph":[{"@type":"WebPage","@id":"https:\/\/vapecheap.eu\/product\/vapsolo-master-strong\/","url":"https:\/\/vapecheap.eu\/product\/vapsolo-master-strong\/","name":"Vapsolo Master Strong - VapeCheap.eu ~70,000 Big Puff Vapes from \u20ac39.90 - EU Delivery","isPartOf":{"@id":"https:\/\/vapecheap.eu\/#website"},"primaryImageOfPage":{"@id":"https:\/\/vapecheap.eu\/product\/vapsolo-master-strong\/#primaryimage"},"image":{"@id":"https:\/\/vapecheap.eu\/product\/vapsolo-master-strong\/#primaryimage"},"thumbnailUrl":"https:\/\/vapecheap.eu\/wp-content\/uploads\/2025\/10\/watermellon.png","datePublished":"2025-11-01T22:14:54+00:00","dateModified":"2026-02-08T21:32:12+00:00","description":"K\u00fapte Vapsolo Master 2 % Watermelon Ice elektronick\u00fa cigaretu online na VapeCheap.eu. \u20ac42,90, ~70 000 \u0165ahov (lab. odhad), TPD v s\u00falade, 18+.","breadcrumb":{"@id":"https:\/\/vapecheap.eu\/product\/vapsolo-master-strong\/#breadcrumb"},"inLanguage":"sk-SK","potentialAction":[{"@type":"ReadAction","target":["https:\/\/vapecheap.eu\/product\/vapsolo-master-strong\/"]}]},{"@type":"ImageObject","inLanguage":"sk-SK","@id":"https:\/\/vapecheap.eu\/product\/vapsolo-master-strong\/#primaryimage","url":"https:\/\/vapecheap.eu\/wp-content\/uploads\/2025\/10\/watermellon.png","contentUrl":"https:\/\/vapecheap.eu\/wp-content\/uploads\/2025\/10\/watermellon.png","width":600,"height":600},{"@type":"BreadcrumbList","@id":"https:\/\/vapecheap.eu\/product\/vapsolo-master-strong\/#breadcrumb","itemListElement":[{"@type":"ListItem","position":1,"name":"Home","item":"https:\/\/vapecheap.eu\/"},{"@type":"ListItem","position":2,"name":"Shop","item":"https:\/\/vapecheap.eu\/shop\/"},{"@type":"ListItem","position":3,"name":"Vapsolo Master Strong"}]},{"@type":"WebSite","@id":"https:\/\/vapecheap.eu\/#website","url":"https:\/\/vapecheap.eu\/","name":"Vapecheap.eu \u2014 Cheap Big Puff Vapes EU","description":"","publisher":{"@id":"https:\/\/vapecheap.eu\/#organization"},"potentialAction":[{"@type":"SearchAction","target":{"@type":"EntryPoint","urlTemplate":"https:\/\/vapecheap.eu\/?s={search_term_string}"},"query-input":{"@type":"PropertyValueSpecification","valueRequired":true,"valueName":"search_term_string"}}],"inLanguage":"sk-SK"},{"@type":"Organization","@id":"https:\/\/vapecheap.eu\/#organization","name":"Vapecheap.eu \u2014 Cheap Big Puff Vapes EU","url":"https:\/\/vapecheap.eu\/","logo":{"@type":"ImageObject","inLanguage":"sk-SK","@id":"https:\/\/vapecheap.eu\/#\/schema\/logo\/image\/","url":"https:\/\/vapecheap.eu\/wp-content\/uploads\/2025\/10\/vapecheap-logo-small-1.png","contentUrl":"https:\/\/vapecheap.eu\/wp-content\/uploads\/2025\/10\/vapecheap-logo-small-1.png","width":262,"height":250,"caption":"Vapecheap.eu \u2014 Cheap Big Puff Vapes EU"},"image":{"@id":"https:\/\/vapecheap.eu\/#\/schema\/logo\/image\/"}}]}},"_links":{"self":[{"href":"https:\/\/vapecheap.eu\/sk\/wp-json\/wp\/v2\/product\/967","targetHints":{"allow":["GET"]}}],"collection":[{"href":"https:\/\/vapecheap.eu\/sk\/wp-json\/wp\/v2\/product"}],"about":[{"href":"https:\/\/vapecheap.eu\/sk\/wp-json\/wp\/v2\/types\/product"}],"version-history":[{"count":6,"href":"https:\/\/vapecheap.eu\/sk\/wp-json\/wp\/v2\/product\/967\/revisions"}],"predecessor-version":[{"id":1196,"href":"https:\/\/vapecheap.eu\/sk\/wp-json\/wp\/v2\/product\/967\/revisions\/1196"}],"wp:featuredmedia":[{"embeddable":true,"href":"https:\/\/vapecheap.eu\/sk\/wp-json\/wp\/v2\/media\/557"}],"wp:attachment":[{"href":"https:\/\/vapecheap.eu\/sk\/wp-json\/wp\/v2\/media?parent=967"}],"wp:term":[{"taxonomy":"product_brand","embeddable":true,"href":"https:\/\/vapecheap.eu\/sk\/wp-json\/wp\/v2\/product_brand?post=967"},{"taxonomy":"product_cat","embeddable":true,"href":"https:\/\/vapecheap.eu\/sk\/wp-json\/wp\/v2\/product_cat?post=967"},{"taxonomy":"product_tag","embeddable":true,"href":"https:\/\/vapecheap.eu\/sk\/wp-json\/wp\/v2\/product_tag?post=967"}],"curies":[{"name":"wp","href":"https:\/\/api.w.org\/{rel}","templated":true}]}}