{"id":676,"date":"2025-10-29T20:49:48","date_gmt":"2025-10-29T20:49:48","guid":{"rendered":"https:\/\/vapecheap.eu\/?page_id=676"},"modified":"2026-01-22T09:56:50","modified_gmt":"2026-01-22T09:56:50","slug":"about-us","status":"publish","type":"page","link":"https:\/\/vapecheap.eu\/sk\/about-us\/","title":{"rendered":"O n\u00e1s"},"content":{"rendered":"<div data-elementor-type=\"wp-page\" data-elementor-id=\"676\" class=\"elementor elementor-676\" data-elementor-post-type=\"page\">\n\t\t\t\t<div class=\"elementor-element elementor-element-f88757d e-flex e-con-boxed sc_layouts_column_icons_position_left e-con e-parent\" data-id=\"f88757d\" data-element_type=\"container\">\n\t\t\t\t\t<div class=\"e-con-inner\">\n\t\t\t\t<div class=\"elementor-element elementor-element-61a7826 sc_gradient_animation_none sc_fly_static elementor-widget elementor-widget-text-editor\" data-id=\"61a7826\" data-element_type=\"widget\" data-widget_type=\"text-editor.default\">\n\t\t\t\t\t\t\t\t\t<h4>Kto sme<\/h4><p>VapeCheap.eu je mal\u00fd eur\u00f3psky distrib\u00fator, ktor\u00fd zalo\u017eili \u013eudia, \u010do sami roky faj\u010dili a rozhodli sa \u00eds\u0165 zodpovednej\u0161ou cestou. Nerob\u00edme okolo toho rozruch a netvrd\u00edme, \u017ee vapovanie je ne\u0161kodn\u00e9. Nikot\u00edn je n\u00e1vykov\u00fd. Vapovanie nesie rizik\u00e1. Ale zap\u00e1li\u0165 tabak a vdychova\u0165 dym a papier je ove\u013ea hor\u0161ie. To je jednoduch\u00e1 pravda, ktor\u00e1 n\u00e1s vedie vo v\u0161etkom, \u010do rob\u00edme.<\/p><h4>Pre\u010do existujeme<\/h4><p>N\u00e1\u0161 cie\u013e je jasn\u00fd: zni\u017eova\u0165 \u0161kody tam, kde vznikaj\u00fa. Zameriavame sa na bezdymov\u00e9, s TPD v s\u00falade schv\u00e1len\u00e9 nikot\u00ednov\u00e9 syst\u00e9my, ktor\u00e9 dospel\u00fdm faj\u010diarom umo\u017e\u0148uj\u00fa vyhn\u00fa\u0165 sa chemik\u00e1li\u00e1m vznikaj\u00facim spa\u013eovan\u00edm tabaku. \u017diadne s\u013euby, \u017eiadne falo\u0161n\u00e9 zdravotn\u00e9 tvrdenia \u2013 len overen\u00e9 zariadenia, ktor\u00e9 sp\u013a\u0148aj\u00fa bezpe\u010dnostn\u00e9 normy E\u00da a dod\u00e1vaj\u00fa nikot\u00edn kontrolovan\u00fdm, regulovan\u00fdm sp\u00f4sobom.<\/p><h4>\u010comu ver\u00edme<\/h4><ul><li>Zni\u017eovanie \u0161k\u00f4d nie je dokonalos\u0165. Je to o vo\u013ebe men\u0161ieho zla, a\u017e k\u00fdm nezostane \u017eiadne.<\/li><li>\u00daprimnos\u0165 je d\u00f4le\u017eitej\u0161ia ne\u017e reklama. Povieme v\u00e1m, \u010do tieto produkty dok\u00e1\u017eu \u2013 a \u010do nie.<\/li><li>Bez dymu, bez spa\u013eovania. To je rozdiel, na ktorom z\u00e1le\u017e\u00ed. Na\u0161\u00edm cie\u013eom nie je vapovanie ospevova\u0165, ale spravi\u0165 dym zbyto\u010dn\u00fdm.<\/li><li>Zodpovednos\u0165 vo\u010di \u017eivotn\u00e9mu prostrediu. Aj jednorazov\u00e9 zariadenia by sa mali recyklova\u0165. Dodr\u017eiavame eur\u00f3pske smernice WEEE a normy pre recykl\u00e1ciu bat\u00e9ri\u00ed.<\/li><\/ul><h4>N\u00e1\u0161 s\u013eub<\/h4><p class=\"translation-block\">Nepon\u00fakame \u017eivotn\u00fd \u0161t\u00fdl. Chceme ukon\u010di\u0165 \u0161kody, ktor\u00e9 sp\u00f4sobuje faj\u010denie \u2013 pomocou technol\u00f3gie a \u00faprimnosti. Ak ste dospel\u00fd, ktor\u00fd e\u0161te faj\u010d\u00ed, pon\u00fakame v\u00e1m n\u00e1stroje \u2013 nie z\u00e1zraky. V\u0161etko na tejto str\u00e1nke m\u00e1 jedin\u00fd cie\u013e: pom\u00f4c\u0165 v\u00e1m postupne sa odp\u00fata\u0165 od faj\u010denia klasick\u00fdch cigariet, jedno rozhodnutie po druhom.<\/p><blockquote><p>To sme my. \u017diadne pr\u00e1zdne fr\u00e1zy, \u017eiadny falo\u0161n\u00fd pocit bezpe\u010dia \u2013 len pokrok smerom k odstr\u00e1neniu riz\u00edk dymu v\u010faka lep\u0161iemu dizajnu a otvoren\u00fdm inform\u00e1ci\u00e1m.<\/p><\/blockquote> \t\t\t\t\t\t\t\t\t<\/div>\n\t\t\t\t<div class=\"elementor-element elementor-element-c1ce21e sc_fly_static elementor-widget elementor-widget-image\" data-id=\"c1ce21e\" data-element_type=\"widget\" data-widget_type=\"image.default\">\n\t\t\t\t\t\t\t\t\t\t\t\t\t\t\t<img decoding=\"async\" width=\"150\" height=\"150\" src=\"https:\/\/vapecheap.eu\/wp-content\/uploads\/2025\/10\/vapecheap-logo-small-1-150x150.png\" class=\"attachment-woocommerce_gallery_thumbnail size-woocommerce_gallery_thumbnail wp-image-63\" alt=\"\" srcset=\"https:\/\/vapecheap.eu\/wp-content\/uploads\/2025\/10\/vapecheap-logo-small-1-150x150.png 150w, https:\/\/vapecheap.eu\/wp-content\/uploads\/2025\/10\/vapecheap-logo-small-1-13x12.png 13w, https:\/\/vapecheap.eu\/wp-content\/uploads\/2025\/10\/vapecheap-logo-small-1-90x90.png 90w\" sizes=\"(max-width: 150px) 100vw, 150px\" \/>\t\t\t\t\t\t\t\t\t\t\t\t\t\t\t<\/div>\n\t\t\t\t\t<\/div>\n\t\t\t\t<\/div>\n\t\t\t\t<\/div>","protected":false},"excerpt":{"rendered":"<p>Who We Are VapeCheap.eu is a small European distributor built by people who smoked for years and decided to take a more responsible route. We don\u2019t do hype, and we&hellip;<\/p>","protected":false},"author":1,"featured_media":0,"parent":0,"menu_order":0,"comment_status":"closed","ping_status":"closed","template":"","meta":{"footnotes":""},"class_list":["post-676","page","type-page","status-publish","hentry"],"yoast_head":"<!-- This site is optimized with the Yoast SEO plugin v26.6 - https:\/\/yoast.com\/wordpress\/plugins\/seo\/ -->\n<title>About us - VapeCheap.eu ~70,000 Big Puff Vapes from \u20ac39.90 - EU Delivery<\/title>\n<meta name=\"robots\" content=\"index, follow, max-snippet:-1, max-image-preview:large, max-video-preview:-1\" \/>\n<link rel=\"canonical\" href=\"https:\/\/vapecheap.eu\/sk\/about-us\/\" \/>\n<meta property=\"og:locale\" content=\"sk_SK\" \/>\n<meta property=\"og:type\" content=\"article\" \/>\n<meta property=\"og:title\" content=\"About us - VapeCheap.eu ~70,000 Big Puff Vapes from \u20ac39.90 - EU Delivery\" \/>\n<meta property=\"og:description\" content=\"Who We Are VapeCheap.eu is a small European distributor built by people who smoked for years and decided to take a more responsible route. We don\u2019t do hype, and we&hellip;\" \/>\n<meta property=\"og:url\" content=\"https:\/\/vapecheap.eu\/sk\/about-us\/\" \/>\n<meta property=\"og:site_name\" content=\"VapeCheap.eu ~70,000 Big Puff Vapes from \u20ac39.90 - EU Delivery\" \/>\n<meta property=\"article:modified_time\" content=\"2026-01-22T09:56:50+00:00\" \/>\n<meta property=\"og:image\" content=\"https:\/\/vapecheap.eu\/wp-content\/uploads\/2025\/10\/vapecheap-logo-small-1.png\" \/>\n\t<meta property=\"og:image:width\" content=\"262\" \/>\n\t<meta property=\"og:image:height\" content=\"250\" \/>\n\t<meta property=\"og:image:type\" content=\"image\/png\" \/>\n<meta name=\"twitter:card\" content=\"summary_large_image\" \/>\n<meta name=\"twitter:label1\" content=\"Predpokladan\u00fd \u010das \u010d\u00edtania\" \/>\n\t<meta name=\"twitter:data1\" content=\"2 min\u00faty\" \/>\n<script type=\"application\/ld+json\" class=\"yoast-schema-graph\">{\"@context\":\"https:\/\/schema.org\",\"@graph\":[{\"@type\":\"WebPage\",\"@id\":\"https:\/\/vapecheap.eu\/about-us\/\",\"url\":\"https:\/\/vapecheap.eu\/about-us\/\",\"name\":\"About us - VapeCheap.eu ~70,000 Big Puff Vapes from \u20ac39.90 - EU Delivery\",\"isPartOf\":{\"@id\":\"https:\/\/vapecheap.eu\/#website\"},\"primaryImageOfPage\":{\"@id\":\"https:\/\/vapecheap.eu\/about-us\/#primaryimage\"},\"image\":{\"@id\":\"https:\/\/vapecheap.eu\/about-us\/#primaryimage\"},\"thumbnailUrl\":\"https:\/\/vapecheap.eu\/wp-content\/uploads\/2025\/10\/vapecheap-logo-small-1-150x150.png\",\"datePublished\":\"2025-10-29T20:49:48+00:00\",\"dateModified\":\"2026-01-22T09:56:50+00:00\",\"breadcrumb\":{\"@id\":\"https:\/\/vapecheap.eu\/about-us\/#breadcrumb\"},\"inLanguage\":\"sk-SK\",\"potentialAction\":[{\"@type\":\"ReadAction\",\"target\":[\"https:\/\/vapecheap.eu\/about-us\/\"]}]},{\"@type\":\"ImageObject\",\"inLanguage\":\"sk-SK\",\"@id\":\"https:\/\/vapecheap.eu\/about-us\/#primaryimage\",\"url\":\"https:\/\/vapecheap.eu\/wp-content\/uploads\/2025\/10\/vapecheap-logo-small-1-150x150.png\",\"contentUrl\":\"https:\/\/vapecheap.eu\/wp-content\/uploads\/2025\/10\/vapecheap-logo-small-1-150x150.png\"},{\"@type\":\"BreadcrumbList\",\"@id\":\"https:\/\/vapecheap.eu\/about-us\/#breadcrumb\",\"itemListElement\":[{\"@type\":\"ListItem\",\"position\":1,\"name\":\"Home\",\"item\":\"https:\/\/vapecheap.eu\/\"},{\"@type\":\"ListItem\",\"position\":2,\"name\":\"About us\"}]},{\"@type\":\"WebSite\",\"@id\":\"https:\/\/vapecheap.eu\/#website\",\"url\":\"https:\/\/vapecheap.eu\/\",\"name\":\"Vapecheap.eu \u2014 Cheap Big Puff Vapes EU\",\"description\":\"\",\"publisher\":{\"@id\":\"https:\/\/vapecheap.eu\/#organization\"},\"potentialAction\":[{\"@type\":\"SearchAction\",\"target\":{\"@type\":\"EntryPoint\",\"urlTemplate\":\"https:\/\/vapecheap.eu\/?s={search_term_string}\"},\"query-input\":{\"@type\":\"PropertyValueSpecification\",\"valueRequired\":true,\"valueName\":\"search_term_string\"}}],\"inLanguage\":\"sk-SK\"},{\"@type\":\"Organization\",\"@id\":\"https:\/\/vapecheap.eu\/#organization\",\"name\":\"Vapecheap.eu \u2014 Cheap Big Puff Vapes EU\",\"url\":\"https:\/\/vapecheap.eu\/\",\"logo\":{\"@type\":\"ImageObject\",\"inLanguage\":\"sk-SK\",\"@id\":\"https:\/\/vapecheap.eu\/#\/schema\/logo\/image\/\",\"url\":\"https:\/\/vapecheap.eu\/wp-content\/uploads\/2025\/10\/vapecheap-logo-small-1.png\",\"contentUrl\":\"https:\/\/vapecheap.eu\/wp-content\/uploads\/2025\/10\/vapecheap-logo-small-1.png\",\"width\":262,\"height\":250,\"caption\":\"Vapecheap.eu \u2014 Cheap Big Puff Vapes EU\"},\"image\":{\"@id\":\"https:\/\/vapecheap.eu\/#\/schema\/logo\/image\/\"}}]}<\/script>\n<!-- \/ Yoast SEO plugin. -->","yoast_head_json":{"title":"About us - VapeCheap.eu ~70,000 Big Puff Vapes from \u20ac39.90 - EU Delivery","robots":{"index":"index","follow":"follow","max-snippet":"max-snippet:-1","max-image-preview":"max-image-preview:large","max-video-preview":"max-video-preview:-1"},"canonical":"https:\/\/vapecheap.eu\/sk\/about-us\/","og_locale":"sk_SK","og_type":"article","og_title":"About us - VapeCheap.eu ~70,000 Big Puff Vapes from \u20ac39.90 - EU Delivery","og_description":"Who We Are VapeCheap.eu is a small European distributor built by people who smoked for years and decided to take a more responsible route. We don\u2019t do hype, and we&hellip;","og_url":"https:\/\/vapecheap.eu\/sk\/about-us\/","og_site_name":"VapeCheap.eu ~70,000 Big Puff Vapes from \u20ac39.90 - EU Delivery","article_modified_time":"2026-01-22T09:56:50+00:00","og_image":[{"width":262,"height":250,"url":"https:\/\/vapecheap.eu\/wp-content\/uploads\/2025\/10\/vapecheap-logo-small-1.png","type":"image\/png"}],"twitter_card":"summary_large_image","twitter_misc":{"Predpokladan\u00fd \u010das \u010d\u00edtania":"2 min\u00faty"},"schema":{"@context":"https:\/\/schema.org","@graph":[{"@type":"WebPage","@id":"https:\/\/vapecheap.eu\/about-us\/","url":"https:\/\/vapecheap.eu\/about-us\/","name":"About us - VapeCheap.eu ~70,000 Big Puff Vapes from \u20ac39.90 - EU Delivery","isPartOf":{"@id":"https:\/\/vapecheap.eu\/#website"},"primaryImageOfPage":{"@id":"https:\/\/vapecheap.eu\/about-us\/#primaryimage"},"image":{"@id":"https:\/\/vapecheap.eu\/about-us\/#primaryimage"},"thumbnailUrl":"https:\/\/vapecheap.eu\/wp-content\/uploads\/2025\/10\/vapecheap-logo-small-1-150x150.png","datePublished":"2025-10-29T20:49:48+00:00","dateModified":"2026-01-22T09:56:50+00:00","breadcrumb":{"@id":"https:\/\/vapecheap.eu\/about-us\/#breadcrumb"},"inLanguage":"sk-SK","potentialAction":[{"@type":"ReadAction","target":["https:\/\/vapecheap.eu\/about-us\/"]}]},{"@type":"ImageObject","inLanguage":"sk-SK","@id":"https:\/\/vapecheap.eu\/about-us\/#primaryimage","url":"https:\/\/vapecheap.eu\/wp-content\/uploads\/2025\/10\/vapecheap-logo-small-1-150x150.png","contentUrl":"https:\/\/vapecheap.eu\/wp-content\/uploads\/2025\/10\/vapecheap-logo-small-1-150x150.png"},{"@type":"BreadcrumbList","@id":"https:\/\/vapecheap.eu\/about-us\/#breadcrumb","itemListElement":[{"@type":"ListItem","position":1,"name":"Home","item":"https:\/\/vapecheap.eu\/"},{"@type":"ListItem","position":2,"name":"About us"}]},{"@type":"WebSite","@id":"https:\/\/vapecheap.eu\/#website","url":"https:\/\/vapecheap.eu\/","name":"Vapecheap.eu \u2014 Cheap Big Puff Vapes EU","description":"","publisher":{"@id":"https:\/\/vapecheap.eu\/#organization"},"potentialAction":[{"@type":"SearchAction","target":{"@type":"EntryPoint","urlTemplate":"https:\/\/vapecheap.eu\/?s={search_term_string}"},"query-input":{"@type":"PropertyValueSpecification","valueRequired":true,"valueName":"search_term_string"}}],"inLanguage":"sk-SK"},{"@type":"Organization","@id":"https:\/\/vapecheap.eu\/#organization","name":"Vapecheap.eu \u2014 Cheap Big Puff Vapes EU","url":"https:\/\/vapecheap.eu\/","logo":{"@type":"ImageObject","inLanguage":"sk-SK","@id":"https:\/\/vapecheap.eu\/#\/schema\/logo\/image\/","url":"https:\/\/vapecheap.eu\/wp-content\/uploads\/2025\/10\/vapecheap-logo-small-1.png","contentUrl":"https:\/\/vapecheap.eu\/wp-content\/uploads\/2025\/10\/vapecheap-logo-small-1.png","width":262,"height":250,"caption":"Vapecheap.eu \u2014 Cheap Big Puff Vapes EU"},"image":{"@id":"https:\/\/vapecheap.eu\/#\/schema\/logo\/image\/"}}]}},"_links":{"self":[{"href":"https:\/\/vapecheap.eu\/sk\/wp-json\/wp\/v2\/pages\/676","targetHints":{"allow":["GET"]}}],"collection":[{"href":"https:\/\/vapecheap.eu\/sk\/wp-json\/wp\/v2\/pages"}],"about":[{"href":"https:\/\/vapecheap.eu\/sk\/wp-json\/wp\/v2\/types\/page"}],"author":[{"embeddable":true,"href":"https:\/\/vapecheap.eu\/sk\/wp-json\/wp\/v2\/users\/1"}],"replies":[{"embeddable":true,"href":"https:\/\/vapecheap.eu\/sk\/wp-json\/wp\/v2\/comments?post=676"}],"version-history":[{"count":39,"href":"https:\/\/vapecheap.eu\/sk\/wp-json\/wp\/v2\/pages\/676\/revisions"}],"predecessor-version":[{"id":1362,"href":"https:\/\/vapecheap.eu\/sk\/wp-json\/wp\/v2\/pages\/676\/revisions\/1362"}],"wp:attachment":[{"href":"https:\/\/vapecheap.eu\/sk\/wp-json\/wp\/v2\/media?parent=676"}],"curies":[{"name":"wp","href":"https:\/\/api.w.org\/{rel}","templated":true}]}}