{"id":618,"date":"2025-10-29T15:53:18","date_gmt":"2025-10-29T15:53:18","guid":{"rendered":"https:\/\/vapecheap.eu\/?page_id=618"},"modified":"2025-11-04T19:18:12","modified_gmt":"2025-11-04T19:18:12","slug":"terms-and-conditions","status":"publish","type":"page","link":"https:\/\/vapecheap.eu\/sk\/terms-and-conditions\/","title":{"rendered":"Obchodn\u00e9 podmienky"},"content":{"rendered":"<div data-elementor-type=\"wp-page\" data-elementor-id=\"618\" class=\"elementor elementor-618\" data-elementor-post-type=\"page\">\n\t\t\t\t<div class=\"elementor-element elementor-element-af49f0a e-flex e-con-boxed sc_layouts_column_icons_position_left e-con e-parent\" data-id=\"af49f0a\" data-element_type=\"container\">\n\t\t\t\t\t<div class=\"e-con-inner\">\n\t\t\t\t<div class=\"elementor-element elementor-element-8062d17 sc_gradient_animation_none sc_fly_static elementor-widget elementor-widget-text-editor\" data-id=\"8062d17\" data-element_type=\"widget\" data-widget_type=\"text-editor.default\">\n\t\t\t\t\t\t\t\t\t<h4>Kto sme<img fetchpriority=\"high\" decoding=\"async\" class=\"size-medium wp-image-1019 alignright\" src=\"https:\/\/vapecheap.eu\/wp-content\/uploads\/2025\/11\/laboratoscientio-300x282.webp\" alt=\"\" width=\"300\" height=\"282\" srcset=\"https:\/\/vapecheap.eu\/wp-content\/uploads\/2025\/11\/laboratoscientio-300x282.webp 300w, https:\/\/vapecheap.eu\/wp-content\/uploads\/2025\/11\/laboratoscientio-13x12.webp 13w, https:\/\/vapecheap.eu\/wp-content\/uploads\/2025\/11\/laboratoscientio-370x348.webp 370w, https:\/\/vapecheap.eu\/wp-content\/uploads\/2025\/11\/laboratoscientio-410x385.webp 410w, https:\/\/vapecheap.eu\/wp-content\/uploads\/2025\/11\/laboratoscientio.webp 500w\" sizes=\"(max-width: 300px) 100vw, 300px\" \/><\/h4><p>Sci\u00e9ntio Laboratories spol. s r.o.<br \/>Tallerova 4, 811 02 Bratislava, Slovakia<br \/>Reg. under Company ID: 52053407<\/p><p>Effective date: 31.10.2025<\/p><p><strong>\u00dazemn\u00fd rozsah predaja<\/strong><\/p><p>Pred\u00e1vame a doru\u010dujeme v\u00fdrobky v\u00fdhradne z\u00e1kazn\u00edkom, ktor\u00ed sa nach\u00e1dzaj\u00fa v Eur\u00f3pskej \u00fanii (E\u00da) a Eur\u00f3pskom hospod\u00e1rskom priestore (EHP). Objedn\u00e1vky zadan\u00e9 mimo t\u00fdchto \u00fazem\u00ed nebud\u00fa spracovan\u00e9 ani vybaven\u00e9.<\/p><p>P\u00f4sob\u00edme v\u00fdhradne ako predajca pod\u013ea z\u00e1kona \u010d. 250\/2007 Z. z. o ochrane spotrebite\u013ea a smernice 2011\/83\/E\u00da o pr\u00e1vach spotrebite\u013eov. V\u0161etky produkty poch\u00e1dzaj\u00fa od overen\u00fdch ve\u013ekoobchodn\u00fdch dod\u00e1vate\u013eov v E\u00da a s\u00fa skladovan\u00e9 na \u00fazem\u00ed E\u00da. Nevyr\u00e1bame ani neimportujeme tovar.<\/p><div class=\"disclaimer\"><p>V\u0161etky popisy produktov, marketingov\u00e9 \u00fadaje, obr\u00e1zky, technick\u00e9 \u0161pecifik\u00e1cie a \u00fadaje o v\u00fdkone s\u00fa poskytovan\u00e9 priamo z ofici\u00e1lnej technickej dokument\u00e1cie v\u00fdrobcu. Spolo\u010dnos\u0165 Sci\u00e9ntio nevykon\u00e1va nez\u00e1visl\u00e9 overenie a nezodpoved\u00e1 za pr\u00edpadn\u00e9 nepresnosti. Dodr\u017eiavanie nariaden\u00ed TPD, CE, CLP, RoHS, GPSR a v\u0161etk\u00fdch \u010fal\u0161\u00edch bezpe\u010dnostn\u00fdch predpisov E\u00da je v\u00fdhradnou zodpovednos\u0165ou dovozcu a v\u00fdrobcu v E\u00da. Spolo\u010dnos\u0165 Sci\u00e9ntio p\u00f4sob\u00ed v\u00fdhradne ako predajca a v tejto s\u00favislosti nenesie \u017eiadnu zodpovednos\u0165. Spolo\u010dnos\u0165 Sci\u00e9ntio Laboratories spol. s r.o. p\u00f4sob\u00ed v\u00fdhradne ako predajca a nenesie v tomto oh\u013eade \u017eiadnu zodpovednos\u0165.<\/p><\/div><h4>1. Produkty<\/h4><p>Pon\u00fakame zariadenia na vapovanie, e-liquidy a pr\u00edslu\u0161enstvo. V\u0161etky polo\u017eky s\u00fa vopred schv\u00e1len\u00e9 na predaj v E\u00da prostredn\u00edctvom autorizovan\u00fdch distrib\u00fatorov pod\u013ea:<\/p><ul><li>Directive 2014\/40\/EU (TPD)\u00a0\u2013 notified via EU-CEG<\/li><li>Regulation (EC) No 1907\/2006 (REACH)<\/li><li>Directive 2001\/95\/EC (GPSR)<\/li><li>Directive 2014\/30\/EU (EMC)<\/li><li>Directive 2011\/65\/EU (RoHS)<\/li><li>Regulation (EC) No 1272\/2008 (CLP)<\/li><\/ul><p>P\u00f4sob\u00edme v\u00fdhradne ako predajca.<\/p><h4>2. Overenie veku (18+)<\/h4><p>Produkty obsahuj\u00face nikot\u00edn sa pred\u00e1vaj\u00fa v\u00fdhradne osob\u00e1m star\u0161\u00edm ako 18 rokov. Overenie veku sa vykon\u00e1va pri doru\u010den\u00ed kuri\u00e9rom prostredn\u00edctvom platn\u00e9ho \u00faradne vydan\u00e9ho dokladu toto\u017enosti s fotografiou. Ak z\u00e1kazn\u00edk nepredlo\u017e\u00ed doklad toto\u017enosti, z\u00e1sielka nebude doru\u010den\u00e1 a bude automaticky vr\u00e1ten\u00e1 cel\u00e1 suma. Overenie veku pri doru\u010den\u00ed prebieha pod\u013ea z\u00e1kona \u010d. 377\/2004 Z. z. o ochrane nefaj\u010diarov a \u010dl. 20 smernice TPD.<\/p><h4>3. Ceny a platby<\/h4><p>V\u0161etky ceny s\u00fa uveden\u00e9 v eur\u00e1ch (\u20ac) a zah\u0155\u0148aj\u00fa pr\u00edslu\u0161n\u00fa DPH. Z\u00e1kon \u010d. 222\/2004 Z. z. o DPH. Bezpe\u010dn\u00e9 platby s\u00fa spracov\u00e1van\u00e9 prostredn\u00edctvom Stripe alebo PayPal v s\u00falade so \u0161tandardmi PCI-DSS.<\/p><h4>4. Doru\u010denie<\/h4><p>Objedn\u00e1vky s\u00fa odosielan\u00e9 zo skladov E\u00da do 1\u20133 pracovn\u00fdch dn\u00ed. Doru\u010denie na Slovensku prebieha do 1\u20135 dn\u00ed prostredn\u00edctvom Packeta alebo GLS\/DHL a je plne sledovate\u013en\u00e9.<\/p><h4>5. Vr\u00e1tenie tovaru a vr\u00e1tenie pe\u0148az\u00ed<\/h4><table><tbody><tr><th>Product Type<\/th><th>Sealed \/ Unopened<\/th><th>Opened \/ Used<\/th><\/tr><tr><td>Nicotine Products<\/td><td>Eligible within 14 days<\/td><td>Not eligible (TPD Art. 20(5) \u2013 hygiene)<\/td><\/tr><tr><td>Accessories &amp; Non-Nicotine<\/td><td>Eligible within 14 days<\/td><td>Eligible within 14 days<\/td><\/tr><\/tbody><\/table><p>Vr\u00e1tenie tovaru si vy\u017eaduje predch\u00e1dzaj\u00face ozn\u00e1menie e-mailom. Bude poskytnut predplaten\u00fd \u0161t\u00edtok na vr\u00e1tenie. Vr\u00e1tenie pe\u0148az\u00ed sa sprac\u00fava do 48 hod\u00edn od prevzatia a kontroly z\u00e1sielky.<\/p><p class=\"translation-block\"><strong>Pr\u00e1vo spotrebite\u013ea na odst\u00fapenie od zmluvy<\/strong><br>Pod\u013ea \u010dl\u00e1nkov 9 a\u017e 16 smernice 2011\/83\/E\u00da o pr\u00e1vach spotrebite\u013eov a \u00a77 a nasl. z\u00e1kona \u010d. 102\/2014 Z. z. m\u00e1 spotrebite\u013e pr\u00e1vo odst\u00fapi\u0165 od zmluvy uzavretej na dia\u013eku do 14 dn\u00ed od prevzatia tovaru bez uvedenia d\u00f4vodu. Toto pr\u00e1vo sa nevz\u0165ahuje na zape\u010daten\u00e9 v\u00fdrobky, ktor\u00e9 nie je mo\u017en\u00e9 vr\u00e1ti\u0165 z d\u00f4vodu ochrany zdravia alebo hygieny po ich otvoren\u00ed, v s\u00falade s \u010dl\u00e1nkom 16 p\u00edsm. e) smernice 2011\/83\/E\u00da.<\/p><h4>6. Z\u00e1ruka<\/h4><p>V\u0161etky produkty podliehaj\u00fa 24-mesa\u010dnej z\u00e1konnej z\u00e1ruke E\u00da pod\u013ea smernice 1999\/44\/ES, ktor\u00fa uplat\u0148uje v\u00fdrobca. Spolo\u010dnos\u0165 Sci\u00e9ntio Laboratories spol. s r.o. nevykon\u00e1va opravy, poskytuje v\u00fdmenu.<\/p><h4>7. Zodpovednos\u0165<\/h4><p>Na\u0161a zodpovednos\u0165 je pr\u00edsne obmedzen\u00e1 na k\u00fapnu cenu produktu. Vylu\u010dujeme ak\u00fako\u013evek zodpovednos\u0165 za nepriame, n\u00e1sledn\u00e9 alebo n\u00e1hodn\u00e9 \u0161kody, zdravotn\u00e9 n\u00e1roky alebo nespr\u00e1vne pou\u017e\u00edvanie v\u00fdrobku, okrem pr\u00edpadov, ke\u010f to zakazuje z\u00e1v\u00e4zn\u00e9 pr\u00e1vo E\u00da. Zodpovednos\u0165 je obmedzen\u00e1 na k\u00fapnu cenu pod\u013ea \u00a7 420 Ob\u010dianskeho z\u00e1konn\u00edka.<\/p><h4>8. Ochrana osobn\u00fdch \u00fadajov<\/h4><p>Osobn\u00e9 \u00fadaje sprac\u00favame v plnom s\u00falade s nariaden\u00edm (E\u00da) 2016\/679 (GDPR) a z\u00e1konom \u010d. 18\/2018 Z. z. o ochrane osobn\u00fdch \u00fadajov. Zodpovedn\u00e1 osoba (DPO): privacy@vapecheap.eu\n\n\u00dadaje sa pou\u017e\u00edvaj\u00fa v\u00fdlu\u010dne na vybavenie objedn\u00e1vok, doru\u010denie a z\u00e1kazn\u00edcku podporu. V pr\u00edpade \u017eiadosti o pr\u00edstup, opravu alebo vymazanie \u00fadajov kontaktujte DPO na adrese privacy@vapecheap.eu<\/p><h4>9. Zdravotn\u00e9 varovanie<\/h4><p>UPOZORNENIE: Tento produkt obsahuje nikot\u00edn. Iba pre osoby star\u0161ie ako 18 rokov. TPD \u010dl. 20. Nikot\u00edn je vysoko n\u00e1vykov\u00e1 l\u00e1tka. Nie je ur\u010den\u00fd pre nefaj\u010diarov, malolet\u00fdch, tehotn\u00e9 alebo doj\u010diace \u017eeny a osoby s kardiovaskul\u00e1rnymi ochoreniami. Uchov\u00e1vajte mimo dosahu det\u00ed a zvierat.<\/p><h4>10. Rozhodn\u00e9 pr\u00e1vo<\/h4><p>Tieto podmienky sa riadia pr\u00e1vom Slovenskej republiky. Na spotrebite\u013eov z E\u00da sa vz\u0165ahuj\u00fa v\u0161etky povinn\u00e9 spotrebite\u013esk\u00e9 pr\u00e1va \u010dlensk\u00e9ho \u0161t\u00e1tu ich obvykl\u00e9ho pobytu pod\u013ea \u010dl\u00e1nku 6 nariadenia (ES) \u010d. 593\/2008 (R\u00edm I, \u010dl. 6).<\/p><h4>11. Kontakt<\/h4><table><tbody><tr><th>\u00da\u010del<\/th><th>Email<\/th><\/tr><tr><td>Objedn\u00e1vky a vr\u00e1tenie pe\u0148az\u00ed<\/td><td>support@vapecheap.eu<\/td><\/tr><tr><td>Ochrana s\u00fakromia a osobn\u00e9 \u00fadaje<\/td><td>privacy@vapecheap.eu<\/td><\/tr><tr><td>V\u0161eobecn\u00e9 ot\u00e1zky<\/td><td>support@vapecheap.eu<\/td><\/tr><\/tbody><\/table>\t\t\t\t\t\t\t\t<\/div>\n\t\t\t\t\t<\/div>\n\t\t\t\t<\/div>\n\t\t\t\t<\/div>","protected":false},"excerpt":{"rendered":"<p>Who We Are Sci\u00e9ntio Laboratories spol. s r.o.Tallerova 4, 811 02 Bratislava, SlovakiaReg. under Company ID: 52053407 Effective date: 31.10.2025 Territorial Scope of Sale We sell and deliver products exclusively&hellip;<\/p>","protected":false},"author":1,"featured_media":0,"parent":0,"menu_order":0,"comment_status":"closed","ping_status":"closed","template":"","meta":{"footnotes":""},"class_list":["post-618","page","type-page","status-publish","hentry"],"yoast_head":"<!-- This site is optimized with the Yoast SEO plugin v26.6 - https:\/\/yoast.com\/wordpress\/plugins\/seo\/ -->\n<title>Terms and Conditions - VapeCheap.eu ~70,000 Big Puff Vapes from \u20ac39.90 - EU Delivery<\/title>\n<meta name=\"robots\" content=\"index, follow, max-snippet:-1, max-image-preview:large, max-video-preview:-1\" \/>\n<link rel=\"canonical\" href=\"https:\/\/vapecheap.eu\/sk\/terms-and-conditions\/\" \/>\n<meta property=\"og:locale\" content=\"sk_SK\" \/>\n<meta property=\"og:type\" content=\"article\" \/>\n<meta property=\"og:title\" content=\"Terms and Conditions - VapeCheap.eu ~70,000 Big Puff Vapes from \u20ac39.90 - EU Delivery\" \/>\n<meta property=\"og:description\" content=\"Who We Are Sci\u00e9ntio Laboratories spol. s r.o.Tallerova 4, 811 02 Bratislava, SlovakiaReg. under Company ID: 52053407 Effective date: 31.10.2025 Territorial Scope of Sale We sell and deliver products exclusively&hellip;\" \/>\n<meta property=\"og:url\" content=\"https:\/\/vapecheap.eu\/sk\/terms-and-conditions\/\" \/>\n<meta property=\"og:site_name\" content=\"VapeCheap.eu ~70,000 Big Puff Vapes from \u20ac39.90 - EU Delivery\" \/>\n<meta property=\"article:modified_time\" content=\"2025-11-04T19:18:12+00:00\" \/>\n<meta property=\"og:image\" content=\"https:\/\/vapecheap.eu\/wp-content\/uploads\/2025\/11\/laboratoscientio.webp\" \/>\n\t<meta property=\"og:image:width\" content=\"500\" \/>\n\t<meta property=\"og:image:height\" content=\"470\" \/>\n\t<meta property=\"og:image:type\" content=\"image\/webp\" \/>\n<meta name=\"twitter:card\" content=\"summary_large_image\" \/>\n<meta name=\"twitter:label1\" content=\"Predpokladan\u00fd \u010das \u010d\u00edtania\" \/>\n\t<meta name=\"twitter:data1\" content=\"4 min\u00faty\" \/>\n<script type=\"application\/ld+json\" class=\"yoast-schema-graph\">{\"@context\":\"https:\/\/schema.org\",\"@graph\":[{\"@type\":\"WebPage\",\"@id\":\"https:\/\/vapecheap.eu\/terms-and-conditions\/\",\"url\":\"https:\/\/vapecheap.eu\/terms-and-conditions\/\",\"name\":\"Terms and Conditions - VapeCheap.eu ~70,000 Big Puff Vapes from \u20ac39.90 - EU Delivery\",\"isPartOf\":{\"@id\":\"https:\/\/vapecheap.eu\/#website\"},\"primaryImageOfPage\":{\"@id\":\"https:\/\/vapecheap.eu\/terms-and-conditions\/#primaryimage\"},\"image\":{\"@id\":\"https:\/\/vapecheap.eu\/terms-and-conditions\/#primaryimage\"},\"thumbnailUrl\":\"https:\/\/vapecheap.eu\/wp-content\/uploads\/2025\/11\/laboratoscientio-300x282.webp\",\"datePublished\":\"2025-10-29T15:53:18+00:00\",\"dateModified\":\"2025-11-04T19:18:12+00:00\",\"breadcrumb\":{\"@id\":\"https:\/\/vapecheap.eu\/terms-and-conditions\/#breadcrumb\"},\"inLanguage\":\"sk-SK\",\"potentialAction\":[{\"@type\":\"ReadAction\",\"target\":[\"https:\/\/vapecheap.eu\/terms-and-conditions\/\"]}]},{\"@type\":\"ImageObject\",\"inLanguage\":\"sk-SK\",\"@id\":\"https:\/\/vapecheap.eu\/terms-and-conditions\/#primaryimage\",\"url\":\"https:\/\/vapecheap.eu\/wp-content\/uploads\/2025\/11\/laboratoscientio-300x282.webp\",\"contentUrl\":\"https:\/\/vapecheap.eu\/wp-content\/uploads\/2025\/11\/laboratoscientio-300x282.webp\"},{\"@type\":\"BreadcrumbList\",\"@id\":\"https:\/\/vapecheap.eu\/terms-and-conditions\/#breadcrumb\",\"itemListElement\":[{\"@type\":\"ListItem\",\"position\":1,\"name\":\"Home\",\"item\":\"https:\/\/vapecheap.eu\/\"},{\"@type\":\"ListItem\",\"position\":2,\"name\":\"Terms and Conditions\"}]},{\"@type\":\"WebSite\",\"@id\":\"https:\/\/vapecheap.eu\/#website\",\"url\":\"https:\/\/vapecheap.eu\/\",\"name\":\"Vapecheap.eu \u2014 Cheap Big Puff Vapes EU\",\"description\":\"\",\"publisher\":{\"@id\":\"https:\/\/vapecheap.eu\/#organization\"},\"potentialAction\":[{\"@type\":\"SearchAction\",\"target\":{\"@type\":\"EntryPoint\",\"urlTemplate\":\"https:\/\/vapecheap.eu\/?s={search_term_string}\"},\"query-input\":{\"@type\":\"PropertyValueSpecification\",\"valueRequired\":true,\"valueName\":\"search_term_string\"}}],\"inLanguage\":\"sk-SK\"},{\"@type\":\"Organization\",\"@id\":\"https:\/\/vapecheap.eu\/#organization\",\"name\":\"Vapecheap.eu \u2014 Cheap Big Puff Vapes EU\",\"url\":\"https:\/\/vapecheap.eu\/\",\"logo\":{\"@type\":\"ImageObject\",\"inLanguage\":\"sk-SK\",\"@id\":\"https:\/\/vapecheap.eu\/#\/schema\/logo\/image\/\",\"url\":\"https:\/\/vapecheap.eu\/wp-content\/uploads\/2025\/10\/vapecheap-logo-small-1.png\",\"contentUrl\":\"https:\/\/vapecheap.eu\/wp-content\/uploads\/2025\/10\/vapecheap-logo-small-1.png\",\"width\":262,\"height\":250,\"caption\":\"Vapecheap.eu \u2014 Cheap Big Puff Vapes EU\"},\"image\":{\"@id\":\"https:\/\/vapecheap.eu\/#\/schema\/logo\/image\/\"}}]}<\/script>\n<!-- \/ Yoast SEO plugin. -->","yoast_head_json":{"title":"Terms and Conditions - VapeCheap.eu ~70,000 Big Puff Vapes from \u20ac39.90 - EU Delivery","robots":{"index":"index","follow":"follow","max-snippet":"max-snippet:-1","max-image-preview":"max-image-preview:large","max-video-preview":"max-video-preview:-1"},"canonical":"https:\/\/vapecheap.eu\/sk\/terms-and-conditions\/","og_locale":"sk_SK","og_type":"article","og_title":"Terms and Conditions - VapeCheap.eu ~70,000 Big Puff Vapes from \u20ac39.90 - EU Delivery","og_description":"Who We Are Sci\u00e9ntio Laboratories spol. s r.o.Tallerova 4, 811 02 Bratislava, SlovakiaReg. under Company ID: 52053407 Effective date: 31.10.2025 Territorial Scope of Sale We sell and deliver products exclusively&hellip;","og_url":"https:\/\/vapecheap.eu\/sk\/terms-and-conditions\/","og_site_name":"VapeCheap.eu ~70,000 Big Puff Vapes from \u20ac39.90 - EU Delivery","article_modified_time":"2025-11-04T19:18:12+00:00","og_image":[{"width":500,"height":470,"url":"https:\/\/vapecheap.eu\/wp-content\/uploads\/2025\/11\/laboratoscientio.webp","type":"image\/webp"}],"twitter_card":"summary_large_image","twitter_misc":{"Predpokladan\u00fd \u010das \u010d\u00edtania":"4 min\u00faty"},"schema":{"@context":"https:\/\/schema.org","@graph":[{"@type":"WebPage","@id":"https:\/\/vapecheap.eu\/terms-and-conditions\/","url":"https:\/\/vapecheap.eu\/terms-and-conditions\/","name":"Terms and Conditions - VapeCheap.eu ~70,000 Big Puff Vapes from \u20ac39.90 - EU Delivery","isPartOf":{"@id":"https:\/\/vapecheap.eu\/#website"},"primaryImageOfPage":{"@id":"https:\/\/vapecheap.eu\/terms-and-conditions\/#primaryimage"},"image":{"@id":"https:\/\/vapecheap.eu\/terms-and-conditions\/#primaryimage"},"thumbnailUrl":"https:\/\/vapecheap.eu\/wp-content\/uploads\/2025\/11\/laboratoscientio-300x282.webp","datePublished":"2025-10-29T15:53:18+00:00","dateModified":"2025-11-04T19:18:12+00:00","breadcrumb":{"@id":"https:\/\/vapecheap.eu\/terms-and-conditions\/#breadcrumb"},"inLanguage":"sk-SK","potentialAction":[{"@type":"ReadAction","target":["https:\/\/vapecheap.eu\/terms-and-conditions\/"]}]},{"@type":"ImageObject","inLanguage":"sk-SK","@id":"https:\/\/vapecheap.eu\/terms-and-conditions\/#primaryimage","url":"https:\/\/vapecheap.eu\/wp-content\/uploads\/2025\/11\/laboratoscientio-300x282.webp","contentUrl":"https:\/\/vapecheap.eu\/wp-content\/uploads\/2025\/11\/laboratoscientio-300x282.webp"},{"@type":"BreadcrumbList","@id":"https:\/\/vapecheap.eu\/terms-and-conditions\/#breadcrumb","itemListElement":[{"@type":"ListItem","position":1,"name":"Home","item":"https:\/\/vapecheap.eu\/"},{"@type":"ListItem","position":2,"name":"Terms and Conditions"}]},{"@type":"WebSite","@id":"https:\/\/vapecheap.eu\/#website","url":"https:\/\/vapecheap.eu\/","name":"Vapecheap.eu \u2014 Cheap Big Puff Vapes EU","description":"","publisher":{"@id":"https:\/\/vapecheap.eu\/#organization"},"potentialAction":[{"@type":"SearchAction","target":{"@type":"EntryPoint","urlTemplate":"https:\/\/vapecheap.eu\/?s={search_term_string}"},"query-input":{"@type":"PropertyValueSpecification","valueRequired":true,"valueName":"search_term_string"}}],"inLanguage":"sk-SK"},{"@type":"Organization","@id":"https:\/\/vapecheap.eu\/#organization","name":"Vapecheap.eu \u2014 Cheap Big Puff Vapes EU","url":"https:\/\/vapecheap.eu\/","logo":{"@type":"ImageObject","inLanguage":"sk-SK","@id":"https:\/\/vapecheap.eu\/#\/schema\/logo\/image\/","url":"https:\/\/vapecheap.eu\/wp-content\/uploads\/2025\/10\/vapecheap-logo-small-1.png","contentUrl":"https:\/\/vapecheap.eu\/wp-content\/uploads\/2025\/10\/vapecheap-logo-small-1.png","width":262,"height":250,"caption":"Vapecheap.eu \u2014 Cheap Big Puff Vapes EU"},"image":{"@id":"https:\/\/vapecheap.eu\/#\/schema\/logo\/image\/"}}]}},"_links":{"self":[{"href":"https:\/\/vapecheap.eu\/sk\/wp-json\/wp\/v2\/pages\/618","targetHints":{"allow":["GET"]}}],"collection":[{"href":"https:\/\/vapecheap.eu\/sk\/wp-json\/wp\/v2\/pages"}],"about":[{"href":"https:\/\/vapecheap.eu\/sk\/wp-json\/wp\/v2\/types\/page"}],"author":[{"embeddable":true,"href":"https:\/\/vapecheap.eu\/sk\/wp-json\/wp\/v2\/users\/1"}],"replies":[{"embeddable":true,"href":"https:\/\/vapecheap.eu\/sk\/wp-json\/wp\/v2\/comments?post=618"}],"version-history":[{"count":74,"href":"https:\/\/vapecheap.eu\/sk\/wp-json\/wp\/v2\/pages\/618\/revisions"}],"predecessor-version":[{"id":1219,"href":"https:\/\/vapecheap.eu\/sk\/wp-json\/wp\/v2\/pages\/618\/revisions\/1219"}],"wp:attachment":[{"href":"https:\/\/vapecheap.eu\/sk\/wp-json\/wp\/v2\/media?parent=618"}],"curies":[{"name":"wp","href":"https:\/\/api.w.org\/{rel}","templated":true}]}}