{"id":752,"date":"2025-10-30T14:30:36","date_gmt":"2025-10-30T14:30:36","guid":{"rendered":"https:\/\/vapecheap.eu\/?page_id=752"},"modified":"2026-01-31T20:56:48","modified_gmt":"2026-01-31T20:56:48","slug":"contact","status":"publish","type":"page","link":"https:\/\/vapecheap.eu\/ro\/contact\/","title":{"rendered":"Contact"},"content":{"rendered":"<div data-elementor-type=\"wp-page\" data-elementor-id=\"752\" class=\"elementor elementor-752\" data-elementor-post-type=\"page\">\n\t\t\t\t<div class=\"elementor-element elementor-element-28cc7146 e-con-full e-flex sc_layouts_column_icons_position_left e-con e-parent\" data-id=\"28cc7146\" data-element_type=\"container\">\n\t\t<div class=\"elementor-element elementor-element-5a8efae2 e-con-full e-flex sc_layouts_column_icons_position_left e-con e-child\" data-id=\"5a8efae2\" data-element_type=\"container\">\n\t\t\t\t<div class=\"elementor-element elementor-element-3318bf33 sc_fly_static elementor-widget elementor-widget-heading\" data-id=\"3318bf33\" data-element_type=\"widget\" data-widget_type=\"heading.default\">\n\t\t\t\t\t<h2 class=\"elementor-heading-title elementor-size-default\">Contact<\/h2>\t\t\t\t<\/div>\n\t\t\t\t<div class=\"elementor-element elementor-element-7ed545c6 sc_fly_static elementor-widget elementor-widget-text-editor\" data-id=\"7ed545c6\" data-element_type=\"widget\" data-widget_type=\"text-editor.default\">\n\t\t\t\t\t\t\t\t\tSuntem aici pentru a te ajuta cu orice \u00eentrebare legat\u0103 de comanda ta, livrare sau produsele noastre. Serviciul nostru de rela\u021bii cu clien\u021bii opereaz\u0103 exclusiv \u00een cadrul Uniunii Europene \u0219i r\u0103spunde \u00een termen de 24 de ore \u00een zilele lucr\u0103toare.\t\t\t\t\t\t\t\t<\/div>\n\t\t\t\t<\/div>\n\t\t<div class=\"elementor-element elementor-element-5136d16f e-con-full e-flex sc_layouts_column_icons_position_left e-con e-child\" data-id=\"5136d16f\" data-element_type=\"container\">\n\t\t\t\t<div class=\"elementor-element elementor-element-71c2eaa4 sc_fly_static elementor-widget elementor-widget-image\" data-id=\"71c2eaa4\" data-element_type=\"widget\" data-widget_type=\"image.default\">\n\t\t\t\t\t\t\t\t\t\t\t\t\t\t\t<img fetchpriority=\"high\" decoding=\"async\" width=\"1024\" height=\"1024\" src=\"https:\/\/vapecheap.eu\/wp-content\/uploads\/2025\/11\/contactus.webp\" class=\"attachment-large size-large wp-image-1240\" alt=\"\" srcset=\"https:\/\/vapecheap.eu\/wp-content\/uploads\/2025\/11\/contactus.webp 1024w, https:\/\/vapecheap.eu\/wp-content\/uploads\/2025\/11\/contactus-300x300.webp 300w, https:\/\/vapecheap.eu\/wp-content\/uploads\/2025\/11\/contactus-150x150.webp 150w, https:\/\/vapecheap.eu\/wp-content\/uploads\/2025\/11\/contactus-600x600.webp 600w, https:\/\/vapecheap.eu\/wp-content\/uploads\/2025\/11\/contactus-768x768.webp 768w, https:\/\/vapecheap.eu\/wp-content\/uploads\/2025\/11\/contactus-12x12.webp 12w, https:\/\/vapecheap.eu\/wp-content\/uploads\/2025\/11\/contactus-370x370.webp 370w, https:\/\/vapecheap.eu\/wp-content\/uploads\/2025\/11\/contactus-120x120.webp 120w, https:\/\/vapecheap.eu\/wp-content\/uploads\/2025\/11\/contactus-840x840.webp 840w, https:\/\/vapecheap.eu\/wp-content\/uploads\/2025\/11\/contactus-410x410.webp 410w\" sizes=\"(max-width: 1024px) 100vw, 1024px\" \/>\t\t\t\t\t\t\t\t\t\t\t\t\t\t\t<\/div>\n\t\t\t\t<\/div>\n\t\t\t\t<\/div>\n\t\t<div class=\"e-con-gap-no elementor-element elementor-element-422aa227 e-con-full e-flex sc_layouts_column_icons_position_left e-con e-parent\" data-id=\"422aa227\" data-element_type=\"container\" data-settings=\"{&quot;background_background&quot;:&quot;classic&quot;}\">\n\t\t<div class=\"elementor-element elementor-element-1f00c4cd e-con-full e-flex sc_layouts_column_icons_position_left e-con e-child\" data-id=\"1f00c4cd\" data-element_type=\"container\">\n\t\t\t\t<div class=\"elementor-element elementor-element-8586740 sc_fly_static elementor-widget elementor-widget-trx_sc_contact_form_7\" data-id=\"8586740\" data-element_type=\"widget\" data-widget_type=\"trx_sc_contact_form_7.default\">\n\t\t\t\t<div class=\"elementor-widget-container\">\n\t\t\t\t\t\n<div class=\"wpcf7 no-js\" id=\"wpcf7-f5-o1\" lang=\"en-US\" dir=\"ltr\" data-wpcf7-id=\"5\">\n<div class=\"screen-reader-response\"><p role=\"status\" aria-live=\"polite\" aria-atomic=\"true\"><\/p> <ul><\/ul><\/div>\n<form action=\"\/ro\/wp-json\/wp\/v2\/pages\/752#wpcf7-f5-o1\" method=\"post\" class=\"wpcf7-form init\" aria-label=\"Contact form\" novalidate=\"novalidate\" data-status=\"init\" data-trp-original-action=\"\/ro\/wp-json\/wp\/v2\/pages\/752#wpcf7-f5-o1\">\n<fieldset class=\"hidden-fields-container\"><input type=\"hidden\" name=\"_wpcf7\" value=\"5\" \/><input type=\"hidden\" name=\"_wpcf7_version\" value=\"6.1.4\" \/><input type=\"hidden\" name=\"_wpcf7_locale\" value=\"en_US\" \/><input type=\"hidden\" name=\"_wpcf7_unit_tag\" value=\"wpcf7-f5-o1\" \/><input type=\"hidden\" name=\"_wpcf7_container_post\" value=\"0\" \/><input type=\"hidden\" name=\"_wpcf7_posted_data_hash\" value=\"\" \/>\n<\/fieldset>\n<p><label> Your name<br \/>\n<span class=\"wpcf7-form-control-wrap\" data-name=\"your-name\"><input size=\"40\" maxlength=\"400\" class=\"wpcf7-form-control wpcf7-text wpcf7-validates-as-required\" autocomplete=\"name\" aria-required=\"true\" aria-invalid=\"false\" value=\"\" type=\"text\" name=\"your-name\" \/><\/span> <\/label>\n<\/p>\n<p><label> Your email<br \/>\n<span class=\"wpcf7-form-control-wrap\" data-name=\"your-email\"><input size=\"40\" maxlength=\"400\" class=\"wpcf7-form-control wpcf7-email wpcf7-validates-as-required wpcf7-text wpcf7-validates-as-email\" autocomplete=\"email\" aria-required=\"true\" aria-invalid=\"false\" value=\"\" type=\"email\" name=\"your-email\" \/><\/span> <\/label>\n<\/p>\n<p><label> Subject<br \/>\n<span class=\"wpcf7-form-control-wrap\" data-name=\"your-subject\"><input size=\"40\" maxlength=\"400\" class=\"wpcf7-form-control wpcf7-text wpcf7-validates-as-required\" aria-required=\"true\" aria-invalid=\"false\" value=\"\" type=\"text\" name=\"your-subject\" \/><\/span> <\/label>\n<\/p>\n<p><label> Your message (optional)<br \/>\n<span class=\"wpcf7-form-control-wrap\" data-name=\"your-message\"><textarea cols=\"40\" rows=\"10\" maxlength=\"2000\" class=\"wpcf7-form-control wpcf7-textarea\" aria-invalid=\"false\" name=\"your-message\"><\/textarea><\/span> <\/label>\n<\/p>\n<p><input class=\"wpcf7-form-control wpcf7-submit has-spinner\" type=\"submit\" value=\"Submit\" \/>\n<\/p><div class=\"wpcf7-response-output\" aria-hidden=\"true\"><\/div>\n<input type=\"hidden\" name=\"trp-form-language\" value=\"ro\"\/><\/form>\n<\/div>\n\t\t\t\t<\/div>\n\t\t\t\t<\/div>\n\t\t\t\t<\/div>\n\t\t<div class=\"elementor-element elementor-element-2afa4cd6 e-con-full e-flex sc_layouts_column_icons_position_left e-con e-child\" data-id=\"2afa4cd6\" data-element_type=\"container\">\n\t\t\t\t<div class=\"elementor-element elementor-element-ceb4ad3 sc_fly_static elementor-widget elementor-widget-text-editor\" data-id=\"ceb4ad3\" data-element_type=\"widget\" data-widget_type=\"text-editor.default\">\n\t\t\t\t\t\t\t\t\t<h3 data-start=\"726\" data-end=\"749\">Get in Touch<\/h3><p data-start=\"751\" data-end=\"921\">Email (Support): <a rel=\"noopener\" data-start=\"772\" data-end=\"821\">orders@vapecheap.eu<\/a><br data-start=\"821\" data-end=\"824\" \/>Phone (EU Support): +420 735 880 074<br data-start=\"864\" data-end=\"867\" \/>Office Hours: Monday \u2013 Friday, 09:00 \u2013 17:00 (CET)<\/p><p data-start=\"923\" data-end=\"954\">Use the contact form below for:<\/p><ul data-start=\"955\" data-end=\"1079\"><li data-start=\"955\" data-end=\"998\"><p data-start=\"957\" data-end=\"998\">Order confirmation or payment inquiries<\/p><\/li><li data-start=\"999\" data-end=\"1039\"><p data-start=\"1001\" data-end=\"1039\">Product information and replacements<\/p><\/li><li data-start=\"1040\" data-end=\"1079\"><p data-start=\"1042\" data-end=\"1079\">Age-verification or delivery issues<\/p><\/li><\/ul><blockquote data-start=\"1081\" data-end=\"1161\"><p data-start=\"1083\" data-end=\"1161\">Please include your order number (if available) to help us respond faster.<\/p><\/blockquote><h4 data-start=\"1168\" data-end=\"1214\">Registered Office (EU Legal Entity)<\/h4><p data-start=\"1216\" data-end=\"1493\">Sci\u00e9ntio Laboratories spol. s r.o.<br data-start=\"1254\" data-end=\"1257\" \/>Tallerova 4, 811 02 Bratislava, Slovakia<br data-start=\"1297\" data-end=\"1300\" \/>Company ID (I\u010cO): 52053407<br data-start=\"1326\" data-end=\"1329\" \/>Registered in the Commercial Register of the Slovak Republic<br data-start=\"1389\" data-end=\"1392\" \/>\ud83d\udcc4 <a href=\"https:\/\/sluzby.orsr.sk\/Subjekt\/447054?Sud=2&amp;culture=en#tab-1\" target=\"_new\" rel=\"noopener\" data-start=\"1395\" data-end=\"1493\">Verify Company Registration (ORSR)<\/a><\/p><h4 data-start=\"1500\" data-end=\"1529\">Legal &amp; Compliance<\/h4><p data-start=\"1531\" data-end=\"1594\">VapeCheap.eu is operated within the European Union under:<\/p><ul data-start=\"1595\" data-end=\"1755\"><li data-start=\"1595\" data-end=\"1638\"><p data-start=\"1597\" data-end=\"1638\">Directive 2011\/83\/EU on Consumer Rights<\/p><\/li><li data-start=\"1639\" data-end=\"1693\"><p data-start=\"1641\" data-end=\"1693\">Regulation (EU) 2016\/679 (GDPR) on data protection<\/p><\/li><\/ul><p data-start=\"1757\" data-end=\"1841\">All customer data and communications are handled securely in accordance with EU law.<\/p>\t\t\t\t\t\t\t\t<\/div>\n\t\t\t\t<\/div>\n\t\t\t\t<\/div>\n\t\t\t\t<\/div>","protected":false},"excerpt":{"rendered":"<p>Contact Us We\u2019re here to help with any questions about your order, delivery, or our products. Our customer service team operates entirely within the European Union and responds within 24&hellip;<\/p>","protected":false},"author":1,"featured_media":0,"parent":0,"menu_order":0,"comment_status":"closed","ping_status":"closed","template":"","meta":{"footnotes":""},"class_list":["post-752","page","type-page","status-publish","hentry"],"yoast_head":"<!-- This site is optimized with the Yoast SEO plugin v26.6 - https:\/\/yoast.com\/wordpress\/plugins\/seo\/ -->\n<title>Contact - VapeCheap.eu ~70,000 Big Puff Vapes from \u20ac39.90 - EU Delivery<\/title>\n<meta name=\"robots\" content=\"index, follow, max-snippet:-1, max-image-preview:large, max-video-preview:-1\" \/>\n<link rel=\"canonical\" href=\"https:\/\/vapecheap.eu\/ro\/contact\/\" \/>\n<meta property=\"og:locale\" content=\"ro_RO\" \/>\n<meta property=\"og:type\" content=\"article\" \/>\n<meta property=\"og:title\" content=\"Contact - VapeCheap.eu ~70,000 Big Puff Vapes from \u20ac39.90 - EU Delivery\" \/>\n<meta property=\"og:description\" content=\"Contact Us We\u2019re here to help with any questions about your order, delivery, or our products. Our customer service team operates entirely within the European Union and responds within 24&hellip;\" \/>\n<meta property=\"og:url\" content=\"https:\/\/vapecheap.eu\/ro\/contact\/\" \/>\n<meta property=\"og:site_name\" content=\"VapeCheap.eu ~70,000 Big Puff Vapes from \u20ac39.90 - EU Delivery\" \/>\n<meta property=\"article:modified_time\" content=\"2026-01-31T20:56:48+00:00\" \/>\n<meta property=\"og:image\" content=\"https:\/\/vapecheap.eu\/wp-content\/uploads\/2025\/11\/contactus.webp\" \/>\n\t<meta property=\"og:image:width\" content=\"1024\" \/>\n\t<meta property=\"og:image:height\" content=\"1024\" \/>\n\t<meta property=\"og:image:type\" content=\"image\/webp\" \/>\n<meta name=\"twitter:card\" content=\"summary_large_image\" \/>\n<meta name=\"twitter:label1\" content=\"Timp estimat pentru citire\" \/>\n\t<meta name=\"twitter:data1\" content=\"1 minut\" \/>\n<script type=\"application\/ld+json\" class=\"yoast-schema-graph\">{\"@context\":\"https:\/\/schema.org\",\"@graph\":[{\"@type\":\"WebPage\",\"@id\":\"https:\/\/vapecheap.eu\/contact\/\",\"url\":\"https:\/\/vapecheap.eu\/contact\/\",\"name\":\"Contact - VapeCheap.eu ~70,000 Big Puff Vapes from \u20ac39.90 - EU Delivery\",\"isPartOf\":{\"@id\":\"https:\/\/vapecheap.eu\/#website\"},\"primaryImageOfPage\":{\"@id\":\"https:\/\/vapecheap.eu\/contact\/#primaryimage\"},\"image\":{\"@id\":\"https:\/\/vapecheap.eu\/contact\/#primaryimage\"},\"thumbnailUrl\":\"https:\/\/vapecheap.eu\/wp-content\/uploads\/2025\/11\/contactus.webp\",\"datePublished\":\"2025-10-30T14:30:36+00:00\",\"dateModified\":\"2026-01-31T20:56:48+00:00\",\"breadcrumb\":{\"@id\":\"https:\/\/vapecheap.eu\/contact\/#breadcrumb\"},\"inLanguage\":\"ro-RO\",\"potentialAction\":[{\"@type\":\"ReadAction\",\"target\":[\"https:\/\/vapecheap.eu\/contact\/\"]}]},{\"@type\":\"ImageObject\",\"inLanguage\":\"ro-RO\",\"@id\":\"https:\/\/vapecheap.eu\/contact\/#primaryimage\",\"url\":\"https:\/\/vapecheap.eu\/wp-content\/uploads\/2025\/11\/contactus.webp\",\"contentUrl\":\"https:\/\/vapecheap.eu\/wp-content\/uploads\/2025\/11\/contactus.webp\"},{\"@type\":\"BreadcrumbList\",\"@id\":\"https:\/\/vapecheap.eu\/contact\/#breadcrumb\",\"itemListElement\":[{\"@type\":\"ListItem\",\"position\":1,\"name\":\"Home\",\"item\":\"https:\/\/vapecheap.eu\/\"},{\"@type\":\"ListItem\",\"position\":2,\"name\":\"Contact\"}]},{\"@type\":\"WebSite\",\"@id\":\"https:\/\/vapecheap.eu\/#website\",\"url\":\"https:\/\/vapecheap.eu\/\",\"name\":\"Vapecheap.eu \u2014 Cheap Big Puff Vapes EU\",\"description\":\"\",\"publisher\":{\"@id\":\"https:\/\/vapecheap.eu\/#organization\"},\"potentialAction\":[{\"@type\":\"SearchAction\",\"target\":{\"@type\":\"EntryPoint\",\"urlTemplate\":\"https:\/\/vapecheap.eu\/?s={search_term_string}\"},\"query-input\":{\"@type\":\"PropertyValueSpecification\",\"valueRequired\":true,\"valueName\":\"search_term_string\"}}],\"inLanguage\":\"ro-RO\"},{\"@type\":\"Organization\",\"@id\":\"https:\/\/vapecheap.eu\/#organization\",\"name\":\"Vapecheap.eu \u2014 Cheap Big Puff Vapes EU\",\"url\":\"https:\/\/vapecheap.eu\/\",\"logo\":{\"@type\":\"ImageObject\",\"inLanguage\":\"ro-RO\",\"@id\":\"https:\/\/vapecheap.eu\/#\/schema\/logo\/image\/\",\"url\":\"https:\/\/vapecheap.eu\/wp-content\/uploads\/2025\/10\/vapecheap-logo-small-1.png\",\"contentUrl\":\"https:\/\/vapecheap.eu\/wp-content\/uploads\/2025\/10\/vapecheap-logo-small-1.png\",\"width\":262,\"height\":250,\"caption\":\"Vapecheap.eu \u2014 Cheap Big Puff Vapes EU\"},\"image\":{\"@id\":\"https:\/\/vapecheap.eu\/#\/schema\/logo\/image\/\"}}]}<\/script>\n<!-- \/ Yoast SEO plugin. -->","yoast_head_json":{"title":"Contact - VapeCheap.eu ~70,000 Big Puff Vapes from \u20ac39.90 - EU Delivery","robots":{"index":"index","follow":"follow","max-snippet":"max-snippet:-1","max-image-preview":"max-image-preview:large","max-video-preview":"max-video-preview:-1"},"canonical":"https:\/\/vapecheap.eu\/ro\/contact\/","og_locale":"ro_RO","og_type":"article","og_title":"Contact - VapeCheap.eu ~70,000 Big Puff Vapes from \u20ac39.90 - EU Delivery","og_description":"Contact Us We\u2019re here to help with any questions about your order, delivery, or our products. Our customer service team operates entirely within the European Union and responds within 24&hellip;","og_url":"https:\/\/vapecheap.eu\/ro\/contact\/","og_site_name":"VapeCheap.eu ~70,000 Big Puff Vapes from \u20ac39.90 - EU Delivery","article_modified_time":"2026-01-31T20:56:48+00:00","og_image":[{"width":1024,"height":1024,"url":"https:\/\/vapecheap.eu\/wp-content\/uploads\/2025\/11\/contactus.webp","type":"image\/webp"}],"twitter_card":"summary_large_image","twitter_misc":{"Timp estimat pentru citire":"1 minut"},"schema":{"@context":"https:\/\/schema.org","@graph":[{"@type":"WebPage","@id":"https:\/\/vapecheap.eu\/contact\/","url":"https:\/\/vapecheap.eu\/contact\/","name":"Contact - VapeCheap.eu ~70,000 Big Puff Vapes from \u20ac39.90 - EU Delivery","isPartOf":{"@id":"https:\/\/vapecheap.eu\/#website"},"primaryImageOfPage":{"@id":"https:\/\/vapecheap.eu\/contact\/#primaryimage"},"image":{"@id":"https:\/\/vapecheap.eu\/contact\/#primaryimage"},"thumbnailUrl":"https:\/\/vapecheap.eu\/wp-content\/uploads\/2025\/11\/contactus.webp","datePublished":"2025-10-30T14:30:36+00:00","dateModified":"2026-01-31T20:56:48+00:00","breadcrumb":{"@id":"https:\/\/vapecheap.eu\/contact\/#breadcrumb"},"inLanguage":"ro-RO","potentialAction":[{"@type":"ReadAction","target":["https:\/\/vapecheap.eu\/contact\/"]}]},{"@type":"ImageObject","inLanguage":"ro-RO","@id":"https:\/\/vapecheap.eu\/contact\/#primaryimage","url":"https:\/\/vapecheap.eu\/wp-content\/uploads\/2025\/11\/contactus.webp","contentUrl":"https:\/\/vapecheap.eu\/wp-content\/uploads\/2025\/11\/contactus.webp"},{"@type":"BreadcrumbList","@id":"https:\/\/vapecheap.eu\/contact\/#breadcrumb","itemListElement":[{"@type":"ListItem","position":1,"name":"Home","item":"https:\/\/vapecheap.eu\/"},{"@type":"ListItem","position":2,"name":"Contact"}]},{"@type":"WebSite","@id":"https:\/\/vapecheap.eu\/#website","url":"https:\/\/vapecheap.eu\/","name":"Vapecheap.eu \u2014 Cheap Big Puff Vapes EU","description":"","publisher":{"@id":"https:\/\/vapecheap.eu\/#organization"},"potentialAction":[{"@type":"SearchAction","target":{"@type":"EntryPoint","urlTemplate":"https:\/\/vapecheap.eu\/?s={search_term_string}"},"query-input":{"@type":"PropertyValueSpecification","valueRequired":true,"valueName":"search_term_string"}}],"inLanguage":"ro-RO"},{"@type":"Organization","@id":"https:\/\/vapecheap.eu\/#organization","name":"Vapecheap.eu \u2014 Cheap Big Puff Vapes EU","url":"https:\/\/vapecheap.eu\/","logo":{"@type":"ImageObject","inLanguage":"ro-RO","@id":"https:\/\/vapecheap.eu\/#\/schema\/logo\/image\/","url":"https:\/\/vapecheap.eu\/wp-content\/uploads\/2025\/10\/vapecheap-logo-small-1.png","contentUrl":"https:\/\/vapecheap.eu\/wp-content\/uploads\/2025\/10\/vapecheap-logo-small-1.png","width":262,"height":250,"caption":"Vapecheap.eu \u2014 Cheap Big Puff Vapes EU"},"image":{"@id":"https:\/\/vapecheap.eu\/#\/schema\/logo\/image\/"}}]}},"_links":{"self":[{"href":"https:\/\/vapecheap.eu\/ro\/wp-json\/wp\/v2\/pages\/752","targetHints":{"allow":["GET"]}}],"collection":[{"href":"https:\/\/vapecheap.eu\/ro\/wp-json\/wp\/v2\/pages"}],"about":[{"href":"https:\/\/vapecheap.eu\/ro\/wp-json\/wp\/v2\/types\/page"}],"author":[{"embeddable":true,"href":"https:\/\/vapecheap.eu\/ro\/wp-json\/wp\/v2\/users\/1"}],"replies":[{"embeddable":true,"href":"https:\/\/vapecheap.eu\/ro\/wp-json\/wp\/v2\/comments?post=752"}],"version-history":[{"count":42,"href":"https:\/\/vapecheap.eu\/ro\/wp-json\/wp\/v2\/pages\/752\/revisions"}],"predecessor-version":[{"id":1375,"href":"https:\/\/vapecheap.eu\/ro\/wp-json\/wp\/v2\/pages\/752\/revisions\/1375"}],"wp:attachment":[{"href":"https:\/\/vapecheap.eu\/ro\/wp-json\/wp\/v2\/media?parent=752"}],"curies":[{"name":"wp","href":"https:\/\/api.w.org\/{rel}","templated":true}]}}