{"id":676,"date":"2025-10-29T20:49:48","date_gmt":"2025-10-29T20:49:48","guid":{"rendered":"https:\/\/vapecheap.eu\/?page_id=676"},"modified":"2026-01-22T09:56:50","modified_gmt":"2026-01-22T09:56:50","slug":"about-us","status":"publish","type":"page","link":"https:\/\/vapecheap.eu\/ro\/about-us\/","title":{"rendered":"Despre Noi"},"content":{"rendered":"<div data-elementor-type=\"wp-page\" data-elementor-id=\"676\" class=\"elementor elementor-676\" data-elementor-post-type=\"page\">\n\t\t\t\t<div class=\"elementor-element elementor-element-f88757d e-flex e-con-boxed sc_layouts_column_icons_position_left e-con e-parent\" data-id=\"f88757d\" data-element_type=\"container\">\n\t\t\t\t\t<div class=\"e-con-inner\">\n\t\t\t\t<div class=\"elementor-element elementor-element-61a7826 sc_gradient_animation_none sc_fly_static elementor-widget elementor-widget-text-editor\" data-id=\"61a7826\" data-element_type=\"widget\" data-widget_type=\"text-editor.default\">\n\t\t\t\t\t\t\t\t\t<h4>Cine suntem<\/h4><p>VapeCheap.eu este un mic distribuitor european creat de oameni care au fumat ani la r\u00e2nd \u0219i au decis s\u0103 urmeze o cale mai responsabil\u0103. Nu facem zgomot inutil \u0219i nu pretindem c\u0103 vapatul este lipsit de riscuri. Nicotina d\u0103 dependen\u021b\u0103. Vapatul implic\u0103 riscuri. Dar aprinderea tutunului \u0219i inhalarea fumului \u0219i a h\u00e2rtiei sunt mult mai nocive. Aceasta este adev\u0103rata simplitate care ne ghideaz\u0103 \u00een tot ceea ce facem.<\/p><h4>De ce exist\u0103m<\/h4><p>Scopul nostru este simplu: s\u0103 reducem daunele acolo unde ele exist\u0103. Ne concentr\u0103m pe sisteme de nicotin\u0103 f\u0103r\u0103 ardere, conforme cu TPD, care ajut\u0103 fum\u0103torii adul\u021bi s\u0103 evite substan\u021bele chimice generate de arderea tutunului. F\u0103r\u0103 promisiuni, f\u0103r\u0103 afirma\u021bii false despre s\u0103n\u0103tate \u2013 doar dispozitive verificate care respect\u0103 standardele de siguran\u021b\u0103 ale UE \u0219i livreaz\u0103 nicotina \u00eentr-un mod controlat \u0219i reglementat.<\/p><h4>\u00cen ceea ce credem<\/h4><ul><li>Reducerea riscurilor nu \u00eenseamn\u0103 perfec\u021biune. Este despre alegerea unui pericol mai mic, p\u00e2n\u0103 c\u00e2nd nu mai r\u0103m\u00e2ne niciunul.<\/li><li>Onestitatea conteaz\u0103 mai mult dec\u00e2t reclama. \u00ce\u021bi vom spune ce pot \u0219i ce nu pot face aceste produse.<\/li><li>F\u0103r\u0103 fum, f\u0103r\u0103 ardere. Aceasta este diferen\u021ba care conteaz\u0103. Scopul nostru nu este s\u0103 facem vapatul atr\u0103g\u0103tor, ci s\u0103 facem fumul inutil.<\/li><li>Responsabilitate fa\u021b\u0103 de mediu. Chiar \u0219i dispozitivele de unic\u0103 folosin\u021b\u0103 trebuie reciclate. Respect\u0103m standardele europene WEEE \u0219i de reciclare a bateriilor.<\/li><\/ul><h4>Promisiunea noastr\u0103<\/h4><p class=\"translation-block\">Nu \u00eencerc\u0103m s\u0103 vindem un stil de via\u021b\u0103. \u00cencerc\u0103m s\u0103 punem cap\u0103t efectelor nocive ale fumatului prin tehnologie \u0219i onestitate. Dac\u0103 e\u0219ti un adult care \u00eenc\u0103 fumeaz\u0103, \u00ee\u021bi oferim instrumente \u2013 nu miracole. Tot ce se afl\u0103 pe acest site are un singur scop: s\u0103 te ajute s\u0103 renun\u021bi treptat la \u021big\u0103rile clasice, o alegere pe r\u00e2nd.<\/p><blockquote><p>Asta suntem noi. F\u0103r\u0103 cuvinte goale, f\u0103r\u0103 un fals sentiment de siguran\u021b\u0103 \u2013 doar progres real spre eliminarea pericolelor fumului, printr-un design mai bun \u0219i informa\u021bii deschise.<\/p><\/blockquote> \t\t\t\t\t\t\t\t\t<\/div>\n\t\t\t\t<div class=\"elementor-element elementor-element-c1ce21e sc_fly_static elementor-widget elementor-widget-image\" data-id=\"c1ce21e\" data-element_type=\"widget\" data-widget_type=\"image.default\">\n\t\t\t\t\t\t\t\t\t\t\t\t\t\t\t<img decoding=\"async\" width=\"150\" height=\"150\" src=\"https:\/\/vapecheap.eu\/wp-content\/uploads\/2025\/10\/vapecheap-logo-small-1-150x150.png\" class=\"attachment-woocommerce_gallery_thumbnail size-woocommerce_gallery_thumbnail wp-image-63\" alt=\"\" srcset=\"https:\/\/vapecheap.eu\/wp-content\/uploads\/2025\/10\/vapecheap-logo-small-1-150x150.png 150w, https:\/\/vapecheap.eu\/wp-content\/uploads\/2025\/10\/vapecheap-logo-small-1-13x12.png 13w, https:\/\/vapecheap.eu\/wp-content\/uploads\/2025\/10\/vapecheap-logo-small-1-90x90.png 90w\" sizes=\"(max-width: 150px) 100vw, 150px\" \/>\t\t\t\t\t\t\t\t\t\t\t\t\t\t\t<\/div>\n\t\t\t\t\t<\/div>\n\t\t\t\t<\/div>\n\t\t\t\t<\/div>","protected":false},"excerpt":{"rendered":"<p>Who We Are VapeCheap.eu is a small European distributor built by people who smoked for years and decided to take a more responsible route. We don\u2019t do hype, and we&hellip;<\/p>","protected":false},"author":1,"featured_media":0,"parent":0,"menu_order":0,"comment_status":"closed","ping_status":"closed","template":"","meta":{"footnotes":""},"class_list":["post-676","page","type-page","status-publish","hentry"],"yoast_head":"<!-- This site is optimized with the Yoast SEO plugin v26.6 - https:\/\/yoast.com\/wordpress\/plugins\/seo\/ -->\n<title>About us - VapeCheap.eu ~70,000 Big Puff Vapes from \u20ac39.90 - EU Delivery<\/title>\n<meta name=\"robots\" content=\"index, follow, max-snippet:-1, max-image-preview:large, max-video-preview:-1\" \/>\n<link rel=\"canonical\" href=\"https:\/\/vapecheap.eu\/ro\/about-us\/\" \/>\n<meta property=\"og:locale\" content=\"ro_RO\" \/>\n<meta property=\"og:type\" content=\"article\" \/>\n<meta property=\"og:title\" content=\"About us - VapeCheap.eu ~70,000 Big Puff Vapes from \u20ac39.90 - EU Delivery\" \/>\n<meta property=\"og:description\" content=\"Who We Are VapeCheap.eu is a small European distributor built by people who smoked for years and decided to take a more responsible route. We don\u2019t do hype, and we&hellip;\" \/>\n<meta property=\"og:url\" content=\"https:\/\/vapecheap.eu\/ro\/about-us\/\" \/>\n<meta property=\"og:site_name\" content=\"VapeCheap.eu ~70,000 Big Puff Vapes from \u20ac39.90 - EU Delivery\" \/>\n<meta property=\"article:modified_time\" content=\"2026-01-22T09:56:50+00:00\" \/>\n<meta property=\"og:image\" content=\"https:\/\/vapecheap.eu\/wp-content\/uploads\/2025\/10\/vapecheap-logo-small-1.png\" \/>\n\t<meta property=\"og:image:width\" content=\"262\" \/>\n\t<meta property=\"og:image:height\" content=\"250\" \/>\n\t<meta property=\"og:image:type\" content=\"image\/png\" \/>\n<meta name=\"twitter:card\" content=\"summary_large_image\" \/>\n<meta name=\"twitter:label1\" content=\"Timp estimat pentru citire\" \/>\n\t<meta name=\"twitter:data1\" content=\"2 minute\" \/>\n<script type=\"application\/ld+json\" class=\"yoast-schema-graph\">{\"@context\":\"https:\/\/schema.org\",\"@graph\":[{\"@type\":\"WebPage\",\"@id\":\"https:\/\/vapecheap.eu\/about-us\/\",\"url\":\"https:\/\/vapecheap.eu\/about-us\/\",\"name\":\"About us - VapeCheap.eu ~70,000 Big Puff Vapes from \u20ac39.90 - EU Delivery\",\"isPartOf\":{\"@id\":\"https:\/\/vapecheap.eu\/#website\"},\"primaryImageOfPage\":{\"@id\":\"https:\/\/vapecheap.eu\/about-us\/#primaryimage\"},\"image\":{\"@id\":\"https:\/\/vapecheap.eu\/about-us\/#primaryimage\"},\"thumbnailUrl\":\"https:\/\/vapecheap.eu\/wp-content\/uploads\/2025\/10\/vapecheap-logo-small-1-150x150.png\",\"datePublished\":\"2025-10-29T20:49:48+00:00\",\"dateModified\":\"2026-01-22T09:56:50+00:00\",\"breadcrumb\":{\"@id\":\"https:\/\/vapecheap.eu\/about-us\/#breadcrumb\"},\"inLanguage\":\"ro-RO\",\"potentialAction\":[{\"@type\":\"ReadAction\",\"target\":[\"https:\/\/vapecheap.eu\/about-us\/\"]}]},{\"@type\":\"ImageObject\",\"inLanguage\":\"ro-RO\",\"@id\":\"https:\/\/vapecheap.eu\/about-us\/#primaryimage\",\"url\":\"https:\/\/vapecheap.eu\/wp-content\/uploads\/2025\/10\/vapecheap-logo-small-1-150x150.png\",\"contentUrl\":\"https:\/\/vapecheap.eu\/wp-content\/uploads\/2025\/10\/vapecheap-logo-small-1-150x150.png\"},{\"@type\":\"BreadcrumbList\",\"@id\":\"https:\/\/vapecheap.eu\/about-us\/#breadcrumb\",\"itemListElement\":[{\"@type\":\"ListItem\",\"position\":1,\"name\":\"Home\",\"item\":\"https:\/\/vapecheap.eu\/\"},{\"@type\":\"ListItem\",\"position\":2,\"name\":\"About us\"}]},{\"@type\":\"WebSite\",\"@id\":\"https:\/\/vapecheap.eu\/#website\",\"url\":\"https:\/\/vapecheap.eu\/\",\"name\":\"Vapecheap.eu \u2014 Cheap Big Puff Vapes EU\",\"description\":\"\",\"publisher\":{\"@id\":\"https:\/\/vapecheap.eu\/#organization\"},\"potentialAction\":[{\"@type\":\"SearchAction\",\"target\":{\"@type\":\"EntryPoint\",\"urlTemplate\":\"https:\/\/vapecheap.eu\/?s={search_term_string}\"},\"query-input\":{\"@type\":\"PropertyValueSpecification\",\"valueRequired\":true,\"valueName\":\"search_term_string\"}}],\"inLanguage\":\"ro-RO\"},{\"@type\":\"Organization\",\"@id\":\"https:\/\/vapecheap.eu\/#organization\",\"name\":\"Vapecheap.eu \u2014 Cheap Big Puff Vapes EU\",\"url\":\"https:\/\/vapecheap.eu\/\",\"logo\":{\"@type\":\"ImageObject\",\"inLanguage\":\"ro-RO\",\"@id\":\"https:\/\/vapecheap.eu\/#\/schema\/logo\/image\/\",\"url\":\"https:\/\/vapecheap.eu\/wp-content\/uploads\/2025\/10\/vapecheap-logo-small-1.png\",\"contentUrl\":\"https:\/\/vapecheap.eu\/wp-content\/uploads\/2025\/10\/vapecheap-logo-small-1.png\",\"width\":262,\"height\":250,\"caption\":\"Vapecheap.eu \u2014 Cheap Big Puff Vapes EU\"},\"image\":{\"@id\":\"https:\/\/vapecheap.eu\/#\/schema\/logo\/image\/\"}}]}<\/script>\n<!-- \/ Yoast SEO plugin. -->","yoast_head_json":{"title":"About us - VapeCheap.eu ~70,000 Big Puff Vapes from \u20ac39.90 - EU Delivery","robots":{"index":"index","follow":"follow","max-snippet":"max-snippet:-1","max-image-preview":"max-image-preview:large","max-video-preview":"max-video-preview:-1"},"canonical":"https:\/\/vapecheap.eu\/ro\/about-us\/","og_locale":"ro_RO","og_type":"article","og_title":"About us - VapeCheap.eu ~70,000 Big Puff Vapes from \u20ac39.90 - EU Delivery","og_description":"Who We Are VapeCheap.eu is a small European distributor built by people who smoked for years and decided to take a more responsible route. We don\u2019t do hype, and we&hellip;","og_url":"https:\/\/vapecheap.eu\/ro\/about-us\/","og_site_name":"VapeCheap.eu ~70,000 Big Puff Vapes from \u20ac39.90 - EU Delivery","article_modified_time":"2026-01-22T09:56:50+00:00","og_image":[{"width":262,"height":250,"url":"https:\/\/vapecheap.eu\/wp-content\/uploads\/2025\/10\/vapecheap-logo-small-1.png","type":"image\/png"}],"twitter_card":"summary_large_image","twitter_misc":{"Timp estimat pentru citire":"2 minute"},"schema":{"@context":"https:\/\/schema.org","@graph":[{"@type":"WebPage","@id":"https:\/\/vapecheap.eu\/about-us\/","url":"https:\/\/vapecheap.eu\/about-us\/","name":"About us - VapeCheap.eu ~70,000 Big Puff Vapes from \u20ac39.90 - EU Delivery","isPartOf":{"@id":"https:\/\/vapecheap.eu\/#website"},"primaryImageOfPage":{"@id":"https:\/\/vapecheap.eu\/about-us\/#primaryimage"},"image":{"@id":"https:\/\/vapecheap.eu\/about-us\/#primaryimage"},"thumbnailUrl":"https:\/\/vapecheap.eu\/wp-content\/uploads\/2025\/10\/vapecheap-logo-small-1-150x150.png","datePublished":"2025-10-29T20:49:48+00:00","dateModified":"2026-01-22T09:56:50+00:00","breadcrumb":{"@id":"https:\/\/vapecheap.eu\/about-us\/#breadcrumb"},"inLanguage":"ro-RO","potentialAction":[{"@type":"ReadAction","target":["https:\/\/vapecheap.eu\/about-us\/"]}]},{"@type":"ImageObject","inLanguage":"ro-RO","@id":"https:\/\/vapecheap.eu\/about-us\/#primaryimage","url":"https:\/\/vapecheap.eu\/wp-content\/uploads\/2025\/10\/vapecheap-logo-small-1-150x150.png","contentUrl":"https:\/\/vapecheap.eu\/wp-content\/uploads\/2025\/10\/vapecheap-logo-small-1-150x150.png"},{"@type":"BreadcrumbList","@id":"https:\/\/vapecheap.eu\/about-us\/#breadcrumb","itemListElement":[{"@type":"ListItem","position":1,"name":"Home","item":"https:\/\/vapecheap.eu\/"},{"@type":"ListItem","position":2,"name":"About us"}]},{"@type":"WebSite","@id":"https:\/\/vapecheap.eu\/#website","url":"https:\/\/vapecheap.eu\/","name":"Vapecheap.eu \u2014 Cheap Big Puff Vapes EU","description":"","publisher":{"@id":"https:\/\/vapecheap.eu\/#organization"},"potentialAction":[{"@type":"SearchAction","target":{"@type":"EntryPoint","urlTemplate":"https:\/\/vapecheap.eu\/?s={search_term_string}"},"query-input":{"@type":"PropertyValueSpecification","valueRequired":true,"valueName":"search_term_string"}}],"inLanguage":"ro-RO"},{"@type":"Organization","@id":"https:\/\/vapecheap.eu\/#organization","name":"Vapecheap.eu \u2014 Cheap Big Puff Vapes EU","url":"https:\/\/vapecheap.eu\/","logo":{"@type":"ImageObject","inLanguage":"ro-RO","@id":"https:\/\/vapecheap.eu\/#\/schema\/logo\/image\/","url":"https:\/\/vapecheap.eu\/wp-content\/uploads\/2025\/10\/vapecheap-logo-small-1.png","contentUrl":"https:\/\/vapecheap.eu\/wp-content\/uploads\/2025\/10\/vapecheap-logo-small-1.png","width":262,"height":250,"caption":"Vapecheap.eu \u2014 Cheap Big Puff Vapes EU"},"image":{"@id":"https:\/\/vapecheap.eu\/#\/schema\/logo\/image\/"}}]}},"_links":{"self":[{"href":"https:\/\/vapecheap.eu\/ro\/wp-json\/wp\/v2\/pages\/676","targetHints":{"allow":["GET"]}}],"collection":[{"href":"https:\/\/vapecheap.eu\/ro\/wp-json\/wp\/v2\/pages"}],"about":[{"href":"https:\/\/vapecheap.eu\/ro\/wp-json\/wp\/v2\/types\/page"}],"author":[{"embeddable":true,"href":"https:\/\/vapecheap.eu\/ro\/wp-json\/wp\/v2\/users\/1"}],"replies":[{"embeddable":true,"href":"https:\/\/vapecheap.eu\/ro\/wp-json\/wp\/v2\/comments?post=676"}],"version-history":[{"count":39,"href":"https:\/\/vapecheap.eu\/ro\/wp-json\/wp\/v2\/pages\/676\/revisions"}],"predecessor-version":[{"id":1362,"href":"https:\/\/vapecheap.eu\/ro\/wp-json\/wp\/v2\/pages\/676\/revisions\/1362"}],"wp:attachment":[{"href":"https:\/\/vapecheap.eu\/ro\/wp-json\/wp\/v2\/media?parent=676"}],"curies":[{"name":"wp","href":"https:\/\/api.w.org\/{rel}","templated":true}]}}