{"id":612,"date":"2025-10-29T09:18:23","date_gmt":"2025-10-29T09:18:23","guid":{"rendered":"https:\/\/vapecheap.eu\/?post_type=product&#038;p=612"},"modified":"2026-04-16T11:56:36","modified_gmt":"2026-04-16T11:56:36","slug":"vapsolo-master-2","status":"publish","type":"product","link":"https:\/\/vapecheap.eu\/pl\/produkt\/vapsolo-master-2\/","title":{"rendered":"Vapsolo Master Smooth"},"content":{"rendered":"<p>~70 000 zaci\u0105gni\u0119\u0107 (szacunek laboratoryjny) \u00b7 \u0141adowalne \u00b7 2 % nikotyny (20 mg\/ml) \u00b7 Wysy\u0142ka jeszcze dzi\u015b \u00b7 Profil smakowy: neutralna baza z delikatnym aromatem truskawki i kiwi.<\/p>","protected":false},"excerpt":{"rendered":"<h3>Vapsolo Master 2 % \u2013 Jednorazowy vape ~70 000 zaci\u0105gni\u0119\u0107 (szacunek laboratoryjny). Kup online w Polsce<\/h3>\n<p>&nbsp;<\/p>\n<p>~70 000 zaci\u0105gni\u0119\u0107 (szacunek laboratoryjny). 2 % nikotyny (20 mg\/ml). Urz\u0105dzenie oferuje wyd\u0142u\u017cony czas u\u017cytkowania \u2013 szacowany na 3\u20135 miesi\u0119cy dla osoby spo\u017cywaj\u0105cej ilo\u015b\u0107 nikotyny odpowiadaj\u0105c\u0105 5\u201315 papierosom dziennie. Uwalnianie nikotyny jest technicznie por\u00f3wnywalne z ilo\u015bci\u0105 nikotyny dostarczan\u0105 przez papierosy light, na podstawie opublikowanych danych testowych.<\/p>\n<p>&nbsp;<\/p>\n<table class=\"w-full border-collapse text-sm md:text-base\">\n<thead>\n<tr class=\"bg-gray-100\">\n<th class=\"border border-gray-300 px-4 py-2 text-left font-bold\">Ustawienie mocy<\/th>\n<th class=\"border border-gray-300 px-4 py-2 text-left font-bold\">Nikotyna dostarczana na zaci\u0105gni\u0119cie<\/th>\n<th class=\"border border-gray-300 px-4 py-2 text-left font-bold\">Wch\u0142oni\u0119ta nikotyna (\u224850%)<\/th>\n<\/tr>\n<\/thead>\n<tbody>\n<tr>\n<td class=\"border border-gray-300 px-4 py-2\">Low (16 W)<\/td>\n<td class=\"border border-gray-300 px-4 py-2 font-mono\">0.0333 mg<\/td>\n<td class=\"border border-gray-300 px-4 py-2 font-mono\">\u22480.0167 mg<\/td>\n<\/tr>\n<tr class=\"bg-gray-50\">\n<td class=\"border border-gray-300 px-4 py-2\">Medium (20 W)<\/td>\n<td class=\"border border-gray-300 px-4 py-2 font-mono\">0.0467 mg<\/td>\n<td class=\"border border-gray-300 px-4 py-2 font-mono\">\u22480.0233 mg<\/td>\n<\/tr>\n<tr>\n<td class=\"border border-gray-300 px-4 py-2\">High (30 W)<\/td>\n<td class=\"border border-gray-300 px-4 py-2 font-mono\">0.0667 mg<\/td>\n<td class=\"border border-gray-300 px-4 py-2 font-mono\">\u22480.0333 mg<\/td>\n<\/tr>\n<tr class=\"bg-blue-50 font-medium\">\n<td class=\"border border-gray-300 px-4 py-2\">1 zaci\u0105gni\u0119cie z papierosa (Marlboro Gold \/ Camel Light)<\/td>\n<td class=\"border border-gray-300 px-4 py-2 font-mono\">~0.07 mg<\/td>\n<td class=\"border border-gray-300 px-4 py-2 font-mono\">~0.035 mg<\/td>\n<\/tr>\n<\/tbody>\n<\/table>\n<p class=\"text-xs text-gray-600 mt-2 italic\"><em>(Testowane w niezale\u017cnym laboratorium przy u\u017cyciu maszyn zaci\u0105gaj\u0105cych zgodnie z ISO 20768:2018. Dane dot. papieros\u00f3w: Public Health England 2025 \u2013 nikotyna dostarczona vs wch\u0142oni\u0119ta.)<\/em><\/p>\n<p>&nbsp;<\/p>\n<ul>\n<li>Wysoka liczba zaci\u0105gni\u0119\u0107 (ekwiwalent): Urz\u0105dzenie zosta\u0142o zaprojektowane dla maksymalnej \u017cywotno\u015bci i mo\u017ce osi\u0105gn\u0105\u0107 nawet oko\u0142o 70 000 zaci\u0105gni\u0119\u0107 (szacunek laboratoryjny)*, w zale\u017cno\u015bci od u\u017cytkownika i d\u0142ugo\u015bci zaci\u0105gni\u0119cia.<\/li>\n<li>D\u0142ugoterminowe rozwi\u0105zanie: Jeden system zapewnia \u017cywotno\u015b\u0107 trwaj\u0105c\u0105 od kilku tygodni do miesi\u0119cy, a nie godzin, oferuj\u0105c stabiln\u0105, wielokrotnego u\u017cytku alternatyw\u0119 dla tradycyjnych jednorazowych urz\u0105dze\u0144.<\/li>\n<li>Ograniczenie elektroodpad\u00f3w: Dzi\u0119ki du\u017cej pojemno\u015bci i akumulatorowi do ponownego \u0142adowania urz\u0105dzenie to znacz\u0105co zmniejsza ilo\u015b\u0107 elektroodpad\u00f3w w por\u00f3wnaniu z zakupem wielu mniejszych jednorazowych vape\u2019\u00f3w.<\/li>\n<li>Efektywno\u015b\u0107 ekonomiczna: System zapewnia znaczne oszcz\u0119dno\u015bci w czasie w por\u00f3wnaniu z zakupem r\u00f3wnowa\u017cnej liczby produkt\u00f3w jednorazowych.<\/li>\n<li>Wydajna bateria \u0142adowalna: wyposa\u017cona w akumulator o du\u017cej pojemno\u015bci 900 mAh, \u0142atwo \u0142adowany przez USB-C.<\/li>\n<li>Zaawansowana technologia grza\u0142ki mesh: wykorzystuje ulepszon\u0105 grza\u0142k\u0119 mesh do maksymalizacji powierzchni odparowania, zapewnia bogate oddanie smaku i sta\u0142\u0105 produkcj\u0119 pary.<\/li>\n<\/ul>\n<p><em>*Zastrze\u017cenie techniczne: Warto\u015b\u0107 70 000 zaci\u0105gni\u0119\u0107 oparta jest na kontrolowanych testach laboratoryjnych symuluj\u0105cych kr\u00f3tkie zaci\u0105gni\u0119cia. Rzeczywista \u017cywotno\u015b\u0107 mo\u017ce si\u0119 r\u00f3\u017cni\u0107 w zale\u017cno\u015bci od stylu vapowania i d\u0142ugo\u015bci zaci\u0105gni\u0119\u0107 u\u017cytkownika.<\/em><\/p>","protected":false},"featured_media":578,"template":"","meta":[],"product_brand":[24],"product_cat":[18],"product_tag":[21,20,19,22],"class_list":{"0":"post-612","1":"product","2":"type-product","3":"status-publish","4":"has-post-thumbnail","6":"product_brand-vapsolo","7":"product_cat-cheap-vapes","8":"product_tag-60-day-refund","9":"product_tag-price-match","10":"product_tag-ships-today","11":"product_tag-tpd-certified","13":"first","14":"instock","15":"sale","16":"shipping-taxable","17":"purchasable","18":"product-type-simple"},"yoast_head":"<!-- This site is optimized with the Yoast SEO plugin v26.6 - https:\/\/yoast.com\/wordpress\/plugins\/seo\/ -->\n<title>Vapsolo Master Smooth - VapeCheap.eu ~70,000 Big Puff Vapes from \u20ac39.90 - EU Delivery<\/title>\n<meta name=\"description\" content=\"Buy Vapsolo Master 2% Strawberry Kiwi vape online EU at VapeCheap.eu. \u20ac39.99, ~70,000 puffs (lab estimate), TPD-compliant, 18+ only.\" \/>\n<meta name=\"robots\" content=\"index, follow, max-snippet:-1, max-image-preview:large, max-video-preview:-1\" \/>\n<link rel=\"canonical\" href=\"https:\/\/vapecheap.eu\/pl\/produkt\/vapsolo-master-2\/\" \/>\n<meta property=\"og:locale\" content=\"pl_PL\" \/>\n<meta property=\"og:type\" content=\"article\" \/>\n<meta property=\"og:title\" content=\"Vapsolo Master Smooth - VapeCheap.eu ~70,000 Big Puff Vapes from \u20ac39.90 - EU Delivery\" \/>\n<meta property=\"og:description\" content=\"Buy Vapsolo Master 2% Strawberry Kiwi vape online EU at VapeCheap.eu. \u20ac39.99, ~70,000 puffs (lab estimate), TPD-compliant, 18+ only.\" \/>\n<meta property=\"og:url\" content=\"https:\/\/vapecheap.eu\/pl\/produkt\/vapsolo-master-2\/\" \/>\n<meta property=\"og:site_name\" content=\"VapeCheap.eu ~70,000 Big Puff Vapes from \u20ac39.90 - EU Delivery\" \/>\n<meta property=\"article:modified_time\" content=\"2026-04-16T11:56:36+00:00\" \/>\n<meta property=\"og:image\" content=\"https:\/\/vapecheap.eu\/wp-content\/uploads\/2025\/10\/kiwi.png\" \/>\n\t<meta property=\"og:image:width\" content=\"600\" \/>\n\t<meta property=\"og:image:height\" content=\"600\" \/>\n\t<meta property=\"og:image:type\" content=\"image\/png\" \/>\n<meta name=\"twitter:card\" content=\"summary_large_image\" \/>\n<meta name=\"twitter:label1\" content=\"Szacowany czas czytania\" \/>\n\t<meta name=\"twitter:data1\" content=\"1 minuta\" \/>\n<script type=\"application\/ld+json\" class=\"yoast-schema-graph\">{\"@context\":\"https:\/\/schema.org\",\"@graph\":[{\"@type\":\"WebPage\",\"@id\":\"https:\/\/vapecheap.eu\/product\/vapsolo-master-2\/\",\"url\":\"https:\/\/vapecheap.eu\/product\/vapsolo-master-2\/\",\"name\":\"Vapsolo Master Smooth - VapeCheap.eu ~70,000 Big Puff Vapes from \u20ac39.90 - EU Delivery\",\"isPartOf\":{\"@id\":\"https:\/\/vapecheap.eu\/#website\"},\"primaryImageOfPage\":{\"@id\":\"https:\/\/vapecheap.eu\/product\/vapsolo-master-2\/#primaryimage\"},\"image\":{\"@id\":\"https:\/\/vapecheap.eu\/product\/vapsolo-master-2\/#primaryimage\"},\"thumbnailUrl\":\"https:\/\/vapecheap.eu\/wp-content\/uploads\/2025\/10\/kiwi.png\",\"datePublished\":\"2025-10-29T09:18:23+00:00\",\"dateModified\":\"2026-04-16T11:56:36+00:00\",\"description\":\"Buy Vapsolo Master 2% Strawberry Kiwi vape online EU at VapeCheap.eu. \u20ac39.99, ~70,000 puffs (lab estimate), TPD-compliant, 18+ only.\",\"breadcrumb\":{\"@id\":\"https:\/\/vapecheap.eu\/product\/vapsolo-master-2\/#breadcrumb\"},\"inLanguage\":\"pl-PL\",\"potentialAction\":[{\"@type\":\"ReadAction\",\"target\":[\"https:\/\/vapecheap.eu\/product\/vapsolo-master-2\/\"]}]},{\"@type\":\"ImageObject\",\"inLanguage\":\"pl-PL\",\"@id\":\"https:\/\/vapecheap.eu\/product\/vapsolo-master-2\/#primaryimage\",\"url\":\"https:\/\/vapecheap.eu\/wp-content\/uploads\/2025\/10\/kiwi.png\",\"contentUrl\":\"https:\/\/vapecheap.eu\/wp-content\/uploads\/2025\/10\/kiwi.png\",\"width\":600,\"height\":600},{\"@type\":\"BreadcrumbList\",\"@id\":\"https:\/\/vapecheap.eu\/product\/vapsolo-master-2\/#breadcrumb\",\"itemListElement\":[{\"@type\":\"ListItem\",\"position\":1,\"name\":\"Home\",\"item\":\"https:\/\/vapecheap.eu\/\"},{\"@type\":\"ListItem\",\"position\":2,\"name\":\"Shop\",\"item\":\"https:\/\/vapecheap.eu\/shop\/\"},{\"@type\":\"ListItem\",\"position\":3,\"name\":\"Vapsolo Master Smooth\"}]},{\"@type\":\"WebSite\",\"@id\":\"https:\/\/vapecheap.eu\/#website\",\"url\":\"https:\/\/vapecheap.eu\/\",\"name\":\"Vapecheap.eu \u2014 Cheap Big Puff Vapes EU\",\"description\":\"\",\"publisher\":{\"@id\":\"https:\/\/vapecheap.eu\/#organization\"},\"potentialAction\":[{\"@type\":\"SearchAction\",\"target\":{\"@type\":\"EntryPoint\",\"urlTemplate\":\"https:\/\/vapecheap.eu\/?s={search_term_string}\"},\"query-input\":{\"@type\":\"PropertyValueSpecification\",\"valueRequired\":true,\"valueName\":\"search_term_string\"}}],\"inLanguage\":\"pl-PL\"},{\"@type\":\"Organization\",\"@id\":\"https:\/\/vapecheap.eu\/#organization\",\"name\":\"Vapecheap.eu \u2014 Cheap Big Puff Vapes EU\",\"url\":\"https:\/\/vapecheap.eu\/\",\"logo\":{\"@type\":\"ImageObject\",\"inLanguage\":\"pl-PL\",\"@id\":\"https:\/\/vapecheap.eu\/#\/schema\/logo\/image\/\",\"url\":\"https:\/\/vapecheap.eu\/wp-content\/uploads\/2025\/10\/vapecheap-logo-small-1.png\",\"contentUrl\":\"https:\/\/vapecheap.eu\/wp-content\/uploads\/2025\/10\/vapecheap-logo-small-1.png\",\"width\":262,\"height\":250,\"caption\":\"Vapecheap.eu \u2014 Cheap Big Puff Vapes EU\"},\"image\":{\"@id\":\"https:\/\/vapecheap.eu\/#\/schema\/logo\/image\/\"}}]}<\/script>\n<!-- \/ Yoast SEO plugin. -->","yoast_head_json":{"title":"Vapsolo Master Smooth - VapeCheap.eu ~70,000 Big Puff Vapes from \u20ac39.90 - EU Delivery","description":"Kup Vapsolo Master 2 % Strawberry Kiwi E-papieros online na VapeCheap.eu. \u20ac39,99, ~70 000 zaci\u0105gni\u0119\u0107 (szacunek lab), zgodne z TPD, 18+.","robots":{"index":"index","follow":"follow","max-snippet":"max-snippet:-1","max-image-preview":"max-image-preview:large","max-video-preview":"max-video-preview:-1"},"canonical":"https:\/\/vapecheap.eu\/pl\/produkt\/vapsolo-master-2\/","og_locale":"pl_PL","og_type":"article","og_title":"Vapsolo Master Smooth - VapeCheap.eu ~70,000 Big Puff Vapes from \u20ac39.90 - EU Delivery","og_description":"Buy Vapsolo Master 2% Strawberry Kiwi vape online EU at VapeCheap.eu. \u20ac39.99, ~70,000 puffs (lab estimate), TPD-compliant, 18+ only.","og_url":"https:\/\/vapecheap.eu\/pl\/produkt\/vapsolo-master-2\/","og_site_name":"VapeCheap.eu ~70,000 Big Puff Vapes from \u20ac39.90 - EU Delivery","article_modified_time":"2026-04-16T11:56:36+00:00","og_image":[{"width":600,"height":600,"url":"https:\/\/vapecheap.eu\/wp-content\/uploads\/2025\/10\/kiwi.png","type":"image\/png"}],"twitter_card":"summary_large_image","twitter_misc":{"Szacowany czas czytania":"1 minuta"},"schema":{"@context":"https:\/\/schema.org","@graph":[{"@type":"WebPage","@id":"https:\/\/vapecheap.eu\/product\/vapsolo-master-2\/","url":"https:\/\/vapecheap.eu\/product\/vapsolo-master-2\/","name":"Vapsolo Master Smooth - VapeCheap.eu ~70,000 Big Puff Vapes from \u20ac39.90 - EU Delivery","isPartOf":{"@id":"https:\/\/vapecheap.eu\/#website"},"primaryImageOfPage":{"@id":"https:\/\/vapecheap.eu\/product\/vapsolo-master-2\/#primaryimage"},"image":{"@id":"https:\/\/vapecheap.eu\/product\/vapsolo-master-2\/#primaryimage"},"thumbnailUrl":"https:\/\/vapecheap.eu\/wp-content\/uploads\/2025\/10\/kiwi.png","datePublished":"2025-10-29T09:18:23+00:00","dateModified":"2026-04-16T11:56:36+00:00","description":"Kup Vapsolo Master 2 % Strawberry Kiwi E-papieros online na VapeCheap.eu. \u20ac39,99, ~70 000 zaci\u0105gni\u0119\u0107 (szacunek lab), zgodne z TPD, 18+.","breadcrumb":{"@id":"https:\/\/vapecheap.eu\/product\/vapsolo-master-2\/#breadcrumb"},"inLanguage":"pl-PL","potentialAction":[{"@type":"ReadAction","target":["https:\/\/vapecheap.eu\/product\/vapsolo-master-2\/"]}]},{"@type":"ImageObject","inLanguage":"pl-PL","@id":"https:\/\/vapecheap.eu\/product\/vapsolo-master-2\/#primaryimage","url":"https:\/\/vapecheap.eu\/wp-content\/uploads\/2025\/10\/kiwi.png","contentUrl":"https:\/\/vapecheap.eu\/wp-content\/uploads\/2025\/10\/kiwi.png","width":600,"height":600},{"@type":"BreadcrumbList","@id":"https:\/\/vapecheap.eu\/product\/vapsolo-master-2\/#breadcrumb","itemListElement":[{"@type":"ListItem","position":1,"name":"Home","item":"https:\/\/vapecheap.eu\/"},{"@type":"ListItem","position":2,"name":"Shop","item":"https:\/\/vapecheap.eu\/shop\/"},{"@type":"ListItem","position":3,"name":"Vapsolo Master Smooth"}]},{"@type":"WebSite","@id":"https:\/\/vapecheap.eu\/#website","url":"https:\/\/vapecheap.eu\/","name":"Vapecheap.eu \u2014 Cheap Big Puff Vapes EU","description":"","publisher":{"@id":"https:\/\/vapecheap.eu\/#organization"},"potentialAction":[{"@type":"SearchAction","target":{"@type":"EntryPoint","urlTemplate":"https:\/\/vapecheap.eu\/?s={search_term_string}"},"query-input":{"@type":"PropertyValueSpecification","valueRequired":true,"valueName":"search_term_string"}}],"inLanguage":"pl-PL"},{"@type":"Organization","@id":"https:\/\/vapecheap.eu\/#organization","name":"Vapecheap.eu \u2014 Cheap Big Puff Vapes EU","url":"https:\/\/vapecheap.eu\/","logo":{"@type":"ImageObject","inLanguage":"pl-PL","@id":"https:\/\/vapecheap.eu\/#\/schema\/logo\/image\/","url":"https:\/\/vapecheap.eu\/wp-content\/uploads\/2025\/10\/vapecheap-logo-small-1.png","contentUrl":"https:\/\/vapecheap.eu\/wp-content\/uploads\/2025\/10\/vapecheap-logo-small-1.png","width":262,"height":250,"caption":"Vapecheap.eu \u2014 Cheap Big Puff Vapes EU"},"image":{"@id":"https:\/\/vapecheap.eu\/#\/schema\/logo\/image\/"}}]}},"_links":{"self":[{"href":"https:\/\/vapecheap.eu\/pl\/wp-json\/wp\/v2\/product\/612","targetHints":{"allow":["GET"]}}],"collection":[{"href":"https:\/\/vapecheap.eu\/pl\/wp-json\/wp\/v2\/product"}],"about":[{"href":"https:\/\/vapecheap.eu\/pl\/wp-json\/wp\/v2\/types\/product"}],"version-history":[{"count":17,"href":"https:\/\/vapecheap.eu\/pl\/wp-json\/wp\/v2\/product\/612\/revisions"}],"predecessor-version":[{"id":1195,"href":"https:\/\/vapecheap.eu\/pl\/wp-json\/wp\/v2\/product\/612\/revisions\/1195"}],"wp:featuredmedia":[{"embeddable":true,"href":"https:\/\/vapecheap.eu\/pl\/wp-json\/wp\/v2\/media\/578"}],"wp:attachment":[{"href":"https:\/\/vapecheap.eu\/pl\/wp-json\/wp\/v2\/media?parent=612"}],"wp:term":[{"taxonomy":"product_brand","embeddable":true,"href":"https:\/\/vapecheap.eu\/pl\/wp-json\/wp\/v2\/product_brand?post=612"},{"taxonomy":"product_cat","embeddable":true,"href":"https:\/\/vapecheap.eu\/pl\/wp-json\/wp\/v2\/product_cat?post=612"},{"taxonomy":"product_tag","embeddable":true,"href":"https:\/\/vapecheap.eu\/pl\/wp-json\/wp\/v2\/product_tag?post=612"}],"curies":[{"name":"wp","href":"https:\/\/api.w.org\/{rel}","templated":true}]}}