{"id":1062,"date":"2025-11-03T14:11:16","date_gmt":"2025-11-03T14:11:16","guid":{"rendered":"https:\/\/vapecheap.eu\/?post_type=product&#038;p=1062"},"modified":"2026-02-08T21:33:07","modified_gmt":"2026-02-08T21:33:07","slug":"6-month-program-find-your-perfect-balance","status":"publish","type":"product","link":"https:\/\/vapecheap.eu\/pl\/produkt\/6-month-program-find-your-perfect-balance\/","title":{"rendered":"Program 6-miesi\u0119czny \u2013 Znajd\u017a sw\u00f3j idealny balans"},"content":{"rendered":"<p>Nie wiesz, kt\u00f3ra moc jest dla Ciebie? Z programem Dual Strength na 6 miesi\u0119cy otrzymasz oba urz\u0105dzenia ~140 000 zaci\u0105gni\u0119\u0107 (szacunek lab). Zacznij mocniej, potem \u0142agodniej.<\/p>","protected":false},"excerpt":{"rendered":"<p><strong>Zawarto\u015b\u0107 zestawu<\/strong><\/p>\n<ul>\n<li>We\u017a oba! 1\u00d7 Strong Edition, 1\u00d7 Smooth Edition<\/li>\n<\/ul>\n<p>Szacunkowo do ~140 000 zaci\u0105gni\u0119\u0107 \u0142\u0105cznie (przy \u015brednim u\u017cyciu). Zacznij od mocniejszego urz\u0105dzenia na 3 miesi\u0105ce, potem przejd\u017a na \u0142agodniejsze na kolejne 3. Darmowa dostawa. Bez uzupe\u0142niania. Bez problem\u00f3w. Wystarczy na p\u00f3\u0142 roku.<\/p>","protected":false},"featured_media":1068,"template":"","meta":[],"product_brand":[24],"product_cat":[18],"product_tag":[],"class_list":{"0":"post-1062","1":"product","2":"type-product","3":"status-publish","4":"has-post-thumbnail","6":"product_brand-vapsolo","7":"product_cat-cheap-vapes","9":"first","10":"instock","11":"sale","12":"shipping-taxable","13":"purchasable","14":"product-type-simple"},"yoast_head":"<!-- This site is optimized with the Yoast SEO plugin v26.6 - https:\/\/yoast.com\/wordpress\/plugins\/seo\/ -->\n<title>6-Month Program - Find Your Perfect Balance - VapeCheap.eu ~70,000 Big Puff Vapes from \u20ac39.90 - EU Delivery<\/title>\n<meta name=\"description\" content=\"6-Month Dual Strength Program \u2014 \u20ac74.90. Get both Vapsolo Master devices. ~140,000 puffs total (Lab Estimate). Free EU shipping. TPD-compliant\" \/>\n<meta name=\"robots\" content=\"index, follow, max-snippet:-1, max-image-preview:large, max-video-preview:-1\" \/>\n<link rel=\"canonical\" href=\"https:\/\/vapecheap.eu\/pl\/produkt\/6-month-program-find-your-perfect-balance\/\" \/>\n<meta property=\"og:locale\" content=\"pl_PL\" \/>\n<meta property=\"og:type\" content=\"article\" \/>\n<meta property=\"og:title\" content=\"6-Month Program - Find Your Perfect Balance - VapeCheap.eu ~70,000 Big Puff Vapes from \u20ac39.90 - EU Delivery\" \/>\n<meta property=\"og:description\" content=\"6-Month Dual Strength Program \u2014 \u20ac74.90. Get both Vapsolo Master devices. ~140,000 puffs total (Lab Estimate). Free EU shipping. TPD-compliant\" \/>\n<meta property=\"og:url\" content=\"https:\/\/vapecheap.eu\/pl\/produkt\/6-month-program-find-your-perfect-balance\/\" \/>\n<meta property=\"og:site_name\" content=\"VapeCheap.eu ~70,000 Big Puff Vapes from \u20ac39.90 - EU Delivery\" \/>\n<meta property=\"article:modified_time\" content=\"2026-02-08T21:33:07+00:00\" \/>\n<meta property=\"og:image\" content=\"https:\/\/vapecheap.eu\/wp-content\/uploads\/2025\/11\/Vapsolo-Master-6-Month-Program-Dual-Strength-Bundle-3.webp\" \/>\n\t<meta property=\"og:image:width\" content=\"1024\" \/>\n\t<meta property=\"og:image:height\" content=\"1024\" \/>\n\t<meta property=\"og:image:type\" content=\"image\/webp\" \/>\n<meta name=\"twitter:card\" content=\"summary_large_image\" \/>\n<meta name=\"twitter:label1\" content=\"Szacowany czas czytania\" \/>\n\t<meta name=\"twitter:data1\" content=\"1 minuta\" \/>\n<script type=\"application\/ld+json\" class=\"yoast-schema-graph\">{\"@context\":\"https:\/\/schema.org\",\"@graph\":[{\"@type\":\"WebPage\",\"@id\":\"https:\/\/vapecheap.eu\/product\/6-month-program-find-your-perfect-balance\/\",\"url\":\"https:\/\/vapecheap.eu\/product\/6-month-program-find-your-perfect-balance\/\",\"name\":\"6-Month Program - Find Your Perfect Balance - VapeCheap.eu ~70,000 Big Puff Vapes from \u20ac39.90 - EU Delivery\",\"isPartOf\":{\"@id\":\"https:\/\/vapecheap.eu\/#website\"},\"primaryImageOfPage\":{\"@id\":\"https:\/\/vapecheap.eu\/product\/6-month-program-find-your-perfect-balance\/#primaryimage\"},\"image\":{\"@id\":\"https:\/\/vapecheap.eu\/product\/6-month-program-find-your-perfect-balance\/#primaryimage\"},\"thumbnailUrl\":\"https:\/\/vapecheap.eu\/wp-content\/uploads\/2025\/11\/Vapsolo-Master-6-Month-Program-Dual-Strength-Bundle-3.webp\",\"datePublished\":\"2025-11-03T14:11:16+00:00\",\"dateModified\":\"2026-02-08T21:33:07+00:00\",\"description\":\"6-Month Dual Strength Program \u2014 \u20ac74.90. Get both Vapsolo Master devices. ~140,000 puffs total (Lab Estimate). Free EU shipping. TPD-compliant\",\"breadcrumb\":{\"@id\":\"https:\/\/vapecheap.eu\/product\/6-month-program-find-your-perfect-balance\/#breadcrumb\"},\"inLanguage\":\"pl-PL\",\"potentialAction\":[{\"@type\":\"ReadAction\",\"target\":[\"https:\/\/vapecheap.eu\/product\/6-month-program-find-your-perfect-balance\/\"]}]},{\"@type\":\"ImageObject\",\"inLanguage\":\"pl-PL\",\"@id\":\"https:\/\/vapecheap.eu\/product\/6-month-program-find-your-perfect-balance\/#primaryimage\",\"url\":\"https:\/\/vapecheap.eu\/wp-content\/uploads\/2025\/11\/Vapsolo-Master-6-Month-Program-Dual-Strength-Bundle-3.webp\",\"contentUrl\":\"https:\/\/vapecheap.eu\/wp-content\/uploads\/2025\/11\/Vapsolo-Master-6-Month-Program-Dual-Strength-Bundle-3.webp\",\"width\":1024,\"height\":1024,\"caption\":\"Vapsolo Master 6-Month Program - Dual Strength Bundle\"},{\"@type\":\"BreadcrumbList\",\"@id\":\"https:\/\/vapecheap.eu\/product\/6-month-program-find-your-perfect-balance\/#breadcrumb\",\"itemListElement\":[{\"@type\":\"ListItem\",\"position\":1,\"name\":\"Home\",\"item\":\"https:\/\/vapecheap.eu\/\"},{\"@type\":\"ListItem\",\"position\":2,\"name\":\"Shop\",\"item\":\"https:\/\/vapecheap.eu\/shop\/\"},{\"@type\":\"ListItem\",\"position\":3,\"name\":\"6-Month Program &#8211; Find Your Perfect Balance\"}]},{\"@type\":\"WebSite\",\"@id\":\"https:\/\/vapecheap.eu\/#website\",\"url\":\"https:\/\/vapecheap.eu\/\",\"name\":\"Vapecheap.eu \u2014 Cheap Big Puff Vapes EU\",\"description\":\"\",\"publisher\":{\"@id\":\"https:\/\/vapecheap.eu\/#organization\"},\"potentialAction\":[{\"@type\":\"SearchAction\",\"target\":{\"@type\":\"EntryPoint\",\"urlTemplate\":\"https:\/\/vapecheap.eu\/?s={search_term_string}\"},\"query-input\":{\"@type\":\"PropertyValueSpecification\",\"valueRequired\":true,\"valueName\":\"search_term_string\"}}],\"inLanguage\":\"pl-PL\"},{\"@type\":\"Organization\",\"@id\":\"https:\/\/vapecheap.eu\/#organization\",\"name\":\"Vapecheap.eu \u2014 Cheap Big Puff Vapes EU\",\"url\":\"https:\/\/vapecheap.eu\/\",\"logo\":{\"@type\":\"ImageObject\",\"inLanguage\":\"pl-PL\",\"@id\":\"https:\/\/vapecheap.eu\/#\/schema\/logo\/image\/\",\"url\":\"https:\/\/vapecheap.eu\/wp-content\/uploads\/2025\/10\/vapecheap-logo-small-1.png\",\"contentUrl\":\"https:\/\/vapecheap.eu\/wp-content\/uploads\/2025\/10\/vapecheap-logo-small-1.png\",\"width\":262,\"height\":250,\"caption\":\"Vapecheap.eu \u2014 Cheap Big Puff Vapes EU\"},\"image\":{\"@id\":\"https:\/\/vapecheap.eu\/#\/schema\/logo\/image\/\"}}]}<\/script>\n<!-- \/ Yoast SEO plugin. -->","yoast_head_json":{"title":"6-Month Program - Find Your Perfect Balance - VapeCheap.eu ~70,000 Big Puff Vapes from \u20ac39.90 - EU Delivery","description":"6-Month Dual Strength Program \u2014 \u20ac74.90. Get both Vapsolo Master devices. ~140,000 puffs total (Lab Estimate). Free EU shipping. TPD-compliant","robots":{"index":"index","follow":"follow","max-snippet":"max-snippet:-1","max-image-preview":"max-image-preview:large","max-video-preview":"max-video-preview:-1"},"canonical":"https:\/\/vapecheap.eu\/pl\/produkt\/6-month-program-find-your-perfect-balance\/","og_locale":"pl_PL","og_type":"article","og_title":"6-Month Program - Find Your Perfect Balance - VapeCheap.eu ~70,000 Big Puff Vapes from \u20ac39.90 - EU Delivery","og_description":"6-Month Dual Strength Program \u2014 \u20ac74.90. Get both Vapsolo Master devices. ~140,000 puffs total (Lab Estimate). Free EU shipping. TPD-compliant","og_url":"https:\/\/vapecheap.eu\/pl\/produkt\/6-month-program-find-your-perfect-balance\/","og_site_name":"VapeCheap.eu ~70,000 Big Puff Vapes from \u20ac39.90 - EU Delivery","article_modified_time":"2026-02-08T21:33:07+00:00","og_image":[{"width":1024,"height":1024,"url":"https:\/\/vapecheap.eu\/wp-content\/uploads\/2025\/11\/Vapsolo-Master-6-Month-Program-Dual-Strength-Bundle-3.webp","type":"image\/webp"}],"twitter_card":"summary_large_image","twitter_misc":{"Szacowany czas czytania":"1 minuta"},"schema":{"@context":"https:\/\/schema.org","@graph":[{"@type":"WebPage","@id":"https:\/\/vapecheap.eu\/product\/6-month-program-find-your-perfect-balance\/","url":"https:\/\/vapecheap.eu\/product\/6-month-program-find-your-perfect-balance\/","name":"6-Month Program - Find Your Perfect Balance - VapeCheap.eu ~70,000 Big Puff Vapes from \u20ac39.90 - EU Delivery","isPartOf":{"@id":"https:\/\/vapecheap.eu\/#website"},"primaryImageOfPage":{"@id":"https:\/\/vapecheap.eu\/product\/6-month-program-find-your-perfect-balance\/#primaryimage"},"image":{"@id":"https:\/\/vapecheap.eu\/product\/6-month-program-find-your-perfect-balance\/#primaryimage"},"thumbnailUrl":"https:\/\/vapecheap.eu\/wp-content\/uploads\/2025\/11\/Vapsolo-Master-6-Month-Program-Dual-Strength-Bundle-3.webp","datePublished":"2025-11-03T14:11:16+00:00","dateModified":"2026-02-08T21:33:07+00:00","description":"6-Month Dual Strength Program \u2014 \u20ac74.90. Get both Vapsolo Master devices. ~140,000 puffs total (Lab Estimate). Free EU shipping. TPD-compliant","breadcrumb":{"@id":"https:\/\/vapecheap.eu\/product\/6-month-program-find-your-perfect-balance\/#breadcrumb"},"inLanguage":"pl-PL","potentialAction":[{"@type":"ReadAction","target":["https:\/\/vapecheap.eu\/product\/6-month-program-find-your-perfect-balance\/"]}]},{"@type":"ImageObject","inLanguage":"pl-PL","@id":"https:\/\/vapecheap.eu\/product\/6-month-program-find-your-perfect-balance\/#primaryimage","url":"https:\/\/vapecheap.eu\/wp-content\/uploads\/2025\/11\/Vapsolo-Master-6-Month-Program-Dual-Strength-Bundle-3.webp","contentUrl":"https:\/\/vapecheap.eu\/wp-content\/uploads\/2025\/11\/Vapsolo-Master-6-Month-Program-Dual-Strength-Bundle-3.webp","width":1024,"height":1024,"caption":"Vapsolo Master 6-Month Program - Dual Strength Bundle"},{"@type":"BreadcrumbList","@id":"https:\/\/vapecheap.eu\/product\/6-month-program-find-your-perfect-balance\/#breadcrumb","itemListElement":[{"@type":"ListItem","position":1,"name":"Home","item":"https:\/\/vapecheap.eu\/"},{"@type":"ListItem","position":2,"name":"Shop","item":"https:\/\/vapecheap.eu\/shop\/"},{"@type":"ListItem","position":3,"name":"6-Month Program &#8211; Find Your Perfect Balance"}]},{"@type":"WebSite","@id":"https:\/\/vapecheap.eu\/#website","url":"https:\/\/vapecheap.eu\/","name":"Vapecheap.eu \u2014 Cheap Big Puff Vapes EU","description":"","publisher":{"@id":"https:\/\/vapecheap.eu\/#organization"},"potentialAction":[{"@type":"SearchAction","target":{"@type":"EntryPoint","urlTemplate":"https:\/\/vapecheap.eu\/?s={search_term_string}"},"query-input":{"@type":"PropertyValueSpecification","valueRequired":true,"valueName":"search_term_string"}}],"inLanguage":"pl-PL"},{"@type":"Organization","@id":"https:\/\/vapecheap.eu\/#organization","name":"Vapecheap.eu \u2014 Cheap Big Puff Vapes EU","url":"https:\/\/vapecheap.eu\/","logo":{"@type":"ImageObject","inLanguage":"pl-PL","@id":"https:\/\/vapecheap.eu\/#\/schema\/logo\/image\/","url":"https:\/\/vapecheap.eu\/wp-content\/uploads\/2025\/10\/vapecheap-logo-small-1.png","contentUrl":"https:\/\/vapecheap.eu\/wp-content\/uploads\/2025\/10\/vapecheap-logo-small-1.png","width":262,"height":250,"caption":"Vapecheap.eu \u2014 Cheap Big Puff Vapes EU"},"image":{"@id":"https:\/\/vapecheap.eu\/#\/schema\/logo\/image\/"}}]}},"_links":{"self":[{"href":"https:\/\/vapecheap.eu\/pl\/wp-json\/wp\/v2\/product\/1062","targetHints":{"allow":["GET"]}}],"collection":[{"href":"https:\/\/vapecheap.eu\/pl\/wp-json\/wp\/v2\/product"}],"about":[{"href":"https:\/\/vapecheap.eu\/pl\/wp-json\/wp\/v2\/types\/product"}],"version-history":[{"count":6,"href":"https:\/\/vapecheap.eu\/pl\/wp-json\/wp\/v2\/product\/1062\/revisions"}],"predecessor-version":[{"id":1141,"href":"https:\/\/vapecheap.eu\/pl\/wp-json\/wp\/v2\/product\/1062\/revisions\/1141"}],"wp:featuredmedia":[{"embeddable":true,"href":"https:\/\/vapecheap.eu\/pl\/wp-json\/wp\/v2\/media\/1068"}],"wp:attachment":[{"href":"https:\/\/vapecheap.eu\/pl\/wp-json\/wp\/v2\/media?parent=1062"}],"wp:term":[{"taxonomy":"product_brand","embeddable":true,"href":"https:\/\/vapecheap.eu\/pl\/wp-json\/wp\/v2\/product_brand?post=1062"},{"taxonomy":"product_cat","embeddable":true,"href":"https:\/\/vapecheap.eu\/pl\/wp-json\/wp\/v2\/product_cat?post=1062"},{"taxonomy":"product_tag","embeddable":true,"href":"https:\/\/vapecheap.eu\/pl\/wp-json\/wp\/v2\/product_tag?post=1062"}],"curies":[{"name":"wp","href":"https:\/\/api.w.org\/{rel}","templated":true}]}}