{"id":967,"date":"2025-11-01T22:14:54","date_gmt":"2025-11-01T22:14:54","guid":{"rendered":"https:\/\/vapecheap.eu\/?post_type=product&#038;p=967"},"modified":"2026-02-08T21:32:12","modified_gmt":"2026-02-08T21:32:12","slug":"vapsolo-master-strong","status":"publish","type":"product","link":"https:\/\/vapecheap.eu\/hu\/termek\/vapsolo-master-strong\/","title":{"rendered":"Vapsolo Master Strong"},"content":{"rendered":"<p>~70 000 slukk (laborat\u00f3riumi becsl\u00e9s) \u00b7 \u00dajrat\u00f6lthet\u0151 \u00b7 2 % nikotin (20 mg\/ml) \u00b7 Sz\u00e1ll\u00edt\u00e1s ma \u00b7 \u00cdzprofil: semleges alap enyhe j\u00e9gdinnye arom\u00e1val.<\/p>","protected":false},"excerpt":{"rendered":"<h3>Vapsolo Master \u2013 Hossz\u00fa \u00e9lettartam\u00fa vape, Big Puff eldobhat\u00f3 e-cigaretta ~70 000 slukk (laborbecsl\u00e9s)<\/h3>\n<p>&nbsp;<\/p>\n<p>Leg\u00fajabb gener\u00e1ci\u00f3s k\u00e9sz\u00fcl\u00e9keink teljes m\u00e9rt\u00e9kben megfelelnek az EU TPD el\u0151\u00edr\u00e1sainak (a nikotin maxim\u00e1lis koncentr\u00e1ci\u00f3ja 20 mg\/ml). A fejlett tekercs-kialak\u00edt\u00e1s \u00e9s az optimaliz\u00e1lt leveg\u0151\u00e1raml\u00e1s k\u00edm\u00e9letes, m\u00e9gis hat\u00e9kony nikotinkibocs\u00e1t\u00e1st biztos\u00edt. Egy k\u00e9sz\u00fcl\u00e9k \u00e9lettartama v\u00e1rhat\u00f3an 4\u20136 h\u00f3nap, napi 15\u201330 cigarett\u00e1nak megfelel\u0151 haszn\u00e1lat mellett. A nikotinkibocs\u00e1t\u00e1s technikailag \u00f6sszevethet\u0151 az er\u0151s cigarett\u00e1k nikotintartalm\u00e1val.<\/p>\n<p>&nbsp;<\/p>\n<table class=\"w-full border-collapse text-sm md:text-base\">\n<thead>\n<tr class=\"bg-gray-100\">\n<th class=\"border border-gray-300 px-4 py-2 text-left font-bold\">Teljes\u00edtm\u00e9nybe\u00e1ll\u00edt\u00e1s<\/th>\n<th class=\"border border-gray-300 px-4 py-2 text-left font-bold\">Nikotinlead\u00e1s slukkonk\u00e9nt<\/th>\n<th class=\"border border-gray-300 px-4 py-2 text-left font-bold\">Felsz\u00edv\u00f3dott nikotin (\u224850%)<\/th>\n<\/tr>\n<\/thead>\n<tbody>\n<tr>\n<td class=\"border border-gray-300 px-4 py-2\">Low (16 W)<\/td>\n<td class=\"border border-gray-300 px-4 py-2 font-mono\">0.0833 mg<\/td>\n<td class=\"border border-gray-300 px-4 py-2 font-mono\">\u22480.0417 mg<\/td>\n<\/tr>\n<tr class=\"bg-gray-50\">\n<td class=\"border border-gray-300 px-4 py-2\">Medium (20 W)<\/td>\n<td class=\"border border-gray-300 px-4 py-2 font-mono\">0.1167 mg<\/td>\n<td class=\"border border-gray-300 px-4 py-2 font-mono\">\u22480.0583 mg<\/td>\n<\/tr>\n<tr>\n<td class=\"border border-gray-300 px-4 py-2\">High (30 W)<\/td>\n<td class=\"border border-gray-300 px-4 py-2 font-mono\">0.1667 mg<\/td>\n<td class=\"border border-gray-300 px-4 py-2 font-mono\">\u22480.0833 mg<\/td>\n<\/tr>\n<tr class=\"bg-blue-50 font-medium\">\n<td class=\"border border-gray-300 px-4 py-2\">1 slukk cigarett\u00e1b\u00f3l (Marlboro Red \/ Camel)<\/td>\n<td class=\"border border-gray-300 px-4 py-2 font-mono\">~0.14 mg<\/td>\n<td class=\"border border-gray-300 px-4 py-2 font-mono\">~0.073 mg<\/td>\n<\/tr>\n<\/tbody>\n<\/table>\n<p class=\"text-xs text-gray-600 mt-2 italic\"><em>(F\u00fcggetlen laborat\u00f3riumban tesztelve ISO 20768:2018 sz\u00edv\u00f3g\u00e9p haszn\u00e1lat\u00e1val. Cigaretta-adatok: Public Health England 2025 \u2013 leadott vs felsz\u00edv\u00f3dott nikotin.)<\/em><\/p>\n<p>&nbsp;<\/p>\n<ul>\n<li>Magas slukksz\u00e1m (ekvivalens): A k\u00e9sz\u00fcl\u00e9ket maxim\u00e1lis \u00e9lettartamra tervezt\u00e9k, amely ak\u00e1r 70 000 slukk teljes\u00edtm\u00e9nyt is el\u00e9rhet, a haszn\u00e1lat \u00e9s a slukkhossz f\u00fcggv\u00e9ny\u00e9ben.*<\/li>\n<li>Hossz\u00fa t\u00e1v\u00fa megold\u00e1s: Egy rendszer t\u00f6bb h\u00e9tig vagy ak\u00e1r h\u00f3napokig tart\u00f3 \u00e9lettartamot k\u00edn\u00e1l, nem csak n\u00e9h\u00e1ny \u00f3r\u00e1t, \u00e9s stabil, \u00fajrahaszn\u00e1lhat\u00f3 alternat\u00edv\u00e1t jelent az eldobhat\u00f3 eszk\u00f6z\u00f6kkel szemben.<\/li>\n<li>Elektromos hullad\u00e9k cs\u00f6kkent\u00e9se: Nagy kapacit\u00e1s\u00e1nak \u00e9s \u00fajrat\u00f6lthet\u0151 akkumul\u00e1tor\u00e1nak k\u00f6sz\u00f6nhet\u0151en ez a k\u00e9sz\u00fcl\u00e9k jelent\u0151sen cs\u00f6kkenti az e-hullad\u00e9k mennyis\u00e9g\u00e9t a sok kis eldobhat\u00f3 vape v\u00e1s\u00e1rl\u00e1s\u00e1hoz k\u00e9pest.<\/li>\n<li>Gazdas\u00e1gos megold\u00e1s: A rendszer id\u0151vel jelent\u0151s k\u00f6lts\u00e9gmegtakar\u00edt\u00e1st biztos\u00edt azonos sz\u00e1m\u00fa eldobhat\u00f3 term\u00e9k megv\u00e1s\u00e1rl\u00e1s\u00e1hoz k\u00e9pest.<\/li>\n<li>Er\u0151teljes \u00fajrat\u00f6lthet\u0151 akkumul\u00e1tor: 900 mAh kapacit\u00e1s\u00fa akkumul\u00e1torral felszerelve, k\u00f6nnyen t\u00f6lthet\u0151 USB-C csatlakoz\u00f3n kereszt\u00fcl.<\/li>\n<li>Fejlett mesh teker\u00e9s technol\u00f3gia: tov\u00e1bbfejlesztett mesh teker\u00e9st haszn\u00e1l a p\u00e1rologtat\u00e1si fel\u00fclet maximaliz\u00e1l\u00e1s\u00e1ra, gazdag \u00edzlead\u00e1st biztos\u00edt, \u00e9s egyenletes g\u0151zk\u00e9pz\u00e9sre lett tervezve.<\/li>\n<\/ul>\n<p><em>*M\u0171szaki nyilatkozat: A 70 000 slukkra vonatkoz\u00f3 adat ellen\u0151rz\u00f6tt laborat\u00f3riumi tesztek alapj\u00e1n k\u00e9sz\u00fclt, amelyek r\u00f6vid slukkokat szimul\u00e1lnak. A t\u00e9nyleges \u00e9lettartam a felhaszn\u00e1l\u00f3 vapel\u00e9si st\u00edlus\u00e1t\u00f3l \u00e9s slukkhossz\u00e1t\u00f3l f\u00fcgg\u0151en v\u00e1ltozhat.<\/em><\/p>","protected":false},"featured_media":557,"template":"","meta":[],"product_brand":[24],"product_cat":[18],"product_tag":[21,20,19,22],"class_list":{"0":"post-967","1":"product","2":"type-product","3":"status-publish","4":"has-post-thumbnail","6":"product_brand-vapsolo","7":"product_cat-cheap-vapes","8":"product_tag-60-day-refund","9":"product_tag-price-match","10":"product_tag-ships-today","11":"product_tag-tpd-certified","13":"first","14":"instock","15":"sale","16":"shipping-taxable","17":"purchasable","18":"product-type-simple"},"yoast_head":"<!-- This site is optimized with the Yoast SEO plugin v26.6 - https:\/\/yoast.com\/wordpress\/plugins\/seo\/ -->\n<title>Vapsolo Master Strong - VapeCheap.eu ~70,000 Big Puff Vapes from \u20ac39.90 - EU Delivery<\/title>\n<meta name=\"description\" content=\"Buy Vapsolo Master 2% Watermelon Ice disposable vape online EU at VapeCheap.eu. \u20ac42.90, ~70,000 puffs (lab estimate), TPD-compliant, 18+ only.\" \/>\n<meta name=\"robots\" content=\"index, follow, max-snippet:-1, max-image-preview:large, max-video-preview:-1\" \/>\n<link rel=\"canonical\" href=\"https:\/\/vapecheap.eu\/hu\/termek\/vapsolo-master-strong\/\" \/>\n<meta property=\"og:locale\" content=\"hu_HU\" \/>\n<meta property=\"og:type\" content=\"article\" \/>\n<meta property=\"og:title\" content=\"Vapsolo Master Strong - VapeCheap.eu ~70,000 Big Puff Vapes from \u20ac39.90 - EU Delivery\" \/>\n<meta property=\"og:description\" content=\"Buy Vapsolo Master 2% Watermelon Ice disposable vape online EU at VapeCheap.eu. \u20ac42.90, ~70,000 puffs (lab estimate), TPD-compliant, 18+ only.\" \/>\n<meta property=\"og:url\" content=\"https:\/\/vapecheap.eu\/hu\/termek\/vapsolo-master-strong\/\" \/>\n<meta property=\"og:site_name\" content=\"VapeCheap.eu ~70,000 Big Puff Vapes from \u20ac39.90 - EU Delivery\" \/>\n<meta property=\"article:modified_time\" content=\"2026-02-08T21:32:12+00:00\" \/>\n<meta property=\"og:image\" content=\"https:\/\/vapecheap.eu\/wp-content\/uploads\/2025\/10\/watermellon.png\" \/>\n\t<meta property=\"og:image:width\" content=\"600\" \/>\n\t<meta property=\"og:image:height\" content=\"600\" \/>\n\t<meta property=\"og:image:type\" content=\"image\/png\" \/>\n<meta name=\"twitter:card\" content=\"summary_large_image\" \/>\n<meta name=\"twitter:label1\" content=\"Becs\u00fclt olvas\u00e1si id\u0151\" \/>\n\t<meta name=\"twitter:data1\" content=\"1 perc\" \/>\n<script type=\"application\/ld+json\" class=\"yoast-schema-graph\">{\"@context\":\"https:\/\/schema.org\",\"@graph\":[{\"@type\":\"WebPage\",\"@id\":\"https:\/\/vapecheap.eu\/product\/vapsolo-master-strong\/\",\"url\":\"https:\/\/vapecheap.eu\/product\/vapsolo-master-strong\/\",\"name\":\"Vapsolo Master Strong - VapeCheap.eu ~70,000 Big Puff Vapes from \u20ac39.90 - EU Delivery\",\"isPartOf\":{\"@id\":\"https:\/\/vapecheap.eu\/#website\"},\"primaryImageOfPage\":{\"@id\":\"https:\/\/vapecheap.eu\/product\/vapsolo-master-strong\/#primaryimage\"},\"image\":{\"@id\":\"https:\/\/vapecheap.eu\/product\/vapsolo-master-strong\/#primaryimage\"},\"thumbnailUrl\":\"https:\/\/vapecheap.eu\/wp-content\/uploads\/2025\/10\/watermellon.png\",\"datePublished\":\"2025-11-01T22:14:54+00:00\",\"dateModified\":\"2026-02-08T21:32:12+00:00\",\"description\":\"Buy Vapsolo Master 2% Watermelon Ice disposable vape online EU at VapeCheap.eu. \u20ac42.90, ~70,000 puffs (lab estimate), TPD-compliant, 18+ only.\",\"breadcrumb\":{\"@id\":\"https:\/\/vapecheap.eu\/product\/vapsolo-master-strong\/#breadcrumb\"},\"inLanguage\":\"hu\",\"potentialAction\":[{\"@type\":\"ReadAction\",\"target\":[\"https:\/\/vapecheap.eu\/product\/vapsolo-master-strong\/\"]}]},{\"@type\":\"ImageObject\",\"inLanguage\":\"hu\",\"@id\":\"https:\/\/vapecheap.eu\/product\/vapsolo-master-strong\/#primaryimage\",\"url\":\"https:\/\/vapecheap.eu\/wp-content\/uploads\/2025\/10\/watermellon.png\",\"contentUrl\":\"https:\/\/vapecheap.eu\/wp-content\/uploads\/2025\/10\/watermellon.png\",\"width\":600,\"height\":600},{\"@type\":\"BreadcrumbList\",\"@id\":\"https:\/\/vapecheap.eu\/product\/vapsolo-master-strong\/#breadcrumb\",\"itemListElement\":[{\"@type\":\"ListItem\",\"position\":1,\"name\":\"Home\",\"item\":\"https:\/\/vapecheap.eu\/\"},{\"@type\":\"ListItem\",\"position\":2,\"name\":\"Shop\",\"item\":\"https:\/\/vapecheap.eu\/shop\/\"},{\"@type\":\"ListItem\",\"position\":3,\"name\":\"Vapsolo Master Strong\"}]},{\"@type\":\"WebSite\",\"@id\":\"https:\/\/vapecheap.eu\/#website\",\"url\":\"https:\/\/vapecheap.eu\/\",\"name\":\"Vapecheap.eu \u2014 Cheap Big Puff Vapes EU\",\"description\":\"\",\"publisher\":{\"@id\":\"https:\/\/vapecheap.eu\/#organization\"},\"potentialAction\":[{\"@type\":\"SearchAction\",\"target\":{\"@type\":\"EntryPoint\",\"urlTemplate\":\"https:\/\/vapecheap.eu\/?s={search_term_string}\"},\"query-input\":{\"@type\":\"PropertyValueSpecification\",\"valueRequired\":true,\"valueName\":\"search_term_string\"}}],\"inLanguage\":\"hu\"},{\"@type\":\"Organization\",\"@id\":\"https:\/\/vapecheap.eu\/#organization\",\"name\":\"Vapecheap.eu \u2014 Cheap Big Puff Vapes EU\",\"url\":\"https:\/\/vapecheap.eu\/\",\"logo\":{\"@type\":\"ImageObject\",\"inLanguage\":\"hu\",\"@id\":\"https:\/\/vapecheap.eu\/#\/schema\/logo\/image\/\",\"url\":\"https:\/\/vapecheap.eu\/wp-content\/uploads\/2025\/10\/vapecheap-logo-small-1.png\",\"contentUrl\":\"https:\/\/vapecheap.eu\/wp-content\/uploads\/2025\/10\/vapecheap-logo-small-1.png\",\"width\":262,\"height\":250,\"caption\":\"Vapecheap.eu \u2014 Cheap Big Puff Vapes EU\"},\"image\":{\"@id\":\"https:\/\/vapecheap.eu\/#\/schema\/logo\/image\/\"}}]}<\/script>\n<!-- \/ Yoast SEO plugin. -->","yoast_head_json":{"title":"Vapsolo Master Strong - VapeCheap.eu ~70,000 Big Puff Vapes from \u20ac39.90 - EU Delivery","description":"V\u00e1s\u00e1roljon Vapsolo Master 2 % Watermelon Ice E-Cigarett\u00e1t online a VapeCheap.eu-n. \u20ac42,90, ~70 000 slukk (laborbecsl\u00e9s), TPD megfelel\u00e9s, 18+.","robots":{"index":"index","follow":"follow","max-snippet":"max-snippet:-1","max-image-preview":"max-image-preview:large","max-video-preview":"max-video-preview:-1"},"canonical":"https:\/\/vapecheap.eu\/hu\/termek\/vapsolo-master-strong\/","og_locale":"hu_HU","og_type":"article","og_title":"Vapsolo Master Strong - VapeCheap.eu ~70,000 Big Puff Vapes from \u20ac39.90 - EU Delivery","og_description":"Buy Vapsolo Master 2% Watermelon Ice disposable vape online EU at VapeCheap.eu. \u20ac42.90, ~70,000 puffs (lab estimate), TPD-compliant, 18+ only.","og_url":"https:\/\/vapecheap.eu\/hu\/termek\/vapsolo-master-strong\/","og_site_name":"VapeCheap.eu ~70,000 Big Puff Vapes from \u20ac39.90 - EU Delivery","article_modified_time":"2026-02-08T21:32:12+00:00","og_image":[{"width":600,"height":600,"url":"https:\/\/vapecheap.eu\/wp-content\/uploads\/2025\/10\/watermellon.png","type":"image\/png"}],"twitter_card":"summary_large_image","twitter_misc":{"Becs\u00fclt olvas\u00e1si id\u0151":"1 perc"},"schema":{"@context":"https:\/\/schema.org","@graph":[{"@type":"WebPage","@id":"https:\/\/vapecheap.eu\/product\/vapsolo-master-strong\/","url":"https:\/\/vapecheap.eu\/product\/vapsolo-master-strong\/","name":"Vapsolo Master Strong - VapeCheap.eu ~70,000 Big Puff Vapes from \u20ac39.90 - EU Delivery","isPartOf":{"@id":"https:\/\/vapecheap.eu\/#website"},"primaryImageOfPage":{"@id":"https:\/\/vapecheap.eu\/product\/vapsolo-master-strong\/#primaryimage"},"image":{"@id":"https:\/\/vapecheap.eu\/product\/vapsolo-master-strong\/#primaryimage"},"thumbnailUrl":"https:\/\/vapecheap.eu\/wp-content\/uploads\/2025\/10\/watermellon.png","datePublished":"2025-11-01T22:14:54+00:00","dateModified":"2026-02-08T21:32:12+00:00","description":"V\u00e1s\u00e1roljon Vapsolo Master 2 % Watermelon Ice E-Cigarett\u00e1t online a VapeCheap.eu-n. \u20ac42,90, ~70 000 slukk (laborbecsl\u00e9s), TPD megfelel\u00e9s, 18+.","breadcrumb":{"@id":"https:\/\/vapecheap.eu\/product\/vapsolo-master-strong\/#breadcrumb"},"inLanguage":"hu","potentialAction":[{"@type":"ReadAction","target":["https:\/\/vapecheap.eu\/product\/vapsolo-master-strong\/"]}]},{"@type":"ImageObject","inLanguage":"hu","@id":"https:\/\/vapecheap.eu\/product\/vapsolo-master-strong\/#primaryimage","url":"https:\/\/vapecheap.eu\/wp-content\/uploads\/2025\/10\/watermellon.png","contentUrl":"https:\/\/vapecheap.eu\/wp-content\/uploads\/2025\/10\/watermellon.png","width":600,"height":600},{"@type":"BreadcrumbList","@id":"https:\/\/vapecheap.eu\/product\/vapsolo-master-strong\/#breadcrumb","itemListElement":[{"@type":"ListItem","position":1,"name":"Home","item":"https:\/\/vapecheap.eu\/"},{"@type":"ListItem","position":2,"name":"Shop","item":"https:\/\/vapecheap.eu\/shop\/"},{"@type":"ListItem","position":3,"name":"Vapsolo Master Strong"}]},{"@type":"WebSite","@id":"https:\/\/vapecheap.eu\/#website","url":"https:\/\/vapecheap.eu\/","name":"Vapecheap.eu \u2014 Cheap Big Puff Vapes EU","description":"","publisher":{"@id":"https:\/\/vapecheap.eu\/#organization"},"potentialAction":[{"@type":"SearchAction","target":{"@type":"EntryPoint","urlTemplate":"https:\/\/vapecheap.eu\/?s={search_term_string}"},"query-input":{"@type":"PropertyValueSpecification","valueRequired":true,"valueName":"search_term_string"}}],"inLanguage":"hu"},{"@type":"Organization","@id":"https:\/\/vapecheap.eu\/#organization","name":"Vapecheap.eu \u2014 Cheap Big Puff Vapes EU","url":"https:\/\/vapecheap.eu\/","logo":{"@type":"ImageObject","inLanguage":"hu","@id":"https:\/\/vapecheap.eu\/#\/schema\/logo\/image\/","url":"https:\/\/vapecheap.eu\/wp-content\/uploads\/2025\/10\/vapecheap-logo-small-1.png","contentUrl":"https:\/\/vapecheap.eu\/wp-content\/uploads\/2025\/10\/vapecheap-logo-small-1.png","width":262,"height":250,"caption":"Vapecheap.eu \u2014 Cheap Big Puff Vapes EU"},"image":{"@id":"https:\/\/vapecheap.eu\/#\/schema\/logo\/image\/"}}]}},"_links":{"self":[{"href":"https:\/\/vapecheap.eu\/hu\/wp-json\/wp\/v2\/product\/967","targetHints":{"allow":["GET"]}}],"collection":[{"href":"https:\/\/vapecheap.eu\/hu\/wp-json\/wp\/v2\/product"}],"about":[{"href":"https:\/\/vapecheap.eu\/hu\/wp-json\/wp\/v2\/types\/product"}],"version-history":[{"count":6,"href":"https:\/\/vapecheap.eu\/hu\/wp-json\/wp\/v2\/product\/967\/revisions"}],"predecessor-version":[{"id":1196,"href":"https:\/\/vapecheap.eu\/hu\/wp-json\/wp\/v2\/product\/967\/revisions\/1196"}],"wp:featuredmedia":[{"embeddable":true,"href":"https:\/\/vapecheap.eu\/hu\/wp-json\/wp\/v2\/media\/557"}],"wp:attachment":[{"href":"https:\/\/vapecheap.eu\/hu\/wp-json\/wp\/v2\/media?parent=967"}],"wp:term":[{"taxonomy":"product_brand","embeddable":true,"href":"https:\/\/vapecheap.eu\/hu\/wp-json\/wp\/v2\/product_brand?post=967"},{"taxonomy":"product_cat","embeddable":true,"href":"https:\/\/vapecheap.eu\/hu\/wp-json\/wp\/v2\/product_cat?post=967"},{"taxonomy":"product_tag","embeddable":true,"href":"https:\/\/vapecheap.eu\/hu\/wp-json\/wp\/v2\/product_tag?post=967"}],"curies":[{"name":"wp","href":"https:\/\/api.w.org\/{rel}","templated":true}]}}