{"id":1062,"date":"2025-11-03T14:11:16","date_gmt":"2025-11-03T14:11:16","guid":{"rendered":"https:\/\/vapecheap.eu\/?post_type=product&#038;p=1062"},"modified":"2026-02-08T21:33:07","modified_gmt":"2026-02-08T21:33:07","slug":"6-month-program-find-your-perfect-balance","status":"publish","type":"product","link":"https:\/\/vapecheap.eu\/hu\/termek\/6-month-program-find-your-perfect-balance\/","title":{"rendered":"6 h\u00f3napos program \u2013 Tal\u00e1ld meg a t\u00f6k\u00e9letes egyens\u00falyt"},"content":{"rendered":"<p>Nem tudja, melyik er\u0151ss\u00e9g illik \u00f6nh\u00f6z? 6 h\u00f3napos Dual Strength programunkkal mindkett\u0151t megkapja ~140 000 slukk (laborbecsl\u00e9s). El\u0151bb er\u0151sebb, majd l\u00e1gyabb.<\/p>","protected":false},"excerpt":{"rendered":"<p><strong>A csomag tartalma<\/strong><\/p>\n<ul>\n<li>Szerezze be mindkett\u0151t! 1\u00d7 Strong Edition, 1\u00d7 Smooth Edition<\/li>\n<\/ul>\n<p>Becs\u00fclt \u00e9lettartam ~140 000 slukk \u00f6sszesen (\u00e1tlagos haszn\u00e1lat mellett). Kezdje az er\u0151sebb k\u00e9sz\u00fcl\u00e9kkel 3 h\u00f3napig, majd v\u00e1ltson a l\u00e1gyabbra tov\u00e1bbi 3. Ingyenes sz\u00e1ll\u00edt\u00e1s. Ut\u00e1nt\u00f6lt\u00e9s n\u00e9lk\u00fcl. Gond n\u00e9lk\u00fcl. Elegend\u0151 f\u00e9l \u00e9vre.<\/p>","protected":false},"featured_media":1068,"template":"","meta":[],"product_brand":[24],"product_cat":[18],"product_tag":[],"class_list":{"0":"post-1062","1":"product","2":"type-product","3":"status-publish","4":"has-post-thumbnail","6":"product_brand-vapsolo","7":"product_cat-cheap-vapes","9":"first","10":"instock","11":"sale","12":"shipping-taxable","13":"purchasable","14":"product-type-simple"},"yoast_head":"<!-- This site is optimized with the Yoast SEO plugin v26.6 - https:\/\/yoast.com\/wordpress\/plugins\/seo\/ -->\n<title>6-Month Program - Find Your Perfect Balance - VapeCheap.eu ~70,000 Big Puff Vapes from \u20ac39.90 - EU Delivery<\/title>\n<meta name=\"description\" content=\"6-Month Dual Strength Program \u2014 \u20ac74.90. Get both Vapsolo Master devices. ~140,000 puffs total (Lab Estimate). Free EU shipping. TPD-compliant\" \/>\n<meta name=\"robots\" content=\"index, follow, max-snippet:-1, max-image-preview:large, max-video-preview:-1\" \/>\n<link rel=\"canonical\" href=\"https:\/\/vapecheap.eu\/hu\/termek\/6-month-program-find-your-perfect-balance\/\" \/>\n<meta property=\"og:locale\" content=\"hu_HU\" \/>\n<meta property=\"og:type\" content=\"article\" \/>\n<meta property=\"og:title\" content=\"6-Month Program - Find Your Perfect Balance - VapeCheap.eu ~70,000 Big Puff Vapes from \u20ac39.90 - EU Delivery\" \/>\n<meta property=\"og:description\" content=\"6-Month Dual Strength Program \u2014 \u20ac74.90. Get both Vapsolo Master devices. ~140,000 puffs total (Lab Estimate). Free EU shipping. TPD-compliant\" \/>\n<meta property=\"og:url\" content=\"https:\/\/vapecheap.eu\/hu\/termek\/6-month-program-find-your-perfect-balance\/\" \/>\n<meta property=\"og:site_name\" content=\"VapeCheap.eu ~70,000 Big Puff Vapes from \u20ac39.90 - EU Delivery\" \/>\n<meta property=\"article:modified_time\" content=\"2026-02-08T21:33:07+00:00\" \/>\n<meta property=\"og:image\" content=\"https:\/\/vapecheap.eu\/wp-content\/uploads\/2025\/11\/Vapsolo-Master-6-Month-Program-Dual-Strength-Bundle-3.webp\" \/>\n\t<meta property=\"og:image:width\" content=\"1024\" \/>\n\t<meta property=\"og:image:height\" content=\"1024\" \/>\n\t<meta property=\"og:image:type\" content=\"image\/webp\" \/>\n<meta name=\"twitter:card\" content=\"summary_large_image\" \/>\n<meta name=\"twitter:label1\" content=\"Becs\u00fclt olvas\u00e1si id\u0151\" \/>\n\t<meta name=\"twitter:data1\" content=\"1 perc\" \/>\n<script type=\"application\/ld+json\" class=\"yoast-schema-graph\">{\"@context\":\"https:\/\/schema.org\",\"@graph\":[{\"@type\":\"WebPage\",\"@id\":\"https:\/\/vapecheap.eu\/product\/6-month-program-find-your-perfect-balance\/\",\"url\":\"https:\/\/vapecheap.eu\/product\/6-month-program-find-your-perfect-balance\/\",\"name\":\"6-Month Program - Find Your Perfect Balance - VapeCheap.eu ~70,000 Big Puff Vapes from \u20ac39.90 - EU Delivery\",\"isPartOf\":{\"@id\":\"https:\/\/vapecheap.eu\/#website\"},\"primaryImageOfPage\":{\"@id\":\"https:\/\/vapecheap.eu\/product\/6-month-program-find-your-perfect-balance\/#primaryimage\"},\"image\":{\"@id\":\"https:\/\/vapecheap.eu\/product\/6-month-program-find-your-perfect-balance\/#primaryimage\"},\"thumbnailUrl\":\"https:\/\/vapecheap.eu\/wp-content\/uploads\/2025\/11\/Vapsolo-Master-6-Month-Program-Dual-Strength-Bundle-3.webp\",\"datePublished\":\"2025-11-03T14:11:16+00:00\",\"dateModified\":\"2026-02-08T21:33:07+00:00\",\"description\":\"6-Month Dual Strength Program \u2014 \u20ac74.90. Get both Vapsolo Master devices. ~140,000 puffs total (Lab Estimate). Free EU shipping. TPD-compliant\",\"breadcrumb\":{\"@id\":\"https:\/\/vapecheap.eu\/product\/6-month-program-find-your-perfect-balance\/#breadcrumb\"},\"inLanguage\":\"hu\",\"potentialAction\":[{\"@type\":\"ReadAction\",\"target\":[\"https:\/\/vapecheap.eu\/product\/6-month-program-find-your-perfect-balance\/\"]}]},{\"@type\":\"ImageObject\",\"inLanguage\":\"hu\",\"@id\":\"https:\/\/vapecheap.eu\/product\/6-month-program-find-your-perfect-balance\/#primaryimage\",\"url\":\"https:\/\/vapecheap.eu\/wp-content\/uploads\/2025\/11\/Vapsolo-Master-6-Month-Program-Dual-Strength-Bundle-3.webp\",\"contentUrl\":\"https:\/\/vapecheap.eu\/wp-content\/uploads\/2025\/11\/Vapsolo-Master-6-Month-Program-Dual-Strength-Bundle-3.webp\",\"width\":1024,\"height\":1024,\"caption\":\"Vapsolo Master 6-Month Program - Dual Strength Bundle\"},{\"@type\":\"BreadcrumbList\",\"@id\":\"https:\/\/vapecheap.eu\/product\/6-month-program-find-your-perfect-balance\/#breadcrumb\",\"itemListElement\":[{\"@type\":\"ListItem\",\"position\":1,\"name\":\"Home\",\"item\":\"https:\/\/vapecheap.eu\/\"},{\"@type\":\"ListItem\",\"position\":2,\"name\":\"Shop\",\"item\":\"https:\/\/vapecheap.eu\/shop\/\"},{\"@type\":\"ListItem\",\"position\":3,\"name\":\"6-Month Program &#8211; Find Your Perfect Balance\"}]},{\"@type\":\"WebSite\",\"@id\":\"https:\/\/vapecheap.eu\/#website\",\"url\":\"https:\/\/vapecheap.eu\/\",\"name\":\"Vapecheap.eu \u2014 Cheap Big Puff Vapes EU\",\"description\":\"\",\"publisher\":{\"@id\":\"https:\/\/vapecheap.eu\/#organization\"},\"potentialAction\":[{\"@type\":\"SearchAction\",\"target\":{\"@type\":\"EntryPoint\",\"urlTemplate\":\"https:\/\/vapecheap.eu\/?s={search_term_string}\"},\"query-input\":{\"@type\":\"PropertyValueSpecification\",\"valueRequired\":true,\"valueName\":\"search_term_string\"}}],\"inLanguage\":\"hu\"},{\"@type\":\"Organization\",\"@id\":\"https:\/\/vapecheap.eu\/#organization\",\"name\":\"Vapecheap.eu \u2014 Cheap Big Puff Vapes EU\",\"url\":\"https:\/\/vapecheap.eu\/\",\"logo\":{\"@type\":\"ImageObject\",\"inLanguage\":\"hu\",\"@id\":\"https:\/\/vapecheap.eu\/#\/schema\/logo\/image\/\",\"url\":\"https:\/\/vapecheap.eu\/wp-content\/uploads\/2025\/10\/vapecheap-logo-small-1.png\",\"contentUrl\":\"https:\/\/vapecheap.eu\/wp-content\/uploads\/2025\/10\/vapecheap-logo-small-1.png\",\"width\":262,\"height\":250,\"caption\":\"Vapecheap.eu \u2014 Cheap Big Puff Vapes EU\"},\"image\":{\"@id\":\"https:\/\/vapecheap.eu\/#\/schema\/logo\/image\/\"}}]}<\/script>\n<!-- \/ Yoast SEO plugin. -->","yoast_head_json":{"title":"6-Month Program - Find Your Perfect Balance - VapeCheap.eu ~70,000 Big Puff Vapes from \u20ac39.90 - EU Delivery","description":"6-Month Dual Strength Program \u2014 \u20ac74.90. Get both Vapsolo Master devices. ~140,000 puffs total (Lab Estimate). Free EU shipping. TPD-compliant","robots":{"index":"index","follow":"follow","max-snippet":"max-snippet:-1","max-image-preview":"max-image-preview:large","max-video-preview":"max-video-preview:-1"},"canonical":"https:\/\/vapecheap.eu\/hu\/termek\/6-month-program-find-your-perfect-balance\/","og_locale":"hu_HU","og_type":"article","og_title":"6-Month Program - Find Your Perfect Balance - VapeCheap.eu ~70,000 Big Puff Vapes from \u20ac39.90 - EU Delivery","og_description":"6-Month Dual Strength Program \u2014 \u20ac74.90. Get both Vapsolo Master devices. ~140,000 puffs total (Lab Estimate). Free EU shipping. TPD-compliant","og_url":"https:\/\/vapecheap.eu\/hu\/termek\/6-month-program-find-your-perfect-balance\/","og_site_name":"VapeCheap.eu ~70,000 Big Puff Vapes from \u20ac39.90 - EU Delivery","article_modified_time":"2026-02-08T21:33:07+00:00","og_image":[{"width":1024,"height":1024,"url":"https:\/\/vapecheap.eu\/wp-content\/uploads\/2025\/11\/Vapsolo-Master-6-Month-Program-Dual-Strength-Bundle-3.webp","type":"image\/webp"}],"twitter_card":"summary_large_image","twitter_misc":{"Becs\u00fclt olvas\u00e1si id\u0151":"1 perc"},"schema":{"@context":"https:\/\/schema.org","@graph":[{"@type":"WebPage","@id":"https:\/\/vapecheap.eu\/product\/6-month-program-find-your-perfect-balance\/","url":"https:\/\/vapecheap.eu\/product\/6-month-program-find-your-perfect-balance\/","name":"6-Month Program - Find Your Perfect Balance - VapeCheap.eu ~70,000 Big Puff Vapes from \u20ac39.90 - EU Delivery","isPartOf":{"@id":"https:\/\/vapecheap.eu\/#website"},"primaryImageOfPage":{"@id":"https:\/\/vapecheap.eu\/product\/6-month-program-find-your-perfect-balance\/#primaryimage"},"image":{"@id":"https:\/\/vapecheap.eu\/product\/6-month-program-find-your-perfect-balance\/#primaryimage"},"thumbnailUrl":"https:\/\/vapecheap.eu\/wp-content\/uploads\/2025\/11\/Vapsolo-Master-6-Month-Program-Dual-Strength-Bundle-3.webp","datePublished":"2025-11-03T14:11:16+00:00","dateModified":"2026-02-08T21:33:07+00:00","description":"6-Month Dual Strength Program \u2014 \u20ac74.90. Get both Vapsolo Master devices. ~140,000 puffs total (Lab Estimate). Free EU shipping. TPD-compliant","breadcrumb":{"@id":"https:\/\/vapecheap.eu\/product\/6-month-program-find-your-perfect-balance\/#breadcrumb"},"inLanguage":"hu","potentialAction":[{"@type":"ReadAction","target":["https:\/\/vapecheap.eu\/product\/6-month-program-find-your-perfect-balance\/"]}]},{"@type":"ImageObject","inLanguage":"hu","@id":"https:\/\/vapecheap.eu\/product\/6-month-program-find-your-perfect-balance\/#primaryimage","url":"https:\/\/vapecheap.eu\/wp-content\/uploads\/2025\/11\/Vapsolo-Master-6-Month-Program-Dual-Strength-Bundle-3.webp","contentUrl":"https:\/\/vapecheap.eu\/wp-content\/uploads\/2025\/11\/Vapsolo-Master-6-Month-Program-Dual-Strength-Bundle-3.webp","width":1024,"height":1024,"caption":"Vapsolo Master 6-Month Program - Dual Strength Bundle"},{"@type":"BreadcrumbList","@id":"https:\/\/vapecheap.eu\/product\/6-month-program-find-your-perfect-balance\/#breadcrumb","itemListElement":[{"@type":"ListItem","position":1,"name":"Home","item":"https:\/\/vapecheap.eu\/"},{"@type":"ListItem","position":2,"name":"Shop","item":"https:\/\/vapecheap.eu\/shop\/"},{"@type":"ListItem","position":3,"name":"6-Month Program &#8211; Find Your Perfect Balance"}]},{"@type":"WebSite","@id":"https:\/\/vapecheap.eu\/#website","url":"https:\/\/vapecheap.eu\/","name":"Vapecheap.eu \u2014 Cheap Big Puff Vapes EU","description":"","publisher":{"@id":"https:\/\/vapecheap.eu\/#organization"},"potentialAction":[{"@type":"SearchAction","target":{"@type":"EntryPoint","urlTemplate":"https:\/\/vapecheap.eu\/?s={search_term_string}"},"query-input":{"@type":"PropertyValueSpecification","valueRequired":true,"valueName":"search_term_string"}}],"inLanguage":"hu"},{"@type":"Organization","@id":"https:\/\/vapecheap.eu\/#organization","name":"Vapecheap.eu \u2014 Cheap Big Puff Vapes EU","url":"https:\/\/vapecheap.eu\/","logo":{"@type":"ImageObject","inLanguage":"hu","@id":"https:\/\/vapecheap.eu\/#\/schema\/logo\/image\/","url":"https:\/\/vapecheap.eu\/wp-content\/uploads\/2025\/10\/vapecheap-logo-small-1.png","contentUrl":"https:\/\/vapecheap.eu\/wp-content\/uploads\/2025\/10\/vapecheap-logo-small-1.png","width":262,"height":250,"caption":"Vapecheap.eu \u2014 Cheap Big Puff Vapes EU"},"image":{"@id":"https:\/\/vapecheap.eu\/#\/schema\/logo\/image\/"}}]}},"_links":{"self":[{"href":"https:\/\/vapecheap.eu\/hu\/wp-json\/wp\/v2\/product\/1062","targetHints":{"allow":["GET"]}}],"collection":[{"href":"https:\/\/vapecheap.eu\/hu\/wp-json\/wp\/v2\/product"}],"about":[{"href":"https:\/\/vapecheap.eu\/hu\/wp-json\/wp\/v2\/types\/product"}],"version-history":[{"count":6,"href":"https:\/\/vapecheap.eu\/hu\/wp-json\/wp\/v2\/product\/1062\/revisions"}],"predecessor-version":[{"id":1141,"href":"https:\/\/vapecheap.eu\/hu\/wp-json\/wp\/v2\/product\/1062\/revisions\/1141"}],"wp:featuredmedia":[{"embeddable":true,"href":"https:\/\/vapecheap.eu\/hu\/wp-json\/wp\/v2\/media\/1068"}],"wp:attachment":[{"href":"https:\/\/vapecheap.eu\/hu\/wp-json\/wp\/v2\/media?parent=1062"}],"wp:term":[{"taxonomy":"product_brand","embeddable":true,"href":"https:\/\/vapecheap.eu\/hu\/wp-json\/wp\/v2\/product_brand?post=1062"},{"taxonomy":"product_cat","embeddable":true,"href":"https:\/\/vapecheap.eu\/hu\/wp-json\/wp\/v2\/product_cat?post=1062"},{"taxonomy":"product_tag","embeddable":true,"href":"https:\/\/vapecheap.eu\/hu\/wp-json\/wp\/v2\/product_tag?post=1062"}],"curies":[{"name":"wp","href":"https:\/\/api.w.org\/{rel}","templated":true}]}}