{"id":618,"date":"2025-10-29T15:53:18","date_gmt":"2025-10-29T15:53:18","guid":{"rendered":"https:\/\/vapecheap.eu\/?page_id=618"},"modified":"2025-11-04T19:18:12","modified_gmt":"2025-11-04T19:18:12","slug":"terms-and-conditions","status":"publish","type":"page","link":"https:\/\/vapecheap.eu\/hu\/terms-and-conditions\/","title":{"rendered":"\u00c1SZF"},"content":{"rendered":"<div data-elementor-type=\"wp-page\" data-elementor-id=\"618\" class=\"elementor elementor-618\" data-elementor-post-type=\"page\">\n\t\t\t\t<div class=\"elementor-element elementor-element-af49f0a e-flex e-con-boxed sc_layouts_column_icons_position_left e-con e-parent\" data-id=\"af49f0a\" data-element_type=\"container\">\n\t\t\t\t\t<div class=\"e-con-inner\">\n\t\t\t\t<div class=\"elementor-element elementor-element-8062d17 sc_gradient_animation_none sc_fly_static elementor-widget elementor-widget-text-editor\" data-id=\"8062d17\" data-element_type=\"widget\" data-widget_type=\"text-editor.default\">\n\t\t\t\t\t\t\t\t\t<h4>Kik vagyunk<img fetchpriority=\"high\" decoding=\"async\" class=\"size-medium wp-image-1019 alignright\" src=\"https:\/\/vapecheap.eu\/wp-content\/uploads\/2025\/11\/laboratoscientio-300x282.webp\" alt=\"\" width=\"300\" height=\"282\" srcset=\"https:\/\/vapecheap.eu\/wp-content\/uploads\/2025\/11\/laboratoscientio-300x282.webp 300w, https:\/\/vapecheap.eu\/wp-content\/uploads\/2025\/11\/laboratoscientio-13x12.webp 13w, https:\/\/vapecheap.eu\/wp-content\/uploads\/2025\/11\/laboratoscientio-370x348.webp 370w, https:\/\/vapecheap.eu\/wp-content\/uploads\/2025\/11\/laboratoscientio-410x385.webp 410w, https:\/\/vapecheap.eu\/wp-content\/uploads\/2025\/11\/laboratoscientio.webp 500w\" sizes=\"(max-width: 300px) 100vw, 300px\" \/><\/h4><p>Sci\u00e9ntio Laboratories spol. s r.o.<br \/>Tallerova 4, 811 02 Bratislava, Slovakia<br \/>Reg. under Company ID: 52053407<\/p><p>Effective date: 31.10.2025<\/p><p><strong>\u00c9rt\u00e9kes\u00edt\u00e9s ter\u00fcleti hat\u00e1lya<\/strong><\/p><p>Term\u00e9keinket kiz\u00e1r\u00f3lag az Eur\u00f3pai Uni\u00f3 (EU) \u00e9s az Eur\u00f3pai Gazdas\u00e1gi T\u00e9rs\u00e9g (EGT) ter\u00fclet\u00e9n tart\u00f3zkod\u00f3 v\u00e1s\u00e1rl\u00f3k sz\u00e1m\u00e1ra \u00e9rt\u00e9kes\u00edtj\u00fck \u00e9s sz\u00e1ll\u00edtjuk. Az ezen ter\u00fcleteken k\u00edv\u00fcli megrendel\u00e9sek nem ker\u00fclnek feldolgoz\u00e1sra vagy teljes\u00edt\u00e9sre.<\/p><p>Kiz\u00e1r\u00f3lag viszontelad\u00f3k\u00e9nt m\u0171k\u00f6d\u00fcnk a 250\/2007. sz. fogyaszt\u00f3v\u00e9delmi t\u00f6rv\u00e9ny (Szlov\u00e1kia) \u00e9s a 2011\/83\/EU ir\u00e1nyelv (fogyaszt\u00f3i jogok) alapj\u00e1n. Minden term\u00e9k ellen\u0151rz\u00f6tt uni\u00f3s nagykeresked\u0151kt\u0151l sz\u00e1rmazik, \u00e9s EU-rakt\u00e1rakban ker\u00fcl t\u00e1rol\u00e1sra. Nem import\u00e1lunk \u00e9s nem gy\u00e1rtunk \u00e1rut.<\/p><div class=\"disclaimer\"><p>Minden term\u00e9kle\u00edr\u00e1s, marketingadat, k\u00e9p, m\u0171szaki specifik\u00e1ci\u00f3 \u00e9s teljes\u00edtm\u00e9nyre vonatkoz\u00f3 \u00e1ll\u00edt\u00e1s k\u00f6zvetlen\u00fcl a gy\u00e1rt\u00f3 hivatalos adatlapj\u00e1r\u00f3l sz\u00e1rmazik. A Sci\u00e9ntio nem v\u00e9gez f\u00fcggetlen ellen\u0151rz\u00e9st, \u00e9s nem v\u00e1llal felel\u0151ss\u00e9get az esetleges pontatlans\u00e1gok\u00e9rt. A TPD, CE, CLP, RoHS, GPSR \u00e9s minden egy\u00e9b uni\u00f3s biztons\u00e1gi el\u0151\u00edr\u00e1s betart\u00e1sa kiz\u00e1r\u00f3lag az EU-import\u0151r \u00e9s a gy\u00e1rt\u00f3 felel\u0151ss\u00e9ge. A Sci\u00e9ntio kiz\u00e1r\u00f3lag kiskeresked\u0151k\u00e9nt m\u0171k\u00f6dik, \u00e9s ebben a tekintetben nem v\u00e1llal semmilyen felel\u0151ss\u00e9get. A Sci\u00e9ntio Laboratories spol. s r.o. kiz\u00e1r\u00f3lag kiskeresked\u0151k\u00e9nt m\u0171k\u00f6dik, \u00e9s nem v\u00e1llal felel\u0151ss\u00e9get ebben az \u00f6sszef\u00fcgg\u00e9sben.<\/p><\/div><h4>1. Term\u00e9kek<\/h4><p>Vape-k\u00e9sz\u00fcl\u00e9keket, e-folyad\u00e9kokat \u00e9s tartoz\u00e9kokat k\u00edn\u00e1lunk. Minden term\u00e9k az EU-ban el\u0151zetesen enged\u00e9lyezett, hivatalos forgalmaz\u00f3kon kereszt\u00fcl:<\/p><ul><li>Directive 2014\/40\/EU (TPD)\u00a0\u2013 notified via EU-CEG<\/li><li>Regulation (EC) No 1907\/2006 (REACH)<\/li><li>Directive 2001\/95\/EC (GPSR)<\/li><li>Directive 2014\/30\/EU (EMC)<\/li><li>Directive 2011\/65\/EU (RoHS)<\/li><li>Regulation (EC) No 1272\/2008 (CLP)<\/li><\/ul><p>Kiz\u00e1r\u00f3lag kiskeresked\u0151k\u00e9nt m\u0171k\u00f6d\u00fcnk.<\/p><h4>2. \u00c9letkor-ellen\u0151rz\u00e9s (18+)<\/h4><p>Nikotin\u00adtartalm\u00fa term\u00e9keket kiz\u00e1r\u00f3lag 18 \u00e9ven fel\u00fcliek r\u00e9sz\u00e9re \u00e9rt\u00e9kes\u00edt\u00fcnk. Az \u00e9letkor ellen\u0151rz\u00e9se a k\u00e9zbes\u00edt\u00e9skor, a fut\u00e1r \u00e1ltal, \u00e9rv\u00e9nyes, f\u00e9nyk\u00e9pes, hivatalos igazolv\u00e1ny bemutat\u00e1s\u00e1val t\u00f6rt\u00e9nik. Igazolv\u00e1ny hi\u00e1ny\u00e1ban a kisz\u00e1ll\u00edt\u00e1s nem t\u00f6rt\u00e9nik meg, \u00e9s a v\u00e9tel\u00e1r automatikusan visszat\u00e9r\u00edt\u00e9sre ker\u00fcl. Az \u00e9letkor-ellen\u0151rz\u00e9s a 377\/2004. sz. t\u00f6rv\u00e9ny (Nemdoh\u00e1nyz\u00f3k v\u00e9delme) \u00e9s a TPD 20. cikke alapj\u00e1n t\u00f6rt\u00e9nik.<\/p><h4>3. \u00c1r \u00e9s fizet\u00e9s<\/h4><p>Minden \u00e1r eur\u00f3ban (\u20ac) van felt\u00fcntetve, \u00e9s tartalmazza az illet\u00e9kes \u00e1f\u00e1t. A 222\/2004. sz. t\u00f6rv\u00e9ny az \u00e1f\u00e1r\u00f3l. A biztons\u00e1gos fizet\u00e9seket a Stripe vagy a PayPal kezeli a PCI-DSS szabv\u00e1nyoknak megfelel\u0151en.<\/p><h4>4. Sz\u00e1ll\u00edt\u00e1s<\/h4><p>A megrendel\u00e9seket 1\u20133 munkanapon bel\u00fcl EU-rakt\u00e1rainkb\u00f3l k\u00fcldj\u00fck el. A k\u00e9zbes\u00edt\u00e9s Magyarorsz\u00e1gon bel\u00fcl 1\u20135 munkanapot vesz ig\u00e9nybe Packeta vagy GLS\/DHL szolg\u00e1ltat\u00e1ssal, nyomon k\u00f6vet\u00e9ssel.<\/p><h4>5. Visszak\u00fcld\u00e9s \u00e9s visszat\u00e9r\u00edt\u00e9s<\/h4><table><tbody><tr><th>Product Type<\/th><th>Sealed \/ Unopened<\/th><th>Opened \/ Used<\/th><\/tr><tr><td>Nicotine Products<\/td><td>Eligible within 14 days<\/td><td>Not eligible (TPD Art. 20(5) \u2013 hygiene)<\/td><\/tr><tr><td>Accessories &amp; Non-Nicotine<\/td><td>Eligible within 14 days<\/td><td>Eligible within 14 days<\/td><\/tr><\/tbody><\/table><p>A visszak\u00fcld\u00e9s el\u0151zetes e-mailes \u00e9rtes\u00edt\u00e9st ig\u00e9nyel. El\u0151re fizetett visszak\u00fcld\u00e9si c\u00edmk\u00e9t biztos\u00edtunk. A visszat\u00e9r\u00edt\u00e9s a term\u00e9k be\u00e9rkez\u00e9s\u00e9t \u00e9s ellen\u0151rz\u00e9s\u00e9t k\u00f6vet\u0151 48 \u00f3r\u00e1n bel\u00fcl t\u00f6rt\u00e9nik.<\/p><p class=\"translation-block\"><strong>Fogyaszt\u00f3i el\u00e1ll\u00e1si jog<\/strong><br>A 2011\/83\/EU ir\u00e1nyelv 9\u201316. cikkei \u00e9s a 102\/2014. sz. t\u00f6rv\u00e9ny 7. \u00a7-a alapj\u00e1n a fogyaszt\u00f3 jogosult a t\u00e1voll\u00e9v\u0151k k\u00f6z\u00f6tt k\u00f6t\u00f6tt szerz\u0151d\u00e9st\u0151l 14 napon bel\u00fcl, indokl\u00e1s n\u00e9lk\u00fcl el\u00e1llni. Ez a jog nem vonatkozik a lez\u00e1rt term\u00e9kekre, amelyek eg\u00e9szs\u00e9gv\u00e9delmi vagy higi\u00e9niai okokb\u00f3l a felbont\u00e1s ut\u00e1n nem alkalmasak visszak\u00fcld\u00e9sre, a 2011\/83\/EU ir\u00e1nyelv 16. cikke (e) pontja szerint.<\/p><h4>6. J\u00f3t\u00e1ll\u00e1s<\/h4><p>Minden term\u00e9kre 24 h\u00f3napos EU-jogszab\u00e1lyon alapul\u00f3 garancia vonatkozik a 1999\/44\/EK ir\u00e1nyelv szerint, amelyet a gy\u00e1rt\u00f3 \u00e9rv\u00e9nyes\u00edt. A Sci\u00e9ntio Laboratories spol. s r.o. nem v\u00e9gez jav\u00edt\u00e1sokat, csere-term\u00e9ket biztos\u00edt.<\/p><h4>7. Felel\u0151ss\u00e9g<\/h4><p>A felel\u0151ss\u00e9g\u00fcnk szigor\u00faan a term\u00e9k v\u00e9tel\u00e1r\u00e1ra korl\u00e1toz\u00f3dik. Nem v\u00e1llalunk felel\u0151ss\u00e9get k\u00f6zvetett, k\u00f6vetkezm\u00e9nyes vagy v\u00e9letlenszer\u0171 k\u00e1rok\u00e9rt, eg\u00e9szs\u00e9g\u00fcgyi ig\u00e9nyek\u00e9rt vagy a term\u00e9k nem rendeltet\u00e9sszer\u0171 haszn\u00e1lat\u00e1\u00e9rt, kiv\u00e9ve, ha azt k\u00f6telez\u0151 uni\u00f3s jog tiltja. A felel\u0151ss\u00e9g a v\u00e9tel\u00e1rra korl\u00e1toz\u00f3dik a szlov\u00e1k Polg\u00e1ri T\u00f6rv\u00e9nyk\u00f6nyv 420. \u00a7-a alapj\u00e1n.<\/p><h4>8. Adatv\u00e9delem<\/h4><p>A szem\u00e9lyes adatokat a (EU) 2016\/679 (GDPR) rendeletnek \u00e9s a 18\/2018. sz. adatv\u00e9delmi t\u00f6rv\u00e9nynek megfelel\u0151en kezelj\u00fck. Adatv\u00e9delmi tisztvisel\u0151 (DPO): privacy@vapecheap.eu \n\nAz adatokat kiz\u00e1r\u00f3lag a megrendel\u00e9sek teljes\u00edt\u00e9s\u00e9re, kisz\u00e1ll\u00edt\u00e1sra \u00e9s \u00fcgyf\u00e9lt\u00e1mogat\u00e1sra haszn\u00e1ljuk. Hozz\u00e1f\u00e9r\u00e9s, helyesb\u00edt\u00e9s vagy t\u00f6rl\u00e9s ir\u00e1nti k\u00e9relmet a DPO e-mail c\u00edm\u00e9re lehet k\u00fcldeni: privacy@vapecheap.eu<\/p><h4>9. Eg\u00e9szs\u00e9g\u00fcgyi figyelmeztet\u00e9s<\/h4><p>FIGYELMEZTET\u00c9S: Ez a term\u00e9k nikotint tartalmaz. Csak 18 \u00e9ven fel\u00fclieknek. TPD 20. cikk. A nikotin er\u0151sen f\u00fcgg\u0151s\u00e9get okoz\u00f3 anyag. Nem aj\u00e1nlott nemdoh\u00e1nyz\u00f3knak, kiskor\u00faaknak, terhes vagy szoptat\u00f3 n\u0151knek, illetve sz\u00edv- \u00e9s \u00e9rrendszeri betegs\u00e9gben szenved\u0151knek. Gyermekekt\u0151l \u00e9s \u00e1llatokt\u00f3l t\u00e1vol tartand\u00f3.<\/p><h4>10. Ir\u00e1nyad\u00f3 jog<\/h4><p>A jelen felt\u00e9telekre a szlov\u00e1k jog ir\u00e1nyad\u00f3. Az EU-ban \u00e9l\u0151 fogyaszt\u00f3kra a szok\u00e1sos tart\u00f3zkod\u00e1si hely\u00fck szerinti tag\u00e1llam valamennyi k\u00f6telez\u0151 fogyaszt\u00f3v\u00e9delmi rendelkez\u00e9se alkalmazand\u00f3 az (EK) 593\/2008 rendelet 6. cikke (R\u00f3ma I, 6. cikk) alapj\u00e1n.<\/p><h4>11. Kapcsolat<\/h4><table><tbody><tr><th>C\u00e9l<\/th><th>Email<\/th><\/tr><tr><td>Rendel\u00e9sek \u00e9s visszat\u00e9r\u00edt\u00e9sek<\/td><td>support@vapecheap.eu<\/td><\/tr><tr><td>Adatv\u00e9delem \u00e9s adatkezel\u00e9s<\/td><td>privacy@vapecheap.eu<\/td><\/tr><tr><td>\u00c1ltal\u00e1nos megkeres\u00e9sek<\/td><td>support@vapecheap.eu<\/td><\/tr><\/tbody><\/table>\t\t\t\t\t\t\t\t<\/div>\n\t\t\t\t\t<\/div>\n\t\t\t\t<\/div>\n\t\t\t\t<\/div>","protected":false},"excerpt":{"rendered":"<p>Who We Are Sci\u00e9ntio Laboratories spol. s r.o.Tallerova 4, 811 02 Bratislava, SlovakiaReg. under Company ID: 52053407 Effective date: 31.10.2025 Territorial Scope of Sale We sell and deliver products exclusively&hellip;<\/p>","protected":false},"author":1,"featured_media":0,"parent":0,"menu_order":0,"comment_status":"closed","ping_status":"closed","template":"","meta":{"footnotes":""},"class_list":["post-618","page","type-page","status-publish","hentry"],"yoast_head":"<!-- This site is optimized with the Yoast SEO plugin v26.6 - https:\/\/yoast.com\/wordpress\/plugins\/seo\/ -->\n<title>Terms and Conditions - VapeCheap.eu ~70,000 Big Puff Vapes from \u20ac39.90 - EU Delivery<\/title>\n<meta name=\"robots\" content=\"index, follow, max-snippet:-1, max-image-preview:large, max-video-preview:-1\" \/>\n<link rel=\"canonical\" href=\"https:\/\/vapecheap.eu\/hu\/terms-and-conditions\/\" \/>\n<meta property=\"og:locale\" content=\"hu_HU\" \/>\n<meta property=\"og:type\" content=\"article\" \/>\n<meta property=\"og:title\" content=\"Terms and Conditions - VapeCheap.eu ~70,000 Big Puff Vapes from \u20ac39.90 - EU Delivery\" \/>\n<meta property=\"og:description\" content=\"Who We Are Sci\u00e9ntio Laboratories spol. s r.o.Tallerova 4, 811 02 Bratislava, SlovakiaReg. under Company ID: 52053407 Effective date: 31.10.2025 Territorial Scope of Sale We sell and deliver products exclusively&hellip;\" \/>\n<meta property=\"og:url\" content=\"https:\/\/vapecheap.eu\/hu\/terms-and-conditions\/\" \/>\n<meta property=\"og:site_name\" content=\"VapeCheap.eu ~70,000 Big Puff Vapes from \u20ac39.90 - EU Delivery\" \/>\n<meta property=\"article:modified_time\" content=\"2025-11-04T19:18:12+00:00\" \/>\n<meta property=\"og:image\" content=\"https:\/\/vapecheap.eu\/wp-content\/uploads\/2025\/11\/laboratoscientio.webp\" \/>\n\t<meta property=\"og:image:width\" content=\"500\" \/>\n\t<meta property=\"og:image:height\" content=\"470\" \/>\n\t<meta property=\"og:image:type\" content=\"image\/webp\" \/>\n<meta name=\"twitter:card\" content=\"summary_large_image\" \/>\n<meta name=\"twitter:label1\" content=\"Becs\u00fclt olvas\u00e1si id\u0151\" \/>\n\t<meta name=\"twitter:data1\" content=\"4 perc\" \/>\n<script type=\"application\/ld+json\" class=\"yoast-schema-graph\">{\"@context\":\"https:\/\/schema.org\",\"@graph\":[{\"@type\":\"WebPage\",\"@id\":\"https:\/\/vapecheap.eu\/terms-and-conditions\/\",\"url\":\"https:\/\/vapecheap.eu\/terms-and-conditions\/\",\"name\":\"Terms and Conditions - VapeCheap.eu ~70,000 Big Puff Vapes from \u20ac39.90 - EU Delivery\",\"isPartOf\":{\"@id\":\"https:\/\/vapecheap.eu\/#website\"},\"primaryImageOfPage\":{\"@id\":\"https:\/\/vapecheap.eu\/terms-and-conditions\/#primaryimage\"},\"image\":{\"@id\":\"https:\/\/vapecheap.eu\/terms-and-conditions\/#primaryimage\"},\"thumbnailUrl\":\"https:\/\/vapecheap.eu\/wp-content\/uploads\/2025\/11\/laboratoscientio-300x282.webp\",\"datePublished\":\"2025-10-29T15:53:18+00:00\",\"dateModified\":\"2025-11-04T19:18:12+00:00\",\"breadcrumb\":{\"@id\":\"https:\/\/vapecheap.eu\/terms-and-conditions\/#breadcrumb\"},\"inLanguage\":\"hu\",\"potentialAction\":[{\"@type\":\"ReadAction\",\"target\":[\"https:\/\/vapecheap.eu\/terms-and-conditions\/\"]}]},{\"@type\":\"ImageObject\",\"inLanguage\":\"hu\",\"@id\":\"https:\/\/vapecheap.eu\/terms-and-conditions\/#primaryimage\",\"url\":\"https:\/\/vapecheap.eu\/wp-content\/uploads\/2025\/11\/laboratoscientio-300x282.webp\",\"contentUrl\":\"https:\/\/vapecheap.eu\/wp-content\/uploads\/2025\/11\/laboratoscientio-300x282.webp\"},{\"@type\":\"BreadcrumbList\",\"@id\":\"https:\/\/vapecheap.eu\/terms-and-conditions\/#breadcrumb\",\"itemListElement\":[{\"@type\":\"ListItem\",\"position\":1,\"name\":\"Home\",\"item\":\"https:\/\/vapecheap.eu\/\"},{\"@type\":\"ListItem\",\"position\":2,\"name\":\"Terms and Conditions\"}]},{\"@type\":\"WebSite\",\"@id\":\"https:\/\/vapecheap.eu\/#website\",\"url\":\"https:\/\/vapecheap.eu\/\",\"name\":\"Vapecheap.eu \u2014 Cheap Big Puff Vapes EU\",\"description\":\"\",\"publisher\":{\"@id\":\"https:\/\/vapecheap.eu\/#organization\"},\"potentialAction\":[{\"@type\":\"SearchAction\",\"target\":{\"@type\":\"EntryPoint\",\"urlTemplate\":\"https:\/\/vapecheap.eu\/?s={search_term_string}\"},\"query-input\":{\"@type\":\"PropertyValueSpecification\",\"valueRequired\":true,\"valueName\":\"search_term_string\"}}],\"inLanguage\":\"hu\"},{\"@type\":\"Organization\",\"@id\":\"https:\/\/vapecheap.eu\/#organization\",\"name\":\"Vapecheap.eu \u2014 Cheap Big Puff Vapes EU\",\"url\":\"https:\/\/vapecheap.eu\/\",\"logo\":{\"@type\":\"ImageObject\",\"inLanguage\":\"hu\",\"@id\":\"https:\/\/vapecheap.eu\/#\/schema\/logo\/image\/\",\"url\":\"https:\/\/vapecheap.eu\/wp-content\/uploads\/2025\/10\/vapecheap-logo-small-1.png\",\"contentUrl\":\"https:\/\/vapecheap.eu\/wp-content\/uploads\/2025\/10\/vapecheap-logo-small-1.png\",\"width\":262,\"height\":250,\"caption\":\"Vapecheap.eu \u2014 Cheap Big Puff Vapes EU\"},\"image\":{\"@id\":\"https:\/\/vapecheap.eu\/#\/schema\/logo\/image\/\"}}]}<\/script>\n<!-- \/ Yoast SEO plugin. -->","yoast_head_json":{"title":"Terms and Conditions - VapeCheap.eu ~70,000 Big Puff Vapes from \u20ac39.90 - EU Delivery","robots":{"index":"index","follow":"follow","max-snippet":"max-snippet:-1","max-image-preview":"max-image-preview:large","max-video-preview":"max-video-preview:-1"},"canonical":"https:\/\/vapecheap.eu\/hu\/terms-and-conditions\/","og_locale":"hu_HU","og_type":"article","og_title":"Terms and Conditions - VapeCheap.eu ~70,000 Big Puff Vapes from \u20ac39.90 - EU Delivery","og_description":"Who We Are Sci\u00e9ntio Laboratories spol. s r.o.Tallerova 4, 811 02 Bratislava, SlovakiaReg. under Company ID: 52053407 Effective date: 31.10.2025 Territorial Scope of Sale We sell and deliver products exclusively&hellip;","og_url":"https:\/\/vapecheap.eu\/hu\/terms-and-conditions\/","og_site_name":"VapeCheap.eu ~70,000 Big Puff Vapes from \u20ac39.90 - EU Delivery","article_modified_time":"2025-11-04T19:18:12+00:00","og_image":[{"width":500,"height":470,"url":"https:\/\/vapecheap.eu\/wp-content\/uploads\/2025\/11\/laboratoscientio.webp","type":"image\/webp"}],"twitter_card":"summary_large_image","twitter_misc":{"Becs\u00fclt olvas\u00e1si id\u0151":"4 perc"},"schema":{"@context":"https:\/\/schema.org","@graph":[{"@type":"WebPage","@id":"https:\/\/vapecheap.eu\/terms-and-conditions\/","url":"https:\/\/vapecheap.eu\/terms-and-conditions\/","name":"Terms and Conditions - VapeCheap.eu ~70,000 Big Puff Vapes from \u20ac39.90 - EU Delivery","isPartOf":{"@id":"https:\/\/vapecheap.eu\/#website"},"primaryImageOfPage":{"@id":"https:\/\/vapecheap.eu\/terms-and-conditions\/#primaryimage"},"image":{"@id":"https:\/\/vapecheap.eu\/terms-and-conditions\/#primaryimage"},"thumbnailUrl":"https:\/\/vapecheap.eu\/wp-content\/uploads\/2025\/11\/laboratoscientio-300x282.webp","datePublished":"2025-10-29T15:53:18+00:00","dateModified":"2025-11-04T19:18:12+00:00","breadcrumb":{"@id":"https:\/\/vapecheap.eu\/terms-and-conditions\/#breadcrumb"},"inLanguage":"hu","potentialAction":[{"@type":"ReadAction","target":["https:\/\/vapecheap.eu\/terms-and-conditions\/"]}]},{"@type":"ImageObject","inLanguage":"hu","@id":"https:\/\/vapecheap.eu\/terms-and-conditions\/#primaryimage","url":"https:\/\/vapecheap.eu\/wp-content\/uploads\/2025\/11\/laboratoscientio-300x282.webp","contentUrl":"https:\/\/vapecheap.eu\/wp-content\/uploads\/2025\/11\/laboratoscientio-300x282.webp"},{"@type":"BreadcrumbList","@id":"https:\/\/vapecheap.eu\/terms-and-conditions\/#breadcrumb","itemListElement":[{"@type":"ListItem","position":1,"name":"Home","item":"https:\/\/vapecheap.eu\/"},{"@type":"ListItem","position":2,"name":"Terms and Conditions"}]},{"@type":"WebSite","@id":"https:\/\/vapecheap.eu\/#website","url":"https:\/\/vapecheap.eu\/","name":"Vapecheap.eu \u2014 Cheap Big Puff Vapes EU","description":"","publisher":{"@id":"https:\/\/vapecheap.eu\/#organization"},"potentialAction":[{"@type":"SearchAction","target":{"@type":"EntryPoint","urlTemplate":"https:\/\/vapecheap.eu\/?s={search_term_string}"},"query-input":{"@type":"PropertyValueSpecification","valueRequired":true,"valueName":"search_term_string"}}],"inLanguage":"hu"},{"@type":"Organization","@id":"https:\/\/vapecheap.eu\/#organization","name":"Vapecheap.eu \u2014 Cheap Big Puff Vapes EU","url":"https:\/\/vapecheap.eu\/","logo":{"@type":"ImageObject","inLanguage":"hu","@id":"https:\/\/vapecheap.eu\/#\/schema\/logo\/image\/","url":"https:\/\/vapecheap.eu\/wp-content\/uploads\/2025\/10\/vapecheap-logo-small-1.png","contentUrl":"https:\/\/vapecheap.eu\/wp-content\/uploads\/2025\/10\/vapecheap-logo-small-1.png","width":262,"height":250,"caption":"Vapecheap.eu \u2014 Cheap Big Puff Vapes EU"},"image":{"@id":"https:\/\/vapecheap.eu\/#\/schema\/logo\/image\/"}}]}},"_links":{"self":[{"href":"https:\/\/vapecheap.eu\/hu\/wp-json\/wp\/v2\/pages\/618","targetHints":{"allow":["GET"]}}],"collection":[{"href":"https:\/\/vapecheap.eu\/hu\/wp-json\/wp\/v2\/pages"}],"about":[{"href":"https:\/\/vapecheap.eu\/hu\/wp-json\/wp\/v2\/types\/page"}],"author":[{"embeddable":true,"href":"https:\/\/vapecheap.eu\/hu\/wp-json\/wp\/v2\/users\/1"}],"replies":[{"embeddable":true,"href":"https:\/\/vapecheap.eu\/hu\/wp-json\/wp\/v2\/comments?post=618"}],"version-history":[{"count":74,"href":"https:\/\/vapecheap.eu\/hu\/wp-json\/wp\/v2\/pages\/618\/revisions"}],"predecessor-version":[{"id":1219,"href":"https:\/\/vapecheap.eu\/hu\/wp-json\/wp\/v2\/pages\/618\/revisions\/1219"}],"wp:attachment":[{"href":"https:\/\/vapecheap.eu\/hu\/wp-json\/wp\/v2\/media?parent=618"}],"curies":[{"name":"wp","href":"https:\/\/api.w.org\/{rel}","templated":true}]}}