{"id":967,"date":"2025-11-01T22:14:54","date_gmt":"2025-11-01T22:14:54","guid":{"rendered":"https:\/\/vapecheap.eu\/?post_type=product&#038;p=967"},"modified":"2026-02-08T21:32:12","modified_gmt":"2026-02-08T21:32:12","slug":"vapsolo-master-strong","status":"publish","type":"product","link":"https:\/\/vapecheap.eu\/fi\/tuote\/vapsolo-master-strong\/","title":{"rendered":"Vapsolo Master Strong"},"content":{"rendered":"<p>~70 000 vetoa (laboratorioarvio) \u00b7 Ladattava \u00b7 2 % nikotiini (20 mg\/ml) \u00b7 L\u00e4hetet\u00e4\u00e4n t\u00e4n\u00e4\u00e4n \u00b7 Maku\u00adprofiili: neutraali pohja, kevyt j\u00e4inen vesimeloni-aromi.<\/p>","protected":false},"excerpt":{"rendered":"<h3>Vapsolo Master \u2013 Pitk\u00e4kestoinen vape, Big Puff kertak\u00e4ytt\u00f6inen s\u00e4hk\u00f6savuke ~70 000 vetoa (lab. arvio)<\/h3>\n<p>&nbsp;<\/p>\n<p>Uusin laitemallimme t\u00e4ytt\u00e4\u00e4 kaikki EU:n TPD-vaatimukset (nikotiinipitoisuuden enimm\u00e4ism\u00e4\u00e4r\u00e4 20 mg\/ml). Edistyneen kelasuunnittelun ja optimoidun ilmavirran ansiosta laite tuottaa tasaisen ja tehokkaan nikotiinin vapautumisen. Yksi laite kest\u00e4\u00e4 arviolta 4\u20136 kuukautta k\u00e4ytt\u00e4j\u00e4ll\u00e4, joka kuluttaa 15\u201330 savukkeen nikotiinivastaavuuden p\u00e4iv\u00e4ss\u00e4. Nikotiinin vapautuminen on teknisesti verrattavissa vahvojen savukkeiden m\u00e4\u00e4r\u00e4\u00e4n.<\/p>\n<p>&nbsp;<\/p>\n<table class=\"w-full border-collapse text-sm md:text-base\">\n<thead>\n<tr class=\"bg-gray-100\">\n<th class=\"border border-gray-300 px-4 py-2 text-left font-bold\">Tehoasetus<\/th>\n<th class=\"border border-gray-300 px-4 py-2 text-left font-bold\">Nikotiinia per henk\u00e4ys<\/th>\n<th class=\"border border-gray-300 px-4 py-2 text-left font-bold\">Imeytynyt nikotiini (\u224850%)<\/th>\n<\/tr>\n<\/thead>\n<tbody>\n<tr>\n<td class=\"border border-gray-300 px-4 py-2\">Low (16 W)<\/td>\n<td class=\"border border-gray-300 px-4 py-2 font-mono\">0.0833 mg<\/td>\n<td class=\"border border-gray-300 px-4 py-2 font-mono\">\u22480.0417 mg<\/td>\n<\/tr>\n<tr class=\"bg-gray-50\">\n<td class=\"border border-gray-300 px-4 py-2\">Medium (20 W)<\/td>\n<td class=\"border border-gray-300 px-4 py-2 font-mono\">0.1167 mg<\/td>\n<td class=\"border border-gray-300 px-4 py-2 font-mono\">\u22480.0583 mg<\/td>\n<\/tr>\n<tr>\n<td class=\"border border-gray-300 px-4 py-2\">High (30 W)<\/td>\n<td class=\"border border-gray-300 px-4 py-2 font-mono\">0.1667 mg<\/td>\n<td class=\"border border-gray-300 px-4 py-2 font-mono\">\u22480.0833 mg<\/td>\n<\/tr>\n<tr class=\"bg-blue-50 font-medium\">\n<td class=\"border border-gray-300 px-4 py-2\">1 henk\u00e4ys savukkeesta (Marlboro Red \/ Camel)<\/td>\n<td class=\"border border-gray-300 px-4 py-2 font-mono\">~0.14 mg<\/td>\n<td class=\"border border-gray-300 px-4 py-2 font-mono\">~0.073 mg<\/td>\n<\/tr>\n<\/tbody>\n<\/table>\n<p class=\"text-xs text-gray-600 mt-2 italic\"><em>(Testattu riippumattomassa laboratoriossa puff-koneilla ISO 20768:2018 -standardin mukaisesti. Savuketiedot: Public Health England 2025 \u2013 annetun vs imeytyneen nikotiinin m\u00e4\u00e4r\u00e4.)<\/em><\/p>\n<p>&nbsp;<\/p>\n<ul>\n<li>Korkea vetom\u00e4\u00e4r\u00e4 (vastaavuus): Laite on suunniteltu mahdollisimman pitk\u00e4\u00e4n k\u00e4ytt\u00f6ik\u00e4\u00e4n ja voi saavuttaa jopa noin 70 000 vetoa, k\u00e4ytt\u00e4j\u00e4n kulutuksesta ja vedon kestosta riippuen.*<\/li>\n<li>Pitk\u00e4aikainen ratkaisu: Yksi j\u00e4rjestelm\u00e4 tarjoaa k\u00e4ytt\u00f6i\u00e4n useista viikoista kuukausiin, ei tunteihin, ja toimii vakaana, uudelleenk\u00e4ytett\u00e4v\u00e4n\u00e4 vaihtoehtona perinteisille kertak\u00e4ytt\u00f6laitteille.<\/li>\n<li>S\u00e4hk\u00f6j\u00e4tteen v\u00e4hent\u00e4minen: Suuren kapasiteetin ja ladattavan akun ansiosta laite v\u00e4hent\u00e4\u00e4 merkitt\u00e4v\u00e4sti s\u00e4hk\u00f6j\u00e4tteen m\u00e4\u00e4r\u00e4\u00e4 verrattuna useiden pienten kertak\u00e4ytt\u00f6-vapejen ostamiseen.<\/li>\n<li>Taloudellinen tehokkuus: J\u00e4rjestelm\u00e4 tarjoaa ajan my\u00f6t\u00e4 huomattavia kustannuss\u00e4\u00e4st\u00f6j\u00e4 verrattuna saman m\u00e4\u00e4r\u00e4n kertak\u00e4ytt\u00f6tuotteiden ostamiseen.<\/li>\n<li>Tehokas ladattava akku: varustettu suuren kapasiteetin 900 mAh akulla, helppo ladata USB-C-liit\u00e4nn\u00e4n kautta.<\/li>\n<li>Edistynyt mesh-kelatekniikka: k\u00e4ytt\u00e4\u00e4 parannettua mesh-kelaa h\u00f6yrystymispinnan maksimoimiseksi, varmistaa t\u00e4ytel\u00e4isen maun ja tasaisen h\u00f6yryn muodostumisen.<\/li>\n<\/ul>\n<p><em>*Tekninen huomautus: V\u00e4ite 70 000 henk\u00e4yksest\u00e4 perustuu valvottuihin laboratoriotesteihin, jotka simuloivat lyhyit\u00e4 henk\u00e4yksi\u00e4. Todellinen kesto voi vaihdella k\u00e4ytt\u00e4j\u00e4n h\u00f6yrystystavan ja sis\u00e4\u00e4nhengityksen pituuden mukaan.<\/em><\/p>","protected":false},"featured_media":557,"template":"","meta":[],"product_brand":[24],"product_cat":[18],"product_tag":[21,20,19,22],"class_list":{"0":"post-967","1":"product","2":"type-product","3":"status-publish","4":"has-post-thumbnail","6":"product_brand-vapsolo","7":"product_cat-cheap-vapes","8":"product_tag-60-day-refund","9":"product_tag-price-match","10":"product_tag-ships-today","11":"product_tag-tpd-certified","13":"first","14":"instock","15":"sale","16":"shipping-taxable","17":"purchasable","18":"product-type-simple"},"yoast_head":"<!-- This site is optimized with the Yoast SEO plugin v26.6 - https:\/\/yoast.com\/wordpress\/plugins\/seo\/ -->\n<title>Vapsolo Master Strong - VapeCheap.eu ~70,000 Big Puff Vapes from \u20ac39.90 - EU Delivery<\/title>\n<meta name=\"description\" content=\"Buy Vapsolo Master 2% Watermelon Ice disposable vape online EU at VapeCheap.eu. \u20ac42.90, ~70,000 puffs (lab estimate), TPD-compliant, 18+ only.\" \/>\n<meta name=\"robots\" content=\"index, follow, max-snippet:-1, max-image-preview:large, max-video-preview:-1\" \/>\n<link rel=\"canonical\" href=\"https:\/\/vapecheap.eu\/fi\/tuote\/vapsolo-master-strong\/\" \/>\n<meta property=\"og:locale\" content=\"fi_FI\" \/>\n<meta property=\"og:type\" content=\"article\" \/>\n<meta property=\"og:title\" content=\"Vapsolo Master Strong - VapeCheap.eu ~70,000 Big Puff Vapes from \u20ac39.90 - EU Delivery\" \/>\n<meta property=\"og:description\" content=\"Buy Vapsolo Master 2% Watermelon Ice disposable vape online EU at VapeCheap.eu. \u20ac42.90, ~70,000 puffs (lab estimate), TPD-compliant, 18+ only.\" \/>\n<meta property=\"og:url\" content=\"https:\/\/vapecheap.eu\/fi\/tuote\/vapsolo-master-strong\/\" \/>\n<meta property=\"og:site_name\" content=\"VapeCheap.eu ~70,000 Big Puff Vapes from \u20ac39.90 - EU Delivery\" \/>\n<meta property=\"article:modified_time\" content=\"2026-02-08T21:32:12+00:00\" \/>\n<meta property=\"og:image\" content=\"https:\/\/vapecheap.eu\/wp-content\/uploads\/2025\/10\/watermellon.png\" \/>\n\t<meta property=\"og:image:width\" content=\"600\" \/>\n\t<meta property=\"og:image:height\" content=\"600\" \/>\n\t<meta property=\"og:image:type\" content=\"image\/png\" \/>\n<meta name=\"twitter:card\" content=\"summary_large_image\" \/>\n<meta name=\"twitter:label1\" content=\"Arvioitu lukuaika\" \/>\n\t<meta name=\"twitter:data1\" content=\"1 minuutti\" \/>\n<script type=\"application\/ld+json\" class=\"yoast-schema-graph\">{\"@context\":\"https:\/\/schema.org\",\"@graph\":[{\"@type\":\"WebPage\",\"@id\":\"https:\/\/vapecheap.eu\/product\/vapsolo-master-strong\/\",\"url\":\"https:\/\/vapecheap.eu\/product\/vapsolo-master-strong\/\",\"name\":\"Vapsolo Master Strong - VapeCheap.eu ~70,000 Big Puff Vapes from \u20ac39.90 - EU Delivery\",\"isPartOf\":{\"@id\":\"https:\/\/vapecheap.eu\/#website\"},\"primaryImageOfPage\":{\"@id\":\"https:\/\/vapecheap.eu\/product\/vapsolo-master-strong\/#primaryimage\"},\"image\":{\"@id\":\"https:\/\/vapecheap.eu\/product\/vapsolo-master-strong\/#primaryimage\"},\"thumbnailUrl\":\"https:\/\/vapecheap.eu\/wp-content\/uploads\/2025\/10\/watermellon.png\",\"datePublished\":\"2025-11-01T22:14:54+00:00\",\"dateModified\":\"2026-02-08T21:32:12+00:00\",\"description\":\"Buy Vapsolo Master 2% Watermelon Ice disposable vape online EU at VapeCheap.eu. \u20ac42.90, ~70,000 puffs (lab estimate), TPD-compliant, 18+ only.\",\"breadcrumb\":{\"@id\":\"https:\/\/vapecheap.eu\/product\/vapsolo-master-strong\/#breadcrumb\"},\"inLanguage\":\"fi\",\"potentialAction\":[{\"@type\":\"ReadAction\",\"target\":[\"https:\/\/vapecheap.eu\/product\/vapsolo-master-strong\/\"]}]},{\"@type\":\"ImageObject\",\"inLanguage\":\"fi\",\"@id\":\"https:\/\/vapecheap.eu\/product\/vapsolo-master-strong\/#primaryimage\",\"url\":\"https:\/\/vapecheap.eu\/wp-content\/uploads\/2025\/10\/watermellon.png\",\"contentUrl\":\"https:\/\/vapecheap.eu\/wp-content\/uploads\/2025\/10\/watermellon.png\",\"width\":600,\"height\":600},{\"@type\":\"BreadcrumbList\",\"@id\":\"https:\/\/vapecheap.eu\/product\/vapsolo-master-strong\/#breadcrumb\",\"itemListElement\":[{\"@type\":\"ListItem\",\"position\":1,\"name\":\"Home\",\"item\":\"https:\/\/vapecheap.eu\/\"},{\"@type\":\"ListItem\",\"position\":2,\"name\":\"Shop\",\"item\":\"https:\/\/vapecheap.eu\/shop\/\"},{\"@type\":\"ListItem\",\"position\":3,\"name\":\"Vapsolo Master Strong\"}]},{\"@type\":\"WebSite\",\"@id\":\"https:\/\/vapecheap.eu\/#website\",\"url\":\"https:\/\/vapecheap.eu\/\",\"name\":\"Vapecheap.eu \u2014 Cheap Big Puff Vapes EU\",\"description\":\"\",\"publisher\":{\"@id\":\"https:\/\/vapecheap.eu\/#organization\"},\"potentialAction\":[{\"@type\":\"SearchAction\",\"target\":{\"@type\":\"EntryPoint\",\"urlTemplate\":\"https:\/\/vapecheap.eu\/?s={search_term_string}\"},\"query-input\":{\"@type\":\"PropertyValueSpecification\",\"valueRequired\":true,\"valueName\":\"search_term_string\"}}],\"inLanguage\":\"fi\"},{\"@type\":\"Organization\",\"@id\":\"https:\/\/vapecheap.eu\/#organization\",\"name\":\"Vapecheap.eu \u2014 Cheap Big Puff Vapes EU\",\"url\":\"https:\/\/vapecheap.eu\/\",\"logo\":{\"@type\":\"ImageObject\",\"inLanguage\":\"fi\",\"@id\":\"https:\/\/vapecheap.eu\/#\/schema\/logo\/image\/\",\"url\":\"https:\/\/vapecheap.eu\/wp-content\/uploads\/2025\/10\/vapecheap-logo-small-1.png\",\"contentUrl\":\"https:\/\/vapecheap.eu\/wp-content\/uploads\/2025\/10\/vapecheap-logo-small-1.png\",\"width\":262,\"height\":250,\"caption\":\"Vapecheap.eu \u2014 Cheap Big Puff Vapes EU\"},\"image\":{\"@id\":\"https:\/\/vapecheap.eu\/#\/schema\/logo\/image\/\"}}]}<\/script>\n<!-- \/ Yoast SEO plugin. -->","yoast_head_json":{"title":"Vapsolo Master Strong - VapeCheap.eu ~70,000 Big Puff Vapes from \u20ac39.90 - EU Delivery","description":"Osta Vapsolo Master 2 % Watermelon Ice s\u00e4hk\u00f6savuke verkosta VapeCheap.eu:ssa. \u20ac42,90, ~70 000 vetoa (lab. arvio), TPD-yhteensopiva, 18+.","robots":{"index":"index","follow":"follow","max-snippet":"max-snippet:-1","max-image-preview":"max-image-preview:large","max-video-preview":"max-video-preview:-1"},"canonical":"https:\/\/vapecheap.eu\/fi\/tuote\/vapsolo-master-strong\/","og_locale":"fi_FI","og_type":"article","og_title":"Vapsolo Master Strong - VapeCheap.eu ~70,000 Big Puff Vapes from \u20ac39.90 - EU Delivery","og_description":"Buy Vapsolo Master 2% Watermelon Ice disposable vape online EU at VapeCheap.eu. \u20ac42.90, ~70,000 puffs (lab estimate), TPD-compliant, 18+ only.","og_url":"https:\/\/vapecheap.eu\/fi\/tuote\/vapsolo-master-strong\/","og_site_name":"VapeCheap.eu ~70,000 Big Puff Vapes from \u20ac39.90 - EU Delivery","article_modified_time":"2026-02-08T21:32:12+00:00","og_image":[{"width":600,"height":600,"url":"https:\/\/vapecheap.eu\/wp-content\/uploads\/2025\/10\/watermellon.png","type":"image\/png"}],"twitter_card":"summary_large_image","twitter_misc":{"Arvioitu lukuaika":"1 minuutti"},"schema":{"@context":"https:\/\/schema.org","@graph":[{"@type":"WebPage","@id":"https:\/\/vapecheap.eu\/product\/vapsolo-master-strong\/","url":"https:\/\/vapecheap.eu\/product\/vapsolo-master-strong\/","name":"Vapsolo Master Strong - VapeCheap.eu ~70,000 Big Puff Vapes from \u20ac39.90 - EU Delivery","isPartOf":{"@id":"https:\/\/vapecheap.eu\/#website"},"primaryImageOfPage":{"@id":"https:\/\/vapecheap.eu\/product\/vapsolo-master-strong\/#primaryimage"},"image":{"@id":"https:\/\/vapecheap.eu\/product\/vapsolo-master-strong\/#primaryimage"},"thumbnailUrl":"https:\/\/vapecheap.eu\/wp-content\/uploads\/2025\/10\/watermellon.png","datePublished":"2025-11-01T22:14:54+00:00","dateModified":"2026-02-08T21:32:12+00:00","description":"Osta Vapsolo Master 2 % Watermelon Ice s\u00e4hk\u00f6savuke verkosta VapeCheap.eu:ssa. \u20ac42,90, ~70 000 vetoa (lab. arvio), TPD-yhteensopiva, 18+.","breadcrumb":{"@id":"https:\/\/vapecheap.eu\/product\/vapsolo-master-strong\/#breadcrumb"},"inLanguage":"fi","potentialAction":[{"@type":"ReadAction","target":["https:\/\/vapecheap.eu\/product\/vapsolo-master-strong\/"]}]},{"@type":"ImageObject","inLanguage":"fi","@id":"https:\/\/vapecheap.eu\/product\/vapsolo-master-strong\/#primaryimage","url":"https:\/\/vapecheap.eu\/wp-content\/uploads\/2025\/10\/watermellon.png","contentUrl":"https:\/\/vapecheap.eu\/wp-content\/uploads\/2025\/10\/watermellon.png","width":600,"height":600},{"@type":"BreadcrumbList","@id":"https:\/\/vapecheap.eu\/product\/vapsolo-master-strong\/#breadcrumb","itemListElement":[{"@type":"ListItem","position":1,"name":"Home","item":"https:\/\/vapecheap.eu\/"},{"@type":"ListItem","position":2,"name":"Shop","item":"https:\/\/vapecheap.eu\/shop\/"},{"@type":"ListItem","position":3,"name":"Vapsolo Master Strong"}]},{"@type":"WebSite","@id":"https:\/\/vapecheap.eu\/#website","url":"https:\/\/vapecheap.eu\/","name":"Vapecheap.eu \u2014 Cheap Big Puff Vapes EU","description":"","publisher":{"@id":"https:\/\/vapecheap.eu\/#organization"},"potentialAction":[{"@type":"SearchAction","target":{"@type":"EntryPoint","urlTemplate":"https:\/\/vapecheap.eu\/?s={search_term_string}"},"query-input":{"@type":"PropertyValueSpecification","valueRequired":true,"valueName":"search_term_string"}}],"inLanguage":"fi"},{"@type":"Organization","@id":"https:\/\/vapecheap.eu\/#organization","name":"Vapecheap.eu \u2014 Cheap Big Puff Vapes EU","url":"https:\/\/vapecheap.eu\/","logo":{"@type":"ImageObject","inLanguage":"fi","@id":"https:\/\/vapecheap.eu\/#\/schema\/logo\/image\/","url":"https:\/\/vapecheap.eu\/wp-content\/uploads\/2025\/10\/vapecheap-logo-small-1.png","contentUrl":"https:\/\/vapecheap.eu\/wp-content\/uploads\/2025\/10\/vapecheap-logo-small-1.png","width":262,"height":250,"caption":"Vapecheap.eu \u2014 Cheap Big Puff Vapes EU"},"image":{"@id":"https:\/\/vapecheap.eu\/#\/schema\/logo\/image\/"}}]}},"_links":{"self":[{"href":"https:\/\/vapecheap.eu\/fi\/wp-json\/wp\/v2\/product\/967","targetHints":{"allow":["GET"]}}],"collection":[{"href":"https:\/\/vapecheap.eu\/fi\/wp-json\/wp\/v2\/product"}],"about":[{"href":"https:\/\/vapecheap.eu\/fi\/wp-json\/wp\/v2\/types\/product"}],"version-history":[{"count":6,"href":"https:\/\/vapecheap.eu\/fi\/wp-json\/wp\/v2\/product\/967\/revisions"}],"predecessor-version":[{"id":1196,"href":"https:\/\/vapecheap.eu\/fi\/wp-json\/wp\/v2\/product\/967\/revisions\/1196"}],"wp:featuredmedia":[{"embeddable":true,"href":"https:\/\/vapecheap.eu\/fi\/wp-json\/wp\/v2\/media\/557"}],"wp:attachment":[{"href":"https:\/\/vapecheap.eu\/fi\/wp-json\/wp\/v2\/media?parent=967"}],"wp:term":[{"taxonomy":"product_brand","embeddable":true,"href":"https:\/\/vapecheap.eu\/fi\/wp-json\/wp\/v2\/product_brand?post=967"},{"taxonomy":"product_cat","embeddable":true,"href":"https:\/\/vapecheap.eu\/fi\/wp-json\/wp\/v2\/product_cat?post=967"},{"taxonomy":"product_tag","embeddable":true,"href":"https:\/\/vapecheap.eu\/fi\/wp-json\/wp\/v2\/product_tag?post=967"}],"curies":[{"name":"wp","href":"https:\/\/api.w.org\/{rel}","templated":true}]}}