{"id":676,"date":"2025-10-29T20:49:48","date_gmt":"2025-10-29T20:49:48","guid":{"rendered":"https:\/\/vapecheap.eu\/?page_id=676"},"modified":"2026-01-22T09:56:50","modified_gmt":"2026-01-22T09:56:50","slug":"about-us","status":"publish","type":"page","link":"https:\/\/vapecheap.eu\/fi\/about-us\/","title":{"rendered":"Tietoa Meist\u00e4"},"content":{"rendered":"<div data-elementor-type=\"wp-page\" data-elementor-id=\"676\" class=\"elementor elementor-676\" data-elementor-post-type=\"page\">\n\t\t\t\t<div class=\"elementor-element elementor-element-f88757d e-flex e-con-boxed sc_layouts_column_icons_position_left e-con e-parent\" data-id=\"f88757d\" data-element_type=\"container\">\n\t\t\t\t\t<div class=\"e-con-inner\">\n\t\t\t\t<div class=\"elementor-element elementor-element-61a7826 sc_gradient_animation_none sc_fly_static elementor-widget elementor-widget-text-editor\" data-id=\"61a7826\" data-element_type=\"widget\" data-widget_type=\"text-editor.default\">\n\t\t\t\t\t\t\t\t\t<h4>Keit\u00e4 me olemme<\/h4><p>VapeCheap.eu on pieni eurooppalainen jakelija, jonka perustivat ihmiset, jotka itsekin polttivat vuosia ja p\u00e4\u00e4ttiv\u00e4t valita vastuullisemman tien. Emme liioittele emmek\u00e4 v\u00e4it\u00e4, ett\u00e4 h\u00f6yrytt\u00e4minen olisi vaaratonta. Nikotiini aiheuttaa riippuvuutta. H\u00f6yrytt\u00e4minen sis\u00e4lt\u00e4\u00e4 riskej\u00e4. Mutta tupakan sytytt\u00e4minen ja savun sek\u00e4 paperin hengitt\u00e4minen on paljon pahempaa. T\u00e4m\u00e4 yksinkertainen totuus ohjaa kaikkea, mit\u00e4 teemme.<\/p><h4>Miksi olemme olemassa<\/h4><p>Tavoitteemme on yksinkertainen \u2013 v\u00e4hent\u00e4\u00e4 haittoja siell\u00e4, miss\u00e4 niit\u00e4 esiintyy. Keskitymme savuttomiin, TPD-yhteensopiviin nikotiinij\u00e4rjestelmiin, joiden avulla aikuiset tupakoijat voivat v\u00e4ltt\u00e4\u00e4 tupakan poltossa syntyvi\u00e4 kemikaaleja. Ei lupauksia, ei v\u00e4\u00e4ri\u00e4 terveysv\u00e4itteit\u00e4 \u2013 vain testatut laitteet, jotka t\u00e4ytt\u00e4v\u00e4t EU:n turvallisuusstandardit ja vapauttavat nikotiinia hallitusti ja s\u00e4\u00e4dellysti.<\/p><h4>Mihin uskomme<\/h4><ul><li>Haittojen v\u00e4hent\u00e4minen ei ole t\u00e4ydellisyytt\u00e4. Kyse on pienemm\u00e4n riskin valitsemisesta, kunnes riskej\u00e4 ei en\u00e4\u00e4 ole.<\/li><li>Rehellisyys on t\u00e4rke\u00e4mp\u00e4\u00e4 kuin mainonta. Kerromme, mit\u00e4 n\u00e4m\u00e4 tuotteet voivat \u2013 ja mit\u00e4 ne eiv\u00e4t voi \u2013 tehd\u00e4.<\/li><li>Ei savua, ei palamista. T\u00e4m\u00e4 on se ero, joka merkitsee. Tavoitteemme ei ole tehd\u00e4 h\u00f6yryttelyst\u00e4 hienoa, vaan tehd\u00e4 savusta tarpeeton.<\/li><li>Ymp\u00e4rist\u00f6vastuu. My\u00f6s kertak\u00e4ytt\u00f6laitteet tulee kierr\u00e4tt\u00e4\u00e4. Noudatamme EU:n WEEE- ja paristojen kierr\u00e4tysstandardeja.<\/li><\/ul><h4>Lupauksemme<\/h4><p class=\"translation-block\">Emme yrit\u00e4 myyd\u00e4 el\u00e4m\u00e4ntapaa. Haluamme lopettaa tupakoinnin aiheuttamat haitat teknologian ja rehellisyyden avulla. Jos olet aikuinen ja tupakoit yh\u00e4, tarjoamme sinulle ty\u00f6kaluja \u2013 emme ihmeit\u00e4. Kaikki t\u00e4ll\u00e4 sivustolla on tehty yht\u00e4 tarkoitusta varten: auttaa sinua v\u00e4hitellen siirtym\u00e4\u00e4n pois perinteisist\u00e4 savukkeista, p\u00e4\u00e4t\u00f6s kerrallaan.<\/p><blockquote><p>T\u00e4m\u00e4 olemme me. Ei tyhji\u00e4 sanoja, ei v\u00e4\u00e4r\u00e4\u00e4 turvallisuuden tunnetta \u2013 vain todellista edistyst\u00e4 savun vaarojen poistamiseksi paremman suunnittelun ja avoimen tiedon avulla.<\/p><\/blockquote> \t\t\t\t\t\t\t\t\t<\/div>\n\t\t\t\t<div class=\"elementor-element elementor-element-c1ce21e sc_fly_static elementor-widget elementor-widget-image\" data-id=\"c1ce21e\" data-element_type=\"widget\" data-widget_type=\"image.default\">\n\t\t\t\t\t\t\t\t\t\t\t\t\t\t\t<img decoding=\"async\" width=\"150\" height=\"150\" src=\"https:\/\/vapecheap.eu\/wp-content\/uploads\/2025\/10\/vapecheap-logo-small-1-150x150.png\" class=\"attachment-woocommerce_gallery_thumbnail size-woocommerce_gallery_thumbnail wp-image-63\" alt=\"\" srcset=\"https:\/\/vapecheap.eu\/wp-content\/uploads\/2025\/10\/vapecheap-logo-small-1-150x150.png 150w, https:\/\/vapecheap.eu\/wp-content\/uploads\/2025\/10\/vapecheap-logo-small-1-13x12.png 13w, https:\/\/vapecheap.eu\/wp-content\/uploads\/2025\/10\/vapecheap-logo-small-1-90x90.png 90w\" sizes=\"(max-width: 150px) 100vw, 150px\" \/>\t\t\t\t\t\t\t\t\t\t\t\t\t\t\t<\/div>\n\t\t\t\t\t<\/div>\n\t\t\t\t<\/div>\n\t\t\t\t<\/div>","protected":false},"excerpt":{"rendered":"<p>Who We Are VapeCheap.eu is a small European distributor built by people who smoked for years and decided to take a more responsible route. We don\u2019t do hype, and we&hellip;<\/p>","protected":false},"author":1,"featured_media":0,"parent":0,"menu_order":0,"comment_status":"closed","ping_status":"closed","template":"","meta":{"footnotes":""},"class_list":["post-676","page","type-page","status-publish","hentry"],"yoast_head":"<!-- This site is optimized with the Yoast SEO plugin v26.6 - https:\/\/yoast.com\/wordpress\/plugins\/seo\/ -->\n<title>About us - VapeCheap.eu ~70,000 Big Puff Vapes from \u20ac39.90 - EU Delivery<\/title>\n<meta name=\"robots\" content=\"index, follow, max-snippet:-1, max-image-preview:large, max-video-preview:-1\" \/>\n<link rel=\"canonical\" href=\"https:\/\/vapecheap.eu\/fi\/about-us\/\" \/>\n<meta property=\"og:locale\" content=\"fi_FI\" \/>\n<meta property=\"og:type\" content=\"article\" \/>\n<meta property=\"og:title\" content=\"About us - VapeCheap.eu ~70,000 Big Puff Vapes from \u20ac39.90 - EU Delivery\" \/>\n<meta property=\"og:description\" content=\"Who We Are VapeCheap.eu is a small European distributor built by people who smoked for years and decided to take a more responsible route. We don\u2019t do hype, and we&hellip;\" \/>\n<meta property=\"og:url\" content=\"https:\/\/vapecheap.eu\/fi\/about-us\/\" \/>\n<meta property=\"og:site_name\" content=\"VapeCheap.eu ~70,000 Big Puff Vapes from \u20ac39.90 - EU Delivery\" \/>\n<meta property=\"article:modified_time\" content=\"2026-01-22T09:56:50+00:00\" \/>\n<meta property=\"og:image\" content=\"https:\/\/vapecheap.eu\/wp-content\/uploads\/2025\/10\/vapecheap-logo-small-1.png\" \/>\n\t<meta property=\"og:image:width\" content=\"262\" \/>\n\t<meta property=\"og:image:height\" content=\"250\" \/>\n\t<meta property=\"og:image:type\" content=\"image\/png\" \/>\n<meta name=\"twitter:card\" content=\"summary_large_image\" \/>\n<meta name=\"twitter:label1\" content=\"Arvioitu lukuaika\" \/>\n\t<meta name=\"twitter:data1\" content=\"2 minuuttia\" \/>\n<script type=\"application\/ld+json\" class=\"yoast-schema-graph\">{\"@context\":\"https:\/\/schema.org\",\"@graph\":[{\"@type\":\"WebPage\",\"@id\":\"https:\/\/vapecheap.eu\/about-us\/\",\"url\":\"https:\/\/vapecheap.eu\/about-us\/\",\"name\":\"About us - VapeCheap.eu ~70,000 Big Puff Vapes from \u20ac39.90 - EU Delivery\",\"isPartOf\":{\"@id\":\"https:\/\/vapecheap.eu\/#website\"},\"primaryImageOfPage\":{\"@id\":\"https:\/\/vapecheap.eu\/about-us\/#primaryimage\"},\"image\":{\"@id\":\"https:\/\/vapecheap.eu\/about-us\/#primaryimage\"},\"thumbnailUrl\":\"https:\/\/vapecheap.eu\/wp-content\/uploads\/2025\/10\/vapecheap-logo-small-1-150x150.png\",\"datePublished\":\"2025-10-29T20:49:48+00:00\",\"dateModified\":\"2026-01-22T09:56:50+00:00\",\"breadcrumb\":{\"@id\":\"https:\/\/vapecheap.eu\/about-us\/#breadcrumb\"},\"inLanguage\":\"fi\",\"potentialAction\":[{\"@type\":\"ReadAction\",\"target\":[\"https:\/\/vapecheap.eu\/about-us\/\"]}]},{\"@type\":\"ImageObject\",\"inLanguage\":\"fi\",\"@id\":\"https:\/\/vapecheap.eu\/about-us\/#primaryimage\",\"url\":\"https:\/\/vapecheap.eu\/wp-content\/uploads\/2025\/10\/vapecheap-logo-small-1-150x150.png\",\"contentUrl\":\"https:\/\/vapecheap.eu\/wp-content\/uploads\/2025\/10\/vapecheap-logo-small-1-150x150.png\"},{\"@type\":\"BreadcrumbList\",\"@id\":\"https:\/\/vapecheap.eu\/about-us\/#breadcrumb\",\"itemListElement\":[{\"@type\":\"ListItem\",\"position\":1,\"name\":\"Home\",\"item\":\"https:\/\/vapecheap.eu\/\"},{\"@type\":\"ListItem\",\"position\":2,\"name\":\"About us\"}]},{\"@type\":\"WebSite\",\"@id\":\"https:\/\/vapecheap.eu\/#website\",\"url\":\"https:\/\/vapecheap.eu\/\",\"name\":\"Vapecheap.eu \u2014 Cheap Big Puff Vapes EU\",\"description\":\"\",\"publisher\":{\"@id\":\"https:\/\/vapecheap.eu\/#organization\"},\"potentialAction\":[{\"@type\":\"SearchAction\",\"target\":{\"@type\":\"EntryPoint\",\"urlTemplate\":\"https:\/\/vapecheap.eu\/?s={search_term_string}\"},\"query-input\":{\"@type\":\"PropertyValueSpecification\",\"valueRequired\":true,\"valueName\":\"search_term_string\"}}],\"inLanguage\":\"fi\"},{\"@type\":\"Organization\",\"@id\":\"https:\/\/vapecheap.eu\/#organization\",\"name\":\"Vapecheap.eu \u2014 Cheap Big Puff Vapes EU\",\"url\":\"https:\/\/vapecheap.eu\/\",\"logo\":{\"@type\":\"ImageObject\",\"inLanguage\":\"fi\",\"@id\":\"https:\/\/vapecheap.eu\/#\/schema\/logo\/image\/\",\"url\":\"https:\/\/vapecheap.eu\/wp-content\/uploads\/2025\/10\/vapecheap-logo-small-1.png\",\"contentUrl\":\"https:\/\/vapecheap.eu\/wp-content\/uploads\/2025\/10\/vapecheap-logo-small-1.png\",\"width\":262,\"height\":250,\"caption\":\"Vapecheap.eu \u2014 Cheap Big Puff Vapes EU\"},\"image\":{\"@id\":\"https:\/\/vapecheap.eu\/#\/schema\/logo\/image\/\"}}]}<\/script>\n<!-- \/ Yoast SEO plugin. -->","yoast_head_json":{"title":"About us - VapeCheap.eu ~70,000 Big Puff Vapes from \u20ac39.90 - EU Delivery","robots":{"index":"index","follow":"follow","max-snippet":"max-snippet:-1","max-image-preview":"max-image-preview:large","max-video-preview":"max-video-preview:-1"},"canonical":"https:\/\/vapecheap.eu\/fi\/about-us\/","og_locale":"fi_FI","og_type":"article","og_title":"About us - VapeCheap.eu ~70,000 Big Puff Vapes from \u20ac39.90 - EU Delivery","og_description":"Who We Are VapeCheap.eu is a small European distributor built by people who smoked for years and decided to take a more responsible route. We don\u2019t do hype, and we&hellip;","og_url":"https:\/\/vapecheap.eu\/fi\/about-us\/","og_site_name":"VapeCheap.eu ~70,000 Big Puff Vapes from \u20ac39.90 - EU Delivery","article_modified_time":"2026-01-22T09:56:50+00:00","og_image":[{"width":262,"height":250,"url":"https:\/\/vapecheap.eu\/wp-content\/uploads\/2025\/10\/vapecheap-logo-small-1.png","type":"image\/png"}],"twitter_card":"summary_large_image","twitter_misc":{"Arvioitu lukuaika":"2 minuuttia"},"schema":{"@context":"https:\/\/schema.org","@graph":[{"@type":"WebPage","@id":"https:\/\/vapecheap.eu\/about-us\/","url":"https:\/\/vapecheap.eu\/about-us\/","name":"About us - VapeCheap.eu ~70,000 Big Puff Vapes from \u20ac39.90 - EU Delivery","isPartOf":{"@id":"https:\/\/vapecheap.eu\/#website"},"primaryImageOfPage":{"@id":"https:\/\/vapecheap.eu\/about-us\/#primaryimage"},"image":{"@id":"https:\/\/vapecheap.eu\/about-us\/#primaryimage"},"thumbnailUrl":"https:\/\/vapecheap.eu\/wp-content\/uploads\/2025\/10\/vapecheap-logo-small-1-150x150.png","datePublished":"2025-10-29T20:49:48+00:00","dateModified":"2026-01-22T09:56:50+00:00","breadcrumb":{"@id":"https:\/\/vapecheap.eu\/about-us\/#breadcrumb"},"inLanguage":"fi","potentialAction":[{"@type":"ReadAction","target":["https:\/\/vapecheap.eu\/about-us\/"]}]},{"@type":"ImageObject","inLanguage":"fi","@id":"https:\/\/vapecheap.eu\/about-us\/#primaryimage","url":"https:\/\/vapecheap.eu\/wp-content\/uploads\/2025\/10\/vapecheap-logo-small-1-150x150.png","contentUrl":"https:\/\/vapecheap.eu\/wp-content\/uploads\/2025\/10\/vapecheap-logo-small-1-150x150.png"},{"@type":"BreadcrumbList","@id":"https:\/\/vapecheap.eu\/about-us\/#breadcrumb","itemListElement":[{"@type":"ListItem","position":1,"name":"Home","item":"https:\/\/vapecheap.eu\/"},{"@type":"ListItem","position":2,"name":"About us"}]},{"@type":"WebSite","@id":"https:\/\/vapecheap.eu\/#website","url":"https:\/\/vapecheap.eu\/","name":"Vapecheap.eu \u2014 Cheap Big Puff Vapes EU","description":"","publisher":{"@id":"https:\/\/vapecheap.eu\/#organization"},"potentialAction":[{"@type":"SearchAction","target":{"@type":"EntryPoint","urlTemplate":"https:\/\/vapecheap.eu\/?s={search_term_string}"},"query-input":{"@type":"PropertyValueSpecification","valueRequired":true,"valueName":"search_term_string"}}],"inLanguage":"fi"},{"@type":"Organization","@id":"https:\/\/vapecheap.eu\/#organization","name":"Vapecheap.eu \u2014 Cheap Big Puff Vapes EU","url":"https:\/\/vapecheap.eu\/","logo":{"@type":"ImageObject","inLanguage":"fi","@id":"https:\/\/vapecheap.eu\/#\/schema\/logo\/image\/","url":"https:\/\/vapecheap.eu\/wp-content\/uploads\/2025\/10\/vapecheap-logo-small-1.png","contentUrl":"https:\/\/vapecheap.eu\/wp-content\/uploads\/2025\/10\/vapecheap-logo-small-1.png","width":262,"height":250,"caption":"Vapecheap.eu \u2014 Cheap Big Puff Vapes EU"},"image":{"@id":"https:\/\/vapecheap.eu\/#\/schema\/logo\/image\/"}}]}},"_links":{"self":[{"href":"https:\/\/vapecheap.eu\/fi\/wp-json\/wp\/v2\/pages\/676","targetHints":{"allow":["GET"]}}],"collection":[{"href":"https:\/\/vapecheap.eu\/fi\/wp-json\/wp\/v2\/pages"}],"about":[{"href":"https:\/\/vapecheap.eu\/fi\/wp-json\/wp\/v2\/types\/page"}],"author":[{"embeddable":true,"href":"https:\/\/vapecheap.eu\/fi\/wp-json\/wp\/v2\/users\/1"}],"replies":[{"embeddable":true,"href":"https:\/\/vapecheap.eu\/fi\/wp-json\/wp\/v2\/comments?post=676"}],"version-history":[{"count":39,"href":"https:\/\/vapecheap.eu\/fi\/wp-json\/wp\/v2\/pages\/676\/revisions"}],"predecessor-version":[{"id":1362,"href":"https:\/\/vapecheap.eu\/fi\/wp-json\/wp\/v2\/pages\/676\/revisions\/1362"}],"wp:attachment":[{"href":"https:\/\/vapecheap.eu\/fi\/wp-json\/wp\/v2\/media?parent=676"}],"curies":[{"name":"wp","href":"https:\/\/api.w.org\/{rel}","templated":true}]}}