{"id":967,"date":"2025-11-01T22:14:54","date_gmt":"2025-11-01T22:14:54","guid":{"rendered":"https:\/\/vapecheap.eu\/?post_type=product&#038;p=967"},"modified":"2026-02-08T21:32:12","modified_gmt":"2026-02-08T21:32:12","slug":"vapsolo-master-strong","status":"publish","type":"product","link":"https:\/\/vapecheap.eu\/es\/producto\/vapsolo-master-strong\/","title":{"rendered":"Vapsolo Master Strong"},"content":{"rendered":"<p>~70 000 caladas (estimaci\u00f3n de laboratorio) \u00b7 Recargable \u00b7 2 % nicotina (20 mg\/ml) \u00b7 Env\u00edo hoy \u00b7 Perfil de sabor: base neutra con toque suave de sand\u00eda helada.<\/p>","protected":false},"excerpt":{"rendered":"<h3>Vapsolo Master \u2013 Vape de larga duraci\u00f3n, Big Puff desechable ~70 000 caladas (estimaci\u00f3n de laboratorio)<\/h3>\n<p>&nbsp;<\/p>\n<p>Nuestra \u00faltima generaci\u00f3n de dispositivos cumple plenamente con todas las normas TPD de la UE (concentraci\u00f3n m\u00e1xima de nicotina 20 mg\/ml). Gracias a un dise\u00f1o avanzado de resistencia y un flujo de aire optimizado, ofrece una liberaci\u00f3n de nicotina suave y muy eficiente. Un solo dispositivo tiene una duraci\u00f3n estimada de 4 a 6 meses para un usuario que consuma el equivalente a 15-30 cigarrillos al d\u00eda. La liberaci\u00f3n de nicotina es t\u00e9cnicamente comparable a la de cigarrillos de fuerza completa.<\/p>\n<p>&nbsp;<\/p>\n<table class=\"w-full border-collapse text-sm md:text-base\">\n<thead>\n<tr class=\"bg-gray-100\">\n<th class=\"border border-gray-300 px-4 py-2 text-left font-bold\">Ajuste de potencia<\/th>\n<th class=\"border border-gray-300 px-4 py-2 text-left font-bold\">Nicotina entregada por calada<\/th>\n<th class=\"border border-gray-300 px-4 py-2 text-left font-bold\">Nicotina absorbida (\u224850%)<\/th>\n<\/tr>\n<\/thead>\n<tbody>\n<tr>\n<td class=\"border border-gray-300 px-4 py-2\">Low (16 W)<\/td>\n<td class=\"border border-gray-300 px-4 py-2 font-mono\">0.0833 mg<\/td>\n<td class=\"border border-gray-300 px-4 py-2 font-mono\">\u22480.0417 mg<\/td>\n<\/tr>\n<tr class=\"bg-gray-50\">\n<td class=\"border border-gray-300 px-4 py-2\">Medium (20 W)<\/td>\n<td class=\"border border-gray-300 px-4 py-2 font-mono\">0.1167 mg<\/td>\n<td class=\"border border-gray-300 px-4 py-2 font-mono\">\u22480.0583 mg<\/td>\n<\/tr>\n<tr>\n<td class=\"border border-gray-300 px-4 py-2\">High (30 W)<\/td>\n<td class=\"border border-gray-300 px-4 py-2 font-mono\">0.1667 mg<\/td>\n<td class=\"border border-gray-300 px-4 py-2 font-mono\">\u22480.0833 mg<\/td>\n<\/tr>\n<tr class=\"bg-blue-50 font-medium\">\n<td class=\"border border-gray-300 px-4 py-2\">1 calada de un cigarrillo (Marlboro Red \/ Camel)<\/td>\n<td class=\"border border-gray-300 px-4 py-2 font-mono\">~0.14 mg<\/td>\n<td class=\"border border-gray-300 px-4 py-2 font-mono\">~0.073 mg<\/td>\n<\/tr>\n<\/tbody>\n<\/table>\n<p class=\"text-xs text-gray-600 mt-2 italic\"><em>(Probado en laboratorio independiente con m\u00e1quinas de inhalaci\u00f3n seg\u00fan ISO 20768:2018. Datos de cigarrillos: Public Health England 2025 \u2013 nicotina entregada vs absorbida.)<\/em><\/p>\n<p>&nbsp;<\/p>\n<ul>\n<li>Alta cantidad de caladas (equivalente): El dispositivo est\u00e1 dise\u00f1ado para ofrecer la m\u00e1xima duraci\u00f3n, pudiendo alcanzar hasta unas 70 000 caladas, seg\u00fan el consumo y la duraci\u00f3n de cada inhalaci\u00f3n.*<\/li>\n<li>Soluci\u00f3n a largo plazo: Un solo sistema ofrece una duraci\u00f3n de varias semanas o meses, no horas, y constituye una alternativa estable y reutilizable frente a los dispositivos desechables tradicionales.<\/li>\n<li>Reducci\u00f3n de residuos electr\u00f3nicos: Gracias a su alta capacidad y bater\u00eda recargable, este dispositivo reduce considerablemente la generaci\u00f3n de residuos electr\u00f3nicos frente a la compra de numerosos vapes desechables peque\u00f1os.<\/li>\n<li>Eficiencia econ\u00f3mica: El sistema proporciona un ahorro de costes considerable con el tiempo en comparaci\u00f3n con la compra del mismo n\u00famero de productos desechables.<\/li>\n<li>Bater\u00eda recargable potente: equipada con una bater\u00eda de alta capacidad de 900 mAh, f\u00e1cilmente recargable mediante USB-C.<\/li>\n<li>Tecnolog\u00eda avanzada de resistencia de malla: utiliza una resistencia de malla mejorada para maximizar la superficie de vaporizaci\u00f3n, garantizando una entrega de sabor intensa y un vapor constante.<\/li>\n<\/ul>\n<p><em>*Aviso t\u00e9cnico: La cifra de 70 000 caladas se basa en pruebas de laboratorio controladas que simulan caladas cortas. La duraci\u00f3n real puede variar seg\u00fan el estilo de vapeo y la longitud de las inhalaciones del usuario.<\/em><\/p>","protected":false},"featured_media":557,"template":"","meta":[],"product_brand":[24],"product_cat":[18],"product_tag":[21,20,19,22],"class_list":{"0":"post-967","1":"product","2":"type-product","3":"status-publish","4":"has-post-thumbnail","6":"product_brand-vapsolo","7":"product_cat-cheap-vapes","8":"product_tag-60-day-refund","9":"product_tag-price-match","10":"product_tag-ships-today","11":"product_tag-tpd-certified","13":"first","14":"instock","15":"sale","16":"shipping-taxable","17":"purchasable","18":"product-type-simple"},"yoast_head":"<!-- This site is optimized with the Yoast SEO plugin v26.6 - https:\/\/yoast.com\/wordpress\/plugins\/seo\/ -->\n<title>Vapsolo Master Strong - VapeCheap.eu ~70,000 Big Puff Vapes from \u20ac39.90 - EU Delivery<\/title>\n<meta name=\"description\" content=\"Buy Vapsolo Master 2% Watermelon Ice disposable vape online EU at VapeCheap.eu. \u20ac42.90, ~70,000 puffs (lab estimate), TPD-compliant, 18+ only.\" \/>\n<meta name=\"robots\" content=\"index, follow, max-snippet:-1, max-image-preview:large, max-video-preview:-1\" \/>\n<link rel=\"canonical\" href=\"https:\/\/vapecheap.eu\/es\/producto\/vapsolo-master-strong\/\" \/>\n<meta property=\"og:locale\" content=\"es_ES\" \/>\n<meta property=\"og:type\" content=\"article\" \/>\n<meta property=\"og:title\" content=\"Vapsolo Master Strong - VapeCheap.eu ~70,000 Big Puff Vapes from \u20ac39.90 - EU Delivery\" \/>\n<meta property=\"og:description\" content=\"Buy Vapsolo Master 2% Watermelon Ice disposable vape online EU at VapeCheap.eu. \u20ac42.90, ~70,000 puffs (lab estimate), TPD-compliant, 18+ only.\" \/>\n<meta property=\"og:url\" content=\"https:\/\/vapecheap.eu\/es\/producto\/vapsolo-master-strong\/\" \/>\n<meta property=\"og:site_name\" content=\"VapeCheap.eu ~70,000 Big Puff Vapes from \u20ac39.90 - EU Delivery\" \/>\n<meta property=\"article:modified_time\" content=\"2026-02-08T21:32:12+00:00\" \/>\n<meta property=\"og:image\" content=\"https:\/\/vapecheap.eu\/wp-content\/uploads\/2025\/10\/watermellon.png\" \/>\n\t<meta property=\"og:image:width\" content=\"600\" \/>\n\t<meta property=\"og:image:height\" content=\"600\" \/>\n\t<meta property=\"og:image:type\" content=\"image\/png\" \/>\n<meta name=\"twitter:card\" content=\"summary_large_image\" \/>\n<meta name=\"twitter:label1\" content=\"Tiempo de lectura\" \/>\n\t<meta name=\"twitter:data1\" content=\"1 minuto\" \/>\n<script type=\"application\/ld+json\" class=\"yoast-schema-graph\">{\"@context\":\"https:\/\/schema.org\",\"@graph\":[{\"@type\":\"WebPage\",\"@id\":\"https:\/\/vapecheap.eu\/product\/vapsolo-master-strong\/\",\"url\":\"https:\/\/vapecheap.eu\/product\/vapsolo-master-strong\/\",\"name\":\"Vapsolo Master Strong - VapeCheap.eu ~70,000 Big Puff Vapes from \u20ac39.90 - EU Delivery\",\"isPartOf\":{\"@id\":\"https:\/\/vapecheap.eu\/#website\"},\"primaryImageOfPage\":{\"@id\":\"https:\/\/vapecheap.eu\/product\/vapsolo-master-strong\/#primaryimage\"},\"image\":{\"@id\":\"https:\/\/vapecheap.eu\/product\/vapsolo-master-strong\/#primaryimage\"},\"thumbnailUrl\":\"https:\/\/vapecheap.eu\/wp-content\/uploads\/2025\/10\/watermellon.png\",\"datePublished\":\"2025-11-01T22:14:54+00:00\",\"dateModified\":\"2026-02-08T21:32:12+00:00\",\"description\":\"Buy Vapsolo Master 2% Watermelon Ice disposable vape online EU at VapeCheap.eu. \u20ac42.90, ~70,000 puffs (lab estimate), TPD-compliant, 18+ only.\",\"breadcrumb\":{\"@id\":\"https:\/\/vapecheap.eu\/product\/vapsolo-master-strong\/#breadcrumb\"},\"inLanguage\":\"es\",\"potentialAction\":[{\"@type\":\"ReadAction\",\"target\":[\"https:\/\/vapecheap.eu\/product\/vapsolo-master-strong\/\"]}]},{\"@type\":\"ImageObject\",\"inLanguage\":\"es\",\"@id\":\"https:\/\/vapecheap.eu\/product\/vapsolo-master-strong\/#primaryimage\",\"url\":\"https:\/\/vapecheap.eu\/wp-content\/uploads\/2025\/10\/watermellon.png\",\"contentUrl\":\"https:\/\/vapecheap.eu\/wp-content\/uploads\/2025\/10\/watermellon.png\",\"width\":600,\"height\":600},{\"@type\":\"BreadcrumbList\",\"@id\":\"https:\/\/vapecheap.eu\/product\/vapsolo-master-strong\/#breadcrumb\",\"itemListElement\":[{\"@type\":\"ListItem\",\"position\":1,\"name\":\"Home\",\"item\":\"https:\/\/vapecheap.eu\/\"},{\"@type\":\"ListItem\",\"position\":2,\"name\":\"Shop\",\"item\":\"https:\/\/vapecheap.eu\/shop\/\"},{\"@type\":\"ListItem\",\"position\":3,\"name\":\"Vapsolo Master Strong\"}]},{\"@type\":\"WebSite\",\"@id\":\"https:\/\/vapecheap.eu\/#website\",\"url\":\"https:\/\/vapecheap.eu\/\",\"name\":\"Vapecheap.eu \u2014 Cheap Big Puff Vapes EU\",\"description\":\"\",\"publisher\":{\"@id\":\"https:\/\/vapecheap.eu\/#organization\"},\"potentialAction\":[{\"@type\":\"SearchAction\",\"target\":{\"@type\":\"EntryPoint\",\"urlTemplate\":\"https:\/\/vapecheap.eu\/?s={search_term_string}\"},\"query-input\":{\"@type\":\"PropertyValueSpecification\",\"valueRequired\":true,\"valueName\":\"search_term_string\"}}],\"inLanguage\":\"es\"},{\"@type\":\"Organization\",\"@id\":\"https:\/\/vapecheap.eu\/#organization\",\"name\":\"Vapecheap.eu \u2014 Cheap Big Puff Vapes EU\",\"url\":\"https:\/\/vapecheap.eu\/\",\"logo\":{\"@type\":\"ImageObject\",\"inLanguage\":\"es\",\"@id\":\"https:\/\/vapecheap.eu\/#\/schema\/logo\/image\/\",\"url\":\"https:\/\/vapecheap.eu\/wp-content\/uploads\/2025\/10\/vapecheap-logo-small-1.png\",\"contentUrl\":\"https:\/\/vapecheap.eu\/wp-content\/uploads\/2025\/10\/vapecheap-logo-small-1.png\",\"width\":262,\"height\":250,\"caption\":\"Vapecheap.eu \u2014 Cheap Big Puff Vapes EU\"},\"image\":{\"@id\":\"https:\/\/vapecheap.eu\/#\/schema\/logo\/image\/\"}}]}<\/script>\n<!-- \/ Yoast SEO plugin. -->","yoast_head_json":{"title":"Vapsolo Master Strong - VapeCheap.eu ~70,000 Big Puff Vapes from \u20ac39.90 - EU Delivery","description":"Compra online Vapsolo Master 2 % Watermelon Ice vape en VapeCheap.eu. \u20ac42,90, ~70 000 caladas (est. lab), TPD aprobado, 18+.","robots":{"index":"index","follow":"follow","max-snippet":"max-snippet:-1","max-image-preview":"max-image-preview:large","max-video-preview":"max-video-preview:-1"},"canonical":"https:\/\/vapecheap.eu\/es\/producto\/vapsolo-master-strong\/","og_locale":"es_ES","og_type":"article","og_title":"Vapsolo Master Strong - VapeCheap.eu ~70,000 Big Puff Vapes from \u20ac39.90 - EU Delivery","og_description":"Buy Vapsolo Master 2% Watermelon Ice disposable vape online EU at VapeCheap.eu. \u20ac42.90, ~70,000 puffs (lab estimate), TPD-compliant, 18+ only.","og_url":"https:\/\/vapecheap.eu\/es\/producto\/vapsolo-master-strong\/","og_site_name":"VapeCheap.eu ~70,000 Big Puff Vapes from \u20ac39.90 - EU Delivery","article_modified_time":"2026-02-08T21:32:12+00:00","og_image":[{"width":600,"height":600,"url":"https:\/\/vapecheap.eu\/wp-content\/uploads\/2025\/10\/watermellon.png","type":"image\/png"}],"twitter_card":"summary_large_image","twitter_misc":{"Tiempo de lectura":"1 minuto"},"schema":{"@context":"https:\/\/schema.org","@graph":[{"@type":"WebPage","@id":"https:\/\/vapecheap.eu\/product\/vapsolo-master-strong\/","url":"https:\/\/vapecheap.eu\/product\/vapsolo-master-strong\/","name":"Vapsolo Master Strong - VapeCheap.eu ~70,000 Big Puff Vapes from \u20ac39.90 - EU Delivery","isPartOf":{"@id":"https:\/\/vapecheap.eu\/#website"},"primaryImageOfPage":{"@id":"https:\/\/vapecheap.eu\/product\/vapsolo-master-strong\/#primaryimage"},"image":{"@id":"https:\/\/vapecheap.eu\/product\/vapsolo-master-strong\/#primaryimage"},"thumbnailUrl":"https:\/\/vapecheap.eu\/wp-content\/uploads\/2025\/10\/watermellon.png","datePublished":"2025-11-01T22:14:54+00:00","dateModified":"2026-02-08T21:32:12+00:00","description":"Compra online Vapsolo Master 2 % Watermelon Ice vape en VapeCheap.eu. \u20ac42,90, ~70 000 caladas (est. lab), TPD aprobado, 18+.","breadcrumb":{"@id":"https:\/\/vapecheap.eu\/product\/vapsolo-master-strong\/#breadcrumb"},"inLanguage":"es","potentialAction":[{"@type":"ReadAction","target":["https:\/\/vapecheap.eu\/product\/vapsolo-master-strong\/"]}]},{"@type":"ImageObject","inLanguage":"es","@id":"https:\/\/vapecheap.eu\/product\/vapsolo-master-strong\/#primaryimage","url":"https:\/\/vapecheap.eu\/wp-content\/uploads\/2025\/10\/watermellon.png","contentUrl":"https:\/\/vapecheap.eu\/wp-content\/uploads\/2025\/10\/watermellon.png","width":600,"height":600},{"@type":"BreadcrumbList","@id":"https:\/\/vapecheap.eu\/product\/vapsolo-master-strong\/#breadcrumb","itemListElement":[{"@type":"ListItem","position":1,"name":"Home","item":"https:\/\/vapecheap.eu\/"},{"@type":"ListItem","position":2,"name":"Shop","item":"https:\/\/vapecheap.eu\/shop\/"},{"@type":"ListItem","position":3,"name":"Vapsolo Master Strong"}]},{"@type":"WebSite","@id":"https:\/\/vapecheap.eu\/#website","url":"https:\/\/vapecheap.eu\/","name":"Vapecheap.eu \u2014 Cheap Big Puff Vapes EU","description":"","publisher":{"@id":"https:\/\/vapecheap.eu\/#organization"},"potentialAction":[{"@type":"SearchAction","target":{"@type":"EntryPoint","urlTemplate":"https:\/\/vapecheap.eu\/?s={search_term_string}"},"query-input":{"@type":"PropertyValueSpecification","valueRequired":true,"valueName":"search_term_string"}}],"inLanguage":"es"},{"@type":"Organization","@id":"https:\/\/vapecheap.eu\/#organization","name":"Vapecheap.eu \u2014 Cheap Big Puff Vapes EU","url":"https:\/\/vapecheap.eu\/","logo":{"@type":"ImageObject","inLanguage":"es","@id":"https:\/\/vapecheap.eu\/#\/schema\/logo\/image\/","url":"https:\/\/vapecheap.eu\/wp-content\/uploads\/2025\/10\/vapecheap-logo-small-1.png","contentUrl":"https:\/\/vapecheap.eu\/wp-content\/uploads\/2025\/10\/vapecheap-logo-small-1.png","width":262,"height":250,"caption":"Vapecheap.eu \u2014 Cheap Big Puff Vapes EU"},"image":{"@id":"https:\/\/vapecheap.eu\/#\/schema\/logo\/image\/"}}]}},"_links":{"self":[{"href":"https:\/\/vapecheap.eu\/es\/wp-json\/wp\/v2\/product\/967","targetHints":{"allow":["GET"]}}],"collection":[{"href":"https:\/\/vapecheap.eu\/es\/wp-json\/wp\/v2\/product"}],"about":[{"href":"https:\/\/vapecheap.eu\/es\/wp-json\/wp\/v2\/types\/product"}],"version-history":[{"count":6,"href":"https:\/\/vapecheap.eu\/es\/wp-json\/wp\/v2\/product\/967\/revisions"}],"predecessor-version":[{"id":1196,"href":"https:\/\/vapecheap.eu\/es\/wp-json\/wp\/v2\/product\/967\/revisions\/1196"}],"wp:featuredmedia":[{"embeddable":true,"href":"https:\/\/vapecheap.eu\/es\/wp-json\/wp\/v2\/media\/557"}],"wp:attachment":[{"href":"https:\/\/vapecheap.eu\/es\/wp-json\/wp\/v2\/media?parent=967"}],"wp:term":[{"taxonomy":"product_brand","embeddable":true,"href":"https:\/\/vapecheap.eu\/es\/wp-json\/wp\/v2\/product_brand?post=967"},{"taxonomy":"product_cat","embeddable":true,"href":"https:\/\/vapecheap.eu\/es\/wp-json\/wp\/v2\/product_cat?post=967"},{"taxonomy":"product_tag","embeddable":true,"href":"https:\/\/vapecheap.eu\/es\/wp-json\/wp\/v2\/product_tag?post=967"}],"curies":[{"name":"wp","href":"https:\/\/api.w.org\/{rel}","templated":true}]}}