{"id":622,"date":"2025-10-29T15:55:06","date_gmt":"2025-10-29T15:55:06","guid":{"rendered":"https:\/\/vapecheap.eu\/?page_id=622"},"modified":"2025-11-02T21:48:31","modified_gmt":"2025-11-02T21:48:31","slug":"impressum","status":"publish","type":"page","link":"https:\/\/vapecheap.eu\/es\/impressum\/","title":{"rendered":"IMPRESSUM"},"content":{"rendered":"<div data-elementor-type=\"wp-page\" data-elementor-id=\"622\" class=\"elementor elementor-622\" data-elementor-post-type=\"page\">\n\t\t\t\t<div class=\"elementor-element elementor-element-aefe9af e-flex e-con-boxed sc_layouts_column_icons_position_left e-con e-parent\" data-id=\"aefe9af\" data-element_type=\"container\" data-settings=\"{&quot;background_background&quot;:&quot;classic&quot;}\">\n\t\t\t\t\t<div class=\"e-con-inner\">\n\t\t\t\t<div class=\"elementor-element elementor-element-c3574c4 sc_fly_static elementor-widget elementor-widget-text-editor\" data-id=\"c3574c4\" data-element_type=\"widget\" data-widget_type=\"text-editor.default\">\n\t\t\t\t\t\t\t\t\t<p>Angaben gem\u00e4\u00df \u00a7 5 TMG (Deutschland) und \u00a7 14 UGB (\u00d6sterreich)<img fetchpriority=\"high\" decoding=\"async\" class=\"size-medium wp-image-1019 alignright\" src=\"https:\/\/vapecheap.eu\/wp-content\/uploads\/2025\/11\/laboratoscientio-300x282.webp\" alt=\"\" width=\"300\" height=\"282\" srcset=\"https:\/\/vapecheap.eu\/wp-content\/uploads\/2025\/11\/laboratoscientio-300x282.webp 300w, https:\/\/vapecheap.eu\/wp-content\/uploads\/2025\/11\/laboratoscientio-13x12.webp 13w, https:\/\/vapecheap.eu\/wp-content\/uploads\/2025\/11\/laboratoscientio-370x348.webp 370w, https:\/\/vapecheap.eu\/wp-content\/uploads\/2025\/11\/laboratoscientio-410x385.webp 410w, https:\/\/vapecheap.eu\/wp-content\/uploads\/2025\/11\/laboratoscientio.webp 500w\" sizes=\"(max-width: 300px) 100vw, 300px\" \/><\/p><h4>Betreiber &amp; Verantwortlicher<\/h4><p>Sci\u00e9ntio Laboratories spol. s r.o.<br \/>Tallerova 4<br \/>811 02 Bratislava<br \/>Slowakei<\/p><p>Handelsregisternummer (I\u010cO):\u00a052 053 407<\/p><h4>Kontakt<\/h4><p>E-Mail:\u00a0<a href=\"mailto:orders@vapecheap.eu\">orders@vapecheap.eu<\/a><\/p><h4>Datenschutzbeauftragter (DPO)<\/h4><p>E-Mail:\u00a0<a href=\"mailto:privacy@vapecheap.eu\">privacy@vapecheap.eu<\/a><\/p><h4>Umsatzsteuer-ID<\/h4><p>Nicht vorhanden (unter Umsatzsteuerschwelle gem\u00e4\u00df Act No. 222\/2004 Coll. on VAT, Slowakei).<\/p><h4>Gesch\u00e4ftst\u00e4tigkeit<\/h4><p>Wir sind ausschlie\u00dflich\u00a0Wiederverk\u00e4ufer\u00a0von Vaping-Ger\u00e4ten, E-Liquids und Zubeh\u00f6r. Alle Produkte stammen von verifizierten EU-Gro\u00dfh\u00e4ndlern und werden in EU-Lagern gelagert. Wir importieren oder produzieren keine Waren.<\/p><p>Alle Produktbeschreibungen, Marketingangaben, Bilder, Spezifikationen und Leistungsversprechen stammen direkt aus den offiziellen Datenbl\u00e4ttern des Herstellers. Sci\u00e9ntio Laboratories spol. s r.o. f\u00fchrt keine eigene Pr\u00fcfung durch und \u00fcbernimmt keine Verantwortung f\u00fcr Ungenauigkeiten.<\/p><p>Die Einhaltung von TPD, CE, CLP, RoHS, GPSR und allen EU-Sicherheitsvorschriften liegt\u00a0allein beim EU-Importeur und Hersteller. Sci\u00e9ntio Laboratories spol. s r.o. handelt ausschlie\u00dflich als H\u00e4ndler und tr\u00e4gt\u00a0keine Haftung.<\/p><h4>Aufsichtsbeh\u00f6rde<\/h4><p>Slowakische Handelsinspektion (SOI)<br \/>Prievozsk\u00e1 32<br \/>827 99 Bratislava<br \/>Slowakei<\/p><h4>Streitbeilegung<\/h4><p>Wir sind weder verpflichtet noch bereit, an Streitbeilegungsverfahren vor einer Verbraucherschlichtungsstelle teilzunehmen. EU-Verbraucher k\u00f6nnen die OS-Plattform nutzen: <a href=\"https:\/\/ec.europa.eu\/consumers\/odr\" target=\"_blank\" rel=\"noopener\">https:\/\/ec.europa.eu\/consumers\/odr<\/a>.<\/p><h4>Haftung f\u00fcr Inhalte<\/h4><p>Die Inhalte unserer Seiten wurden mit gr\u00f6\u00dfter Sorgfalt erstellt. F\u00fcr die Richtigkeit, Vollst\u00e4ndigkeit und Aktualit\u00e4t der Inhalte k\u00f6nnen wir jedoch keine Gew\u00e4hr \u00fcbernehmen. Als Diensteanbieter sind wir gem\u00e4\u00df \u00a7 7 Abs.1 TMG f\u00fcr eigene Inhalte auf diesen Seiten nach den allgemeinen Gesetzen verantwortlich. Nach \u00a7\u00a7 8 bis 10 TMG sind wir als Diensteanbieter jedoch nicht verpflichtet, \u00fcbermittelte oder gespeicherte fremde Informationen zu \u00fcberwachen oder nach Umst\u00e4nden zu forschen, die auf eine rechtswidrige T\u00e4tigkeit hinweisen. Verpflichtungen zur Entfernung oder Sperrung der Nutzung von Informationen nach den allgemeinen Gesetzen bleiben hiervon unber\u00fchrt. Eine diesbez\u00fcgliche Haftung ist jedoch erst ab dem Zeitpunkt der Kenntnis einer konkreten Rechtsverletzung m\u00f6glich. Bei Bekanntwerden von entsprechenden Rechtsverletzungen werden wir diese Inhalte umgehend entfernen.<\/p><h4>Haftung f\u00fcr Links<\/h4><p>Unser Angebot enth\u00e4lt Links zu externen Websites Dritter, auf deren Inhalte wir keinen Einfluss haben. Deshalb k\u00f6nnen wir f\u00fcr diese fremden Inhalte auch keine Gew\u00e4hr \u00fcbernehmen. F\u00fcr die Inhalte der verlinkten Seiten ist stets der jeweilige Anbieter oder Betreiber der Seiten verantwortlich. Die verlinkten Seiten wurden zum Zeitpunkt der Verlinkung auf m\u00f6gliche Rechtsverst\u00f6\u00dfe \u00fcberpr\u00fcft. Rechtswidrige Inhalte waren zum Zeitpunkt der Verlinkung nicht erkennbar. Eine permanente inhaltliche Kontrolle der verlinkten Seiten ist jedoch ohne konkrete Anhaltspunkte einer Rechtsverletzung nicht zumutbar. Bei Bekanntwerden von Rechtsverletzungen werden wir derartige Links umgehend entfernen.<\/p><h4>Urheberrecht<\/h4><p>Die durch die Seitenbetreiber erstellten Inhalte und Werke auf diesen Seiten unterliegen dem deutschen Urheberrecht. Die Vervielf\u00e4ltigung, Bearbeitung, Verbreitung und jede Art der Verwertung au\u00dferhalb der Grenzen des Urheberrechtes bed\u00fcrfen der schriftlichen Zustimmung des jeweiligen Autors bzw. Erstellers. Downloads und Kopien dieser Seite sind nur f\u00fcr den privaten, nicht kommerziellen Gebrauch gestattet. Soweit die Inhalte auf dieser Seite nicht vom Betreiber erstellt wurden, werden die Urheberrechte Dritter beachtet. Insbesondere werden Inhalte Dritter als solche gekennzeichnet. Sollten Sie trotzdem auf eine Urheberrechtsverletzung aufmerksam werden, bitten wir um einen entsprechenden Hinweis. Bei Bekanntwerden von Rechtsverletzungen werden wir derartige Inhalte umgehend entfernen.<\/p><h4>Haftungsausschluss<\/h4><p>Alle Produktbeschreibungen, Marketingangaben, Bilder, Spezifikationen und Leistungsversprechen stammen direkt aus den offiziellen Datenbl\u00e4ttern des Herstellers. Sci\u00e9ntio Laboratories spol. s r.o. f\u00fchrt keine eigene Pr\u00fcfung durch und \u00fcbernimmt keine Verantwortung f\u00fcr Ungenauigkeiten, Abweichungen oder tats\u00e4chliche Leistung. Die Einhaltung von TPD, CE, CLP, RoHS, GPSR und allen EU-Sicherheitsvorschriften liegt ausschlie\u00dflich beim EU-Importeur und Hersteller. Sci\u00e9ntio Laboratories spol. s r.o. handelt ausschlie\u00dflich als H\u00e4ndler und tr\u00e4gt keine Haftung.<\/p><footer><p>Stand: 1. Dezember 2025<\/p><\/footer>\t\t\t\t\t\t\t\t<\/div>\n\t\t\t\t\t<\/div>\n\t\t\t\t<\/div>\n\t\t\t\t<\/div>","protected":false},"excerpt":{"rendered":"<p>Angaben gem\u00e4\u00df \u00a7 5 TMG (Deutschland) und \u00a7 14 UGB (\u00d6sterreich) Betreiber &amp; Verantwortlicher Sci\u00e9ntio Laboratories spol. s r.o.Tallerova 4811 02 BratislavaSlowakei Handelsregisternummer (I\u010cO):\u00a052 053 407 Kontakt E-Mail:\u00a0orders@vapecheap.eu Datenschutzbeauftragter (DPO)&hellip;<\/p>","protected":false},"author":1,"featured_media":0,"parent":0,"menu_order":0,"comment_status":"closed","ping_status":"closed","template":"","meta":{"footnotes":""},"class_list":["post-622","page","type-page","status-publish","hentry"],"yoast_head":"<!-- This site is optimized with the Yoast SEO plugin v26.6 - https:\/\/yoast.com\/wordpress\/plugins\/seo\/ -->\n<title>IMPRESSUM - VapeCheap.eu ~70,000 Big Puff Vapes from \u20ac39.90 - EU Delivery<\/title>\n<meta name=\"robots\" content=\"index, follow, max-snippet:-1, max-image-preview:large, max-video-preview:-1\" \/>\n<link rel=\"canonical\" href=\"https:\/\/vapecheap.eu\/es\/impressum\/\" \/>\n<meta property=\"og:locale\" content=\"es_ES\" \/>\n<meta property=\"og:type\" content=\"article\" \/>\n<meta property=\"og:title\" content=\"IMPRESSUM - VapeCheap.eu ~70,000 Big Puff Vapes from \u20ac39.90 - EU Delivery\" \/>\n<meta property=\"og:description\" content=\"Angaben gem\u00e4\u00df \u00a7 5 TMG (Deutschland) und \u00a7 14 UGB (\u00d6sterreich) Betreiber &amp; Verantwortlicher Sci\u00e9ntio Laboratories spol. s r.o.Tallerova 4811 02 BratislavaSlowakei Handelsregisternummer (I\u010cO):\u00a052 053 407 Kontakt E-Mail:\u00a0orders@vapecheap.eu Datenschutzbeauftragter (DPO)&hellip;\" \/>\n<meta property=\"og:url\" content=\"https:\/\/vapecheap.eu\/es\/impressum\/\" \/>\n<meta property=\"og:site_name\" content=\"VapeCheap.eu ~70,000 Big Puff Vapes from \u20ac39.90 - EU Delivery\" \/>\n<meta property=\"article:modified_time\" content=\"2025-11-02T21:48:31+00:00\" \/>\n<meta property=\"og:image\" content=\"https:\/\/vapecheap.eu\/wp-content\/uploads\/2025\/11\/laboratoscientio.webp\" \/>\n\t<meta property=\"og:image:width\" content=\"500\" \/>\n\t<meta property=\"og:image:height\" content=\"470\" \/>\n\t<meta property=\"og:image:type\" content=\"image\/webp\" \/>\n<meta name=\"twitter:card\" content=\"summary_large_image\" \/>\n<meta name=\"twitter:label1\" content=\"Tiempo de lectura\" \/>\n\t<meta name=\"twitter:data1\" content=\"3 minutos\" \/>\n<script type=\"application\/ld+json\" class=\"yoast-schema-graph\">{\"@context\":\"https:\/\/schema.org\",\"@graph\":[{\"@type\":\"WebPage\",\"@id\":\"https:\/\/vapecheap.eu\/impressum\/\",\"url\":\"https:\/\/vapecheap.eu\/impressum\/\",\"name\":\"IMPRESSUM - VapeCheap.eu ~70,000 Big Puff Vapes from \u20ac39.90 - EU Delivery\",\"isPartOf\":{\"@id\":\"https:\/\/vapecheap.eu\/#website\"},\"primaryImageOfPage\":{\"@id\":\"https:\/\/vapecheap.eu\/impressum\/#primaryimage\"},\"image\":{\"@id\":\"https:\/\/vapecheap.eu\/impressum\/#primaryimage\"},\"thumbnailUrl\":\"https:\/\/vapecheap.eu\/wp-content\/uploads\/2025\/11\/laboratoscientio-300x282.webp\",\"datePublished\":\"2025-10-29T15:55:06+00:00\",\"dateModified\":\"2025-11-02T21:48:31+00:00\",\"breadcrumb\":{\"@id\":\"https:\/\/vapecheap.eu\/impressum\/#breadcrumb\"},\"inLanguage\":\"es\",\"potentialAction\":[{\"@type\":\"ReadAction\",\"target\":[\"https:\/\/vapecheap.eu\/impressum\/\"]}]},{\"@type\":\"ImageObject\",\"inLanguage\":\"es\",\"@id\":\"https:\/\/vapecheap.eu\/impressum\/#primaryimage\",\"url\":\"https:\/\/vapecheap.eu\/wp-content\/uploads\/2025\/11\/laboratoscientio-300x282.webp\",\"contentUrl\":\"https:\/\/vapecheap.eu\/wp-content\/uploads\/2025\/11\/laboratoscientio-300x282.webp\"},{\"@type\":\"BreadcrumbList\",\"@id\":\"https:\/\/vapecheap.eu\/impressum\/#breadcrumb\",\"itemListElement\":[{\"@type\":\"ListItem\",\"position\":1,\"name\":\"Home\",\"item\":\"https:\/\/vapecheap.eu\/\"},{\"@type\":\"ListItem\",\"position\":2,\"name\":\"IMPRESSUM\"}]},{\"@type\":\"WebSite\",\"@id\":\"https:\/\/vapecheap.eu\/#website\",\"url\":\"https:\/\/vapecheap.eu\/\",\"name\":\"Vapecheap.eu \u2014 Cheap Big Puff Vapes EU\",\"description\":\"\",\"publisher\":{\"@id\":\"https:\/\/vapecheap.eu\/#organization\"},\"potentialAction\":[{\"@type\":\"SearchAction\",\"target\":{\"@type\":\"EntryPoint\",\"urlTemplate\":\"https:\/\/vapecheap.eu\/?s={search_term_string}\"},\"query-input\":{\"@type\":\"PropertyValueSpecification\",\"valueRequired\":true,\"valueName\":\"search_term_string\"}}],\"inLanguage\":\"es\"},{\"@type\":\"Organization\",\"@id\":\"https:\/\/vapecheap.eu\/#organization\",\"name\":\"Vapecheap.eu \u2014 Cheap Big Puff Vapes EU\",\"url\":\"https:\/\/vapecheap.eu\/\",\"logo\":{\"@type\":\"ImageObject\",\"inLanguage\":\"es\",\"@id\":\"https:\/\/vapecheap.eu\/#\/schema\/logo\/image\/\",\"url\":\"https:\/\/vapecheap.eu\/wp-content\/uploads\/2025\/10\/vapecheap-logo-small-1.png\",\"contentUrl\":\"https:\/\/vapecheap.eu\/wp-content\/uploads\/2025\/10\/vapecheap-logo-small-1.png\",\"width\":262,\"height\":250,\"caption\":\"Vapecheap.eu \u2014 Cheap Big Puff Vapes EU\"},\"image\":{\"@id\":\"https:\/\/vapecheap.eu\/#\/schema\/logo\/image\/\"}}]}<\/script>\n<!-- \/ Yoast SEO plugin. -->","yoast_head_json":{"title":"IMPRESSUM - VapeCheap.eu ~70,000 Big Puff Vapes from \u20ac39.90 - EU Delivery","robots":{"index":"index","follow":"follow","max-snippet":"max-snippet:-1","max-image-preview":"max-image-preview:large","max-video-preview":"max-video-preview:-1"},"canonical":"https:\/\/vapecheap.eu\/es\/impressum\/","og_locale":"es_ES","og_type":"article","og_title":"IMPRESSUM - VapeCheap.eu ~70,000 Big Puff Vapes from \u20ac39.90 - EU Delivery","og_description":"Angaben gem\u00e4\u00df \u00a7 5 TMG (Deutschland) und \u00a7 14 UGB (\u00d6sterreich) Betreiber &amp; Verantwortlicher Sci\u00e9ntio Laboratories spol. s r.o.Tallerova 4811 02 BratislavaSlowakei Handelsregisternummer (I\u010cO):\u00a052 053 407 Kontakt E-Mail:\u00a0orders@vapecheap.eu Datenschutzbeauftragter (DPO)&hellip;","og_url":"https:\/\/vapecheap.eu\/es\/impressum\/","og_site_name":"VapeCheap.eu ~70,000 Big Puff Vapes from \u20ac39.90 - EU Delivery","article_modified_time":"2025-11-02T21:48:31+00:00","og_image":[{"width":500,"height":470,"url":"https:\/\/vapecheap.eu\/wp-content\/uploads\/2025\/11\/laboratoscientio.webp","type":"image\/webp"}],"twitter_card":"summary_large_image","twitter_misc":{"Tiempo de lectura":"3 minutos"},"schema":{"@context":"https:\/\/schema.org","@graph":[{"@type":"WebPage","@id":"https:\/\/vapecheap.eu\/impressum\/","url":"https:\/\/vapecheap.eu\/impressum\/","name":"IMPRESSUM - VapeCheap.eu ~70,000 Big Puff Vapes from \u20ac39.90 - EU Delivery","isPartOf":{"@id":"https:\/\/vapecheap.eu\/#website"},"primaryImageOfPage":{"@id":"https:\/\/vapecheap.eu\/impressum\/#primaryimage"},"image":{"@id":"https:\/\/vapecheap.eu\/impressum\/#primaryimage"},"thumbnailUrl":"https:\/\/vapecheap.eu\/wp-content\/uploads\/2025\/11\/laboratoscientio-300x282.webp","datePublished":"2025-10-29T15:55:06+00:00","dateModified":"2025-11-02T21:48:31+00:00","breadcrumb":{"@id":"https:\/\/vapecheap.eu\/impressum\/#breadcrumb"},"inLanguage":"es","potentialAction":[{"@type":"ReadAction","target":["https:\/\/vapecheap.eu\/impressum\/"]}]},{"@type":"ImageObject","inLanguage":"es","@id":"https:\/\/vapecheap.eu\/impressum\/#primaryimage","url":"https:\/\/vapecheap.eu\/wp-content\/uploads\/2025\/11\/laboratoscientio-300x282.webp","contentUrl":"https:\/\/vapecheap.eu\/wp-content\/uploads\/2025\/11\/laboratoscientio-300x282.webp"},{"@type":"BreadcrumbList","@id":"https:\/\/vapecheap.eu\/impressum\/#breadcrumb","itemListElement":[{"@type":"ListItem","position":1,"name":"Home","item":"https:\/\/vapecheap.eu\/"},{"@type":"ListItem","position":2,"name":"IMPRESSUM"}]},{"@type":"WebSite","@id":"https:\/\/vapecheap.eu\/#website","url":"https:\/\/vapecheap.eu\/","name":"Vapecheap.eu \u2014 Cheap Big Puff Vapes EU","description":"","publisher":{"@id":"https:\/\/vapecheap.eu\/#organization"},"potentialAction":[{"@type":"SearchAction","target":{"@type":"EntryPoint","urlTemplate":"https:\/\/vapecheap.eu\/?s={search_term_string}"},"query-input":{"@type":"PropertyValueSpecification","valueRequired":true,"valueName":"search_term_string"}}],"inLanguage":"es"},{"@type":"Organization","@id":"https:\/\/vapecheap.eu\/#organization","name":"Vapecheap.eu \u2014 Cheap Big Puff Vapes EU","url":"https:\/\/vapecheap.eu\/","logo":{"@type":"ImageObject","inLanguage":"es","@id":"https:\/\/vapecheap.eu\/#\/schema\/logo\/image\/","url":"https:\/\/vapecheap.eu\/wp-content\/uploads\/2025\/10\/vapecheap-logo-small-1.png","contentUrl":"https:\/\/vapecheap.eu\/wp-content\/uploads\/2025\/10\/vapecheap-logo-small-1.png","width":262,"height":250,"caption":"Vapecheap.eu \u2014 Cheap Big Puff Vapes EU"},"image":{"@id":"https:\/\/vapecheap.eu\/#\/schema\/logo\/image\/"}}]}},"_links":{"self":[{"href":"https:\/\/vapecheap.eu\/es\/wp-json\/wp\/v2\/pages\/622","targetHints":{"allow":["GET"]}}],"collection":[{"href":"https:\/\/vapecheap.eu\/es\/wp-json\/wp\/v2\/pages"}],"about":[{"href":"https:\/\/vapecheap.eu\/es\/wp-json\/wp\/v2\/types\/page"}],"author":[{"embeddable":true,"href":"https:\/\/vapecheap.eu\/es\/wp-json\/wp\/v2\/users\/1"}],"replies":[{"embeddable":true,"href":"https:\/\/vapecheap.eu\/es\/wp-json\/wp\/v2\/comments?post=622"}],"version-history":[{"count":12,"href":"https:\/\/vapecheap.eu\/es\/wp-json\/wp\/v2\/pages\/622\/revisions"}],"predecessor-version":[{"id":1056,"href":"https:\/\/vapecheap.eu\/es\/wp-json\/wp\/v2\/pages\/622\/revisions\/1056"}],"wp:attachment":[{"href":"https:\/\/vapecheap.eu\/es\/wp-json\/wp\/v2\/media?parent=622"}],"curies":[{"name":"wp","href":"https:\/\/api.w.org\/{rel}","templated":true}]}}