{"id":612,"date":"2025-10-29T09:18:23","date_gmt":"2025-10-29T09:18:23","guid":{"rendered":"https:\/\/vapecheap.eu\/?post_type=product&#038;p=612"},"modified":"2026-04-16T11:56:36","modified_gmt":"2026-04-16T11:56:36","slug":"vapsolo-master-2","status":"publish","type":"product","link":"https:\/\/vapecheap.eu\/de\/produkt\/vapsolo-master-2\/","title":{"rendered":"Vapsolo Master Smooth"},"content":{"rendered":"<p>~70 000 Z\u00fcge (Laborsch\u00e4tzung) \u00b7 Wiederaufladbar \u00b7 2 % Nikotin (20 mg\/ml) \u00b7 Versand noch heute \u00b7 Geschmacksprofil: neutrale Basis mit leichtem Erdbeer-Kiwi-Aroma.<\/p>","protected":false},"excerpt":{"rendered":"<h3>apsolo Master 2 % \u2013 Einweg Vape ~70 000 Z\u00fcge (Laborsch\u00e4tzung). Online kaufen in Deutschland<\/h3>\n<p>&nbsp;<\/p>\n<p>~70 000 Z\u00fcge (Labor\u00adsch\u00e4tzung). 2 % Nikotin (20 mg\/ml). Dieses Ger\u00e4t bietet eine verl\u00e4ngerte Nutzungsdauer \u2013 gesch\u00e4tzt 3 bis 5 Monate bei einem Konsum, der etwa 5\u201315 Zigaretten pro Tag entspricht. Die Nikotinabgabe ist technisch vergleichbar mit der von leichteren Zigaretten laut ver\u00f6ffentlichten Testdaten.<\/p>\n<p>&nbsp;<\/p>\n<table class=\"w-full border-collapse text-sm md:text-base\">\n<thead>\n<tr class=\"bg-gray-100\">\n<th class=\"border border-gray-300 px-4 py-2 text-left font-bold\">Leistungseinstellung<\/th>\n<th class=\"border border-gray-300 px-4 py-2 text-left font-bold\">Nikotinabgabe pro Zug<\/th>\n<th class=\"border border-gray-300 px-4 py-2 text-left font-bold\">Aufgenommener Nikotin (\u224850%)<\/th>\n<\/tr>\n<\/thead>\n<tbody>\n<tr>\n<td class=\"border border-gray-300 px-4 py-2\">Low (16 W)<\/td>\n<td class=\"border border-gray-300 px-4 py-2 font-mono\">0.0333 mg<\/td>\n<td class=\"border border-gray-300 px-4 py-2 font-mono\">\u22480.0167 mg<\/td>\n<\/tr>\n<tr class=\"bg-gray-50\">\n<td class=\"border border-gray-300 px-4 py-2\">Medium (20 W)<\/td>\n<td class=\"border border-gray-300 px-4 py-2 font-mono\">0.0467 mg<\/td>\n<td class=\"border border-gray-300 px-4 py-2 font-mono\">\u22480.0233 mg<\/td>\n<\/tr>\n<tr>\n<td class=\"border border-gray-300 px-4 py-2\">High (30 W)<\/td>\n<td class=\"border border-gray-300 px-4 py-2 font-mono\">0.0667 mg<\/td>\n<td class=\"border border-gray-300 px-4 py-2 font-mono\">\u22480.0333 mg<\/td>\n<\/tr>\n<tr class=\"bg-blue-50 font-medium\">\n<td class=\"border border-gray-300 px-4 py-2\">1 Zug von einer Zigarette (Marlboro Gold \/ Camel Light)<\/td>\n<td class=\"border border-gray-300 px-4 py-2 font-mono\">~0.07 mg<\/td>\n<td class=\"border border-gray-300 px-4 py-2 font-mono\">~0.035 mg<\/td>\n<\/tr>\n<\/tbody>\n<\/table>\n<p class=\"text-xs text-gray-600 mt-2 italic\"><em>(Getestet in einem unabh\u00e4ngigen Labor mit Zugmaschinen nach ISO 20768:2018. Zigarettendaten: Public Health England 2025 \u2013 abgegebene vs. aufgenommene Nikotinmenge.)<\/em><\/p>\n<p>&nbsp;<\/p>\n<ul>\n<li>Hohe Zuganzahl (\u00c4quivalent): Das Ger\u00e4t ist f\u00fcr maximale Lebensdauer entwickelt und kann je nach Nutzerverhalten und Zugdauer bis zu ca. 70 000 Z\u00fcge erreichen (Laborsch\u00e4tzung)*.<\/li>\n<li>Langzeitl\u00f6sung: Ein System bietet eine Lebensdauer von mehreren Wochen bis Monaten statt Stunden und stellt eine stabile, wiederverwendbare Alternative zu herk\u00f6mmlichen Einweg-Ger\u00e4ten dar.<\/li>\n<li>Reduzierung von Elektroschrott: Durch die hohe Kapazit\u00e4t und wiederaufladbare Batterie verringert dieses Ger\u00e4t die Entstehung von Elektroschrott im Vergleich zum Kauf zahlreicher kleiner Einweg-Vapes erheblich.<\/li>\n<li>Wirtschaftliche Effizienz: Das System bietet im Laufe der Zeit erhebliche Kosteneinsparungen im Vergleich zum Kauf einer entsprechenden Anzahl von Einwegprodukten.<\/li>\n<li>Leistungsstarker wiederaufladbarer Akku: Ausgestattet mit einer Hochleistungsbatterie mit 900 mAh, einfach \u00fcber USB-C aufladbar.<\/li>\n<li>Fortschrittliche Mesh-Coil-Technologie: Verwendet eine verbesserte Mesh-Coil, um die Verdampfungsfl\u00e4che zu maximieren, sorgt f\u00fcr intensiven Geschmack und ist f\u00fcr eine gleichm\u00e4\u00dfige Dampfentwicklung ausgelegt.<\/li>\n<\/ul>\n<p><em>*Technischer Hinweis: Die Angabe von 70 000 Z\u00fcgen basiert auf kontrollierten Labortests, die kurze Z\u00fcge simulieren. Die tats\u00e4chliche Lebensdauer kann je nach Dampfverhalten und Zugl\u00e4nge des Nutzers variieren.<\/em><\/p>","protected":false},"featured_media":578,"template":"","meta":[],"product_brand":[24],"product_cat":[18],"product_tag":[21,20,19,22],"class_list":{"0":"post-612","1":"product","2":"type-product","3":"status-publish","4":"has-post-thumbnail","6":"product_brand-vapsolo","7":"product_cat-cheap-vapes","8":"product_tag-60-day-refund","9":"product_tag-price-match","10":"product_tag-ships-today","11":"product_tag-tpd-certified","13":"first","14":"instock","15":"sale","16":"shipping-taxable","17":"purchasable","18":"product-type-simple"},"yoast_head":"<!-- This site is optimized with the Yoast SEO plugin v26.6 - https:\/\/yoast.com\/wordpress\/plugins\/seo\/ -->\n<title>Vapsolo Master Smooth - VapeCheap.eu ~70,000 Big Puff Vapes from \u20ac39.90 - EU Delivery<\/title>\n<meta name=\"description\" content=\"Buy Vapsolo Master 2% Strawberry Kiwi vape online EU at VapeCheap.eu. \u20ac39.99, ~70,000 puffs (lab estimate), TPD-compliant, 18+ only.\" \/>\n<meta name=\"robots\" content=\"index, follow, max-snippet:-1, max-image-preview:large, max-video-preview:-1\" \/>\n<link rel=\"canonical\" href=\"https:\/\/vapecheap.eu\/de\/produkt\/vapsolo-master-2\/\" \/>\n<meta property=\"og:locale\" content=\"de_DE\" \/>\n<meta property=\"og:type\" content=\"article\" \/>\n<meta property=\"og:title\" content=\"Vapsolo Master Smooth - VapeCheap.eu ~70,000 Big Puff Vapes from \u20ac39.90 - EU Delivery\" \/>\n<meta property=\"og:description\" content=\"Buy Vapsolo Master 2% Strawberry Kiwi vape online EU at VapeCheap.eu. \u20ac39.99, ~70,000 puffs (lab estimate), TPD-compliant, 18+ only.\" \/>\n<meta property=\"og:url\" content=\"https:\/\/vapecheap.eu\/de\/produkt\/vapsolo-master-2\/\" \/>\n<meta property=\"og:site_name\" content=\"VapeCheap.eu ~70,000 Big Puff Vapes from \u20ac39.90 - EU Delivery\" \/>\n<meta property=\"article:modified_time\" content=\"2026-04-16T11:56:36+00:00\" \/>\n<meta property=\"og:image\" content=\"https:\/\/vapecheap.eu\/wp-content\/uploads\/2025\/10\/kiwi.png\" \/>\n\t<meta property=\"og:image:width\" content=\"600\" \/>\n\t<meta property=\"og:image:height\" content=\"600\" \/>\n\t<meta property=\"og:image:type\" content=\"image\/png\" \/>\n<meta name=\"twitter:card\" content=\"summary_large_image\" \/>\n<meta name=\"twitter:label1\" content=\"Gesch\u00e4tzte Lesezeit\" \/>\n\t<meta name=\"twitter:data1\" content=\"1\u00a0Minute\" \/>\n<script type=\"application\/ld+json\" class=\"yoast-schema-graph\">{\"@context\":\"https:\/\/schema.org\",\"@graph\":[{\"@type\":\"WebPage\",\"@id\":\"https:\/\/vapecheap.eu\/product\/vapsolo-master-2\/\",\"url\":\"https:\/\/vapecheap.eu\/product\/vapsolo-master-2\/\",\"name\":\"Vapsolo Master Smooth - VapeCheap.eu ~70,000 Big Puff Vapes from \u20ac39.90 - EU Delivery\",\"isPartOf\":{\"@id\":\"https:\/\/vapecheap.eu\/#website\"},\"primaryImageOfPage\":{\"@id\":\"https:\/\/vapecheap.eu\/product\/vapsolo-master-2\/#primaryimage\"},\"image\":{\"@id\":\"https:\/\/vapecheap.eu\/product\/vapsolo-master-2\/#primaryimage\"},\"thumbnailUrl\":\"https:\/\/vapecheap.eu\/wp-content\/uploads\/2025\/10\/kiwi.png\",\"datePublished\":\"2025-10-29T09:18:23+00:00\",\"dateModified\":\"2026-04-16T11:56:36+00:00\",\"description\":\"Buy Vapsolo Master 2% Strawberry Kiwi vape online EU at VapeCheap.eu. \u20ac39.99, ~70,000 puffs (lab estimate), TPD-compliant, 18+ only.\",\"breadcrumb\":{\"@id\":\"https:\/\/vapecheap.eu\/product\/vapsolo-master-2\/#breadcrumb\"},\"inLanguage\":\"de\",\"potentialAction\":[{\"@type\":\"ReadAction\",\"target\":[\"https:\/\/vapecheap.eu\/product\/vapsolo-master-2\/\"]}]},{\"@type\":\"ImageObject\",\"inLanguage\":\"de\",\"@id\":\"https:\/\/vapecheap.eu\/product\/vapsolo-master-2\/#primaryimage\",\"url\":\"https:\/\/vapecheap.eu\/wp-content\/uploads\/2025\/10\/kiwi.png\",\"contentUrl\":\"https:\/\/vapecheap.eu\/wp-content\/uploads\/2025\/10\/kiwi.png\",\"width\":600,\"height\":600},{\"@type\":\"BreadcrumbList\",\"@id\":\"https:\/\/vapecheap.eu\/product\/vapsolo-master-2\/#breadcrumb\",\"itemListElement\":[{\"@type\":\"ListItem\",\"position\":1,\"name\":\"Home\",\"item\":\"https:\/\/vapecheap.eu\/\"},{\"@type\":\"ListItem\",\"position\":2,\"name\":\"Shop\",\"item\":\"https:\/\/vapecheap.eu\/shop\/\"},{\"@type\":\"ListItem\",\"position\":3,\"name\":\"Vapsolo Master Smooth\"}]},{\"@type\":\"WebSite\",\"@id\":\"https:\/\/vapecheap.eu\/#website\",\"url\":\"https:\/\/vapecheap.eu\/\",\"name\":\"Vapecheap.eu \u2014 Cheap Big Puff Vapes EU\",\"description\":\"\",\"publisher\":{\"@id\":\"https:\/\/vapecheap.eu\/#organization\"},\"potentialAction\":[{\"@type\":\"SearchAction\",\"target\":{\"@type\":\"EntryPoint\",\"urlTemplate\":\"https:\/\/vapecheap.eu\/?s={search_term_string}\"},\"query-input\":{\"@type\":\"PropertyValueSpecification\",\"valueRequired\":true,\"valueName\":\"search_term_string\"}}],\"inLanguage\":\"de\"},{\"@type\":\"Organization\",\"@id\":\"https:\/\/vapecheap.eu\/#organization\",\"name\":\"Vapecheap.eu \u2014 Cheap Big Puff Vapes EU\",\"url\":\"https:\/\/vapecheap.eu\/\",\"logo\":{\"@type\":\"ImageObject\",\"inLanguage\":\"de\",\"@id\":\"https:\/\/vapecheap.eu\/#\/schema\/logo\/image\/\",\"url\":\"https:\/\/vapecheap.eu\/wp-content\/uploads\/2025\/10\/vapecheap-logo-small-1.png\",\"contentUrl\":\"https:\/\/vapecheap.eu\/wp-content\/uploads\/2025\/10\/vapecheap-logo-small-1.png\",\"width\":262,\"height\":250,\"caption\":\"Vapecheap.eu \u2014 Cheap Big Puff Vapes EU\"},\"image\":{\"@id\":\"https:\/\/vapecheap.eu\/#\/schema\/logo\/image\/\"}}]}<\/script>\n<!-- \/ Yoast SEO plugin. -->","yoast_head_json":{"title":"Vapsolo Master Smooth - VapeCheap.eu ~70,000 Big Puff Vapes from \u20ac39.90 - EU Delivery","description":"Kaufen Sie Vapsolo Master 2 % Strawberry Kiwi E-Zigarette online bei VapeCheap.eu. \u20ac39,99, ~70 000 Z\u00fcge (Laborsch\u00e4tzung), TPD-konform, ab 18.","robots":{"index":"index","follow":"follow","max-snippet":"max-snippet:-1","max-image-preview":"max-image-preview:large","max-video-preview":"max-video-preview:-1"},"canonical":"https:\/\/vapecheap.eu\/de\/produkt\/vapsolo-master-2\/","og_locale":"de_DE","og_type":"article","og_title":"Vapsolo Master Smooth - VapeCheap.eu ~70,000 Big Puff Vapes from \u20ac39.90 - EU Delivery","og_description":"Buy Vapsolo Master 2% Strawberry Kiwi vape online EU at VapeCheap.eu. \u20ac39.99, ~70,000 puffs (lab estimate), TPD-compliant, 18+ only.","og_url":"https:\/\/vapecheap.eu\/de\/produkt\/vapsolo-master-2\/","og_site_name":"VapeCheap.eu ~70,000 Big Puff Vapes from \u20ac39.90 - EU Delivery","article_modified_time":"2026-04-16T11:56:36+00:00","og_image":[{"width":600,"height":600,"url":"https:\/\/vapecheap.eu\/wp-content\/uploads\/2025\/10\/kiwi.png","type":"image\/png"}],"twitter_card":"summary_large_image","twitter_misc":{"Gesch\u00e4tzte Lesezeit":"1\u00a0Minute"},"schema":{"@context":"https:\/\/schema.org","@graph":[{"@type":"WebPage","@id":"https:\/\/vapecheap.eu\/product\/vapsolo-master-2\/","url":"https:\/\/vapecheap.eu\/product\/vapsolo-master-2\/","name":"Vapsolo Master Smooth - VapeCheap.eu ~70,000 Big Puff Vapes from \u20ac39.90 - EU Delivery","isPartOf":{"@id":"https:\/\/vapecheap.eu\/#website"},"primaryImageOfPage":{"@id":"https:\/\/vapecheap.eu\/product\/vapsolo-master-2\/#primaryimage"},"image":{"@id":"https:\/\/vapecheap.eu\/product\/vapsolo-master-2\/#primaryimage"},"thumbnailUrl":"https:\/\/vapecheap.eu\/wp-content\/uploads\/2025\/10\/kiwi.png","datePublished":"2025-10-29T09:18:23+00:00","dateModified":"2026-04-16T11:56:36+00:00","description":"Kaufen Sie Vapsolo Master 2 % Strawberry Kiwi E-Zigarette online bei VapeCheap.eu. \u20ac39,99, ~70 000 Z\u00fcge (Laborsch\u00e4tzung), TPD-konform, ab 18.","breadcrumb":{"@id":"https:\/\/vapecheap.eu\/product\/vapsolo-master-2\/#breadcrumb"},"inLanguage":"de","potentialAction":[{"@type":"ReadAction","target":["https:\/\/vapecheap.eu\/product\/vapsolo-master-2\/"]}]},{"@type":"ImageObject","inLanguage":"de","@id":"https:\/\/vapecheap.eu\/product\/vapsolo-master-2\/#primaryimage","url":"https:\/\/vapecheap.eu\/wp-content\/uploads\/2025\/10\/kiwi.png","contentUrl":"https:\/\/vapecheap.eu\/wp-content\/uploads\/2025\/10\/kiwi.png","width":600,"height":600},{"@type":"BreadcrumbList","@id":"https:\/\/vapecheap.eu\/product\/vapsolo-master-2\/#breadcrumb","itemListElement":[{"@type":"ListItem","position":1,"name":"Home","item":"https:\/\/vapecheap.eu\/"},{"@type":"ListItem","position":2,"name":"Shop","item":"https:\/\/vapecheap.eu\/shop\/"},{"@type":"ListItem","position":3,"name":"Vapsolo Master Smooth"}]},{"@type":"WebSite","@id":"https:\/\/vapecheap.eu\/#website","url":"https:\/\/vapecheap.eu\/","name":"Vapecheap.eu \u2014 Cheap Big Puff Vapes EU","description":"","publisher":{"@id":"https:\/\/vapecheap.eu\/#organization"},"potentialAction":[{"@type":"SearchAction","target":{"@type":"EntryPoint","urlTemplate":"https:\/\/vapecheap.eu\/?s={search_term_string}"},"query-input":{"@type":"PropertyValueSpecification","valueRequired":true,"valueName":"search_term_string"}}],"inLanguage":"de"},{"@type":"Organization","@id":"https:\/\/vapecheap.eu\/#organization","name":"Vapecheap.eu \u2014 Cheap Big Puff Vapes EU","url":"https:\/\/vapecheap.eu\/","logo":{"@type":"ImageObject","inLanguage":"de","@id":"https:\/\/vapecheap.eu\/#\/schema\/logo\/image\/","url":"https:\/\/vapecheap.eu\/wp-content\/uploads\/2025\/10\/vapecheap-logo-small-1.png","contentUrl":"https:\/\/vapecheap.eu\/wp-content\/uploads\/2025\/10\/vapecheap-logo-small-1.png","width":262,"height":250,"caption":"Vapecheap.eu \u2014 Cheap Big Puff Vapes EU"},"image":{"@id":"https:\/\/vapecheap.eu\/#\/schema\/logo\/image\/"}}]}},"_links":{"self":[{"href":"https:\/\/vapecheap.eu\/de\/wp-json\/wp\/v2\/product\/612","targetHints":{"allow":["GET"]}}],"collection":[{"href":"https:\/\/vapecheap.eu\/de\/wp-json\/wp\/v2\/product"}],"about":[{"href":"https:\/\/vapecheap.eu\/de\/wp-json\/wp\/v2\/types\/product"}],"version-history":[{"count":17,"href":"https:\/\/vapecheap.eu\/de\/wp-json\/wp\/v2\/product\/612\/revisions"}],"predecessor-version":[{"id":1195,"href":"https:\/\/vapecheap.eu\/de\/wp-json\/wp\/v2\/product\/612\/revisions\/1195"}],"wp:featuredmedia":[{"embeddable":true,"href":"https:\/\/vapecheap.eu\/de\/wp-json\/wp\/v2\/media\/578"}],"wp:attachment":[{"href":"https:\/\/vapecheap.eu\/de\/wp-json\/wp\/v2\/media?parent=612"}],"wp:term":[{"taxonomy":"product_brand","embeddable":true,"href":"https:\/\/vapecheap.eu\/de\/wp-json\/wp\/v2\/product_brand?post=612"},{"taxonomy":"product_cat","embeddable":true,"href":"https:\/\/vapecheap.eu\/de\/wp-json\/wp\/v2\/product_cat?post=612"},{"taxonomy":"product_tag","embeddable":true,"href":"https:\/\/vapecheap.eu\/de\/wp-json\/wp\/v2\/product_tag?post=612"}],"curies":[{"name":"wp","href":"https:\/\/api.w.org\/{rel}","templated":true}]}}