{"id":676,"date":"2025-10-29T20:49:48","date_gmt":"2025-10-29T20:49:48","guid":{"rendered":"https:\/\/vapecheap.eu\/?page_id=676"},"modified":"2026-01-22T09:56:50","modified_gmt":"2026-01-22T09:56:50","slug":"about-us","status":"publish","type":"page","link":"https:\/\/vapecheap.eu\/cs\/about-us\/","title":{"rendered":"O n\u00e1s"},"content":{"rendered":"<div data-elementor-type=\"wp-page\" data-elementor-id=\"676\" class=\"elementor elementor-676\" data-elementor-post-type=\"page\">\n\t\t\t\t<div class=\"elementor-element elementor-element-f88757d e-flex e-con-boxed sc_layouts_column_icons_position_left e-con e-parent\" data-id=\"f88757d\" data-element_type=\"container\">\n\t\t\t\t\t<div class=\"e-con-inner\">\n\t\t\t\t<div class=\"elementor-element elementor-element-61a7826 sc_gradient_animation_none sc_fly_static elementor-widget elementor-widget-text-editor\" data-id=\"61a7826\" data-element_type=\"widget\" data-widget_type=\"text-editor.default\">\n\t\t\t\t\t\t\t\t\t<h4>Kdo jsme<\/h4><p>VapeCheap.eu je mal\u00fd evropsk\u00fd distributor, kter\u00fd zalo\u017eili lid\u00e9, co sami roky kou\u0159ili a rozhodli se j\u00edt zodpov\u011bdn\u011bj\u0161\u00ed cestou. Ned\u011bl\u00e1me z toho senzaci a netvrd\u00edme, \u017ee vapov\u00e1n\u00ed je bez rizika. Nikotin je n\u00e1vykov\u00fd. Vapov\u00e1n\u00ed m\u00e1 sv\u00e1 rizika. Ale zap\u00e1lit tab\u00e1k a vdechovat kou\u0159 a pap\u00edr je mnohem hor\u0161\u00ed. To je jednoduch\u00e1 pravda, kter\u00e1 n\u00e1s vede ve v\u0161em, co d\u011bl\u00e1me.<\/p><h4>Pro\u010d existujeme<\/h4><p>N\u00e1\u0161 c\u00edl je jednoduch\u00fd: sni\u017eovat \u0161kody tam, kde existuj\u00ed. Zam\u011b\u0159ujeme se na bezd\u00fdmn\u00e9, s TPD v souladu schv\u00e1len\u00e9 nikotinov\u00e9 syst\u00e9my, kter\u00e9 dosp\u011bl\u00fdm ku\u0159\u00e1k\u016fm umo\u017e\u0148uj\u00ed vyhnout se chemik\u00e1li\u00edm vznikaj\u00edc\u00edm spalov\u00e1n\u00edm tab\u00e1ku. \u017d\u00e1dn\u00e9 sliby, \u017e\u00e1dn\u00e9 fale\u0161n\u00e9 zdravotn\u00ed tvrzen\u00ed \u2013 pouze ov\u011b\u0159en\u00e1 za\u0159\u00edzen\u00ed spl\u0148uj\u00edc\u00ed bezpe\u010dnostn\u00ed normy EU, kter\u00e1 dod\u00e1vaj\u00ed nikotin kontrolovan\u00fdm a regulovan\u00fdm zp\u016fsobem.<\/p><h4>\u010cemu v\u011b\u0159\u00edme<\/h4><ul><li>Sni\u017eov\u00e1n\u00ed \u0161kod nen\u00ed dokonalost. Jde o volbu men\u0161\u00edho zla, dokud nez\u016fstane \u017e\u00e1dn\u00e9.<\/li><li>Up\u0159\u00edmnost je d\u016fle\u017eit\u011bj\u0161\u00ed ne\u017e reklama. \u0158ekneme v\u00e1m, co tyto produkty dok\u00e1\u017eou \u2013 a co ne.<\/li><li>Bez kou\u0159e, bez spalov\u00e1n\u00ed. To je rozd\u00edl, na kter\u00e9m z\u00e1le\u017e\u00ed. Na\u0161\u00edm c\u00edlem nen\u00ed vapov\u00e1n\u00ed oslavovat, ale ud\u011blat kou\u0159 minulost\u00ed.<\/li><li>Odpov\u011bdnost k \u017eivotn\u00edmu prost\u0159ed\u00ed. I jednor\u00e1zov\u00e1 za\u0159\u00edzen\u00ed by m\u011bla b\u00fdt recyklov\u00e1na. Dodr\u017eujeme evropsk\u00e9 sm\u011brnice WEEE a normy pro recyklaci bateri\u00ed.<\/li><\/ul><h4>N\u00e1\u0161 slib<\/h4><p class=\"translation-block\">Neprod\u00e1v\u00e1me \u017eivotn\u00ed styl. Sna\u017e\u00edme se ukon\u010dit \u0161kody zp\u016fsoben\u00e9 kou\u0159en\u00edm pomoc\u00ed technologie a poctivosti. Pokud jste dosp\u011bl\u00fd, kter\u00fd st\u00e1le kou\u0159\u00ed, nab\u00edz\u00edme v\u00e1m n\u00e1stroje \u2013 ne z\u00e1zraky. V\u0161e na tomto webu m\u00e1 jedin\u00fd c\u00edl: pomoci lidem postupn\u011b se odpoutat od kou\u0159en\u00ed klasick\u00fdch cigaret, krok za krokem.<\/p><blockquote><p>To jsme my. \u017d\u00e1dn\u00e9 pr\u00e1zdn\u00e9 fr\u00e1ze, \u017e\u00e1dn\u00fd fale\u0161n\u00fd pocit bezpe\u010d\u00ed \u2013 jen pokrok sm\u011brem k odstran\u011bn\u00ed nebezpe\u010d\u00ed kou\u0159e d\u00edky lep\u0161\u00edmu designu a otev\u0159en\u00fdm informac\u00edm.<\/p><\/blockquote> \t\t\t\t\t\t\t\t\t<\/div>\n\t\t\t\t<div class=\"elementor-element elementor-element-c1ce21e sc_fly_static elementor-widget elementor-widget-image\" data-id=\"c1ce21e\" data-element_type=\"widget\" data-widget_type=\"image.default\">\n\t\t\t\t\t\t\t\t\t\t\t\t\t\t\t<img decoding=\"async\" width=\"150\" height=\"150\" src=\"https:\/\/vapecheap.eu\/wp-content\/uploads\/2025\/10\/vapecheap-logo-small-1-150x150.png\" class=\"attachment-woocommerce_gallery_thumbnail size-woocommerce_gallery_thumbnail wp-image-63\" alt=\"\" srcset=\"https:\/\/vapecheap.eu\/wp-content\/uploads\/2025\/10\/vapecheap-logo-small-1-150x150.png 150w, https:\/\/vapecheap.eu\/wp-content\/uploads\/2025\/10\/vapecheap-logo-small-1-13x12.png 13w, https:\/\/vapecheap.eu\/wp-content\/uploads\/2025\/10\/vapecheap-logo-small-1-90x90.png 90w\" sizes=\"(max-width: 150px) 100vw, 150px\" \/>\t\t\t\t\t\t\t\t\t\t\t\t\t\t\t<\/div>\n\t\t\t\t\t<\/div>\n\t\t\t\t<\/div>\n\t\t\t\t<\/div>","protected":false},"excerpt":{"rendered":"<p>Who We Are VapeCheap.eu is a small European distributor built by people who smoked for years and decided to take a more responsible route. We don\u2019t do hype, and we&hellip;<\/p>","protected":false},"author":1,"featured_media":0,"parent":0,"menu_order":0,"comment_status":"closed","ping_status":"closed","template":"","meta":{"footnotes":""},"class_list":["post-676","page","type-page","status-publish","hentry"],"yoast_head":"<!-- This site is optimized with the Yoast SEO plugin v26.6 - https:\/\/yoast.com\/wordpress\/plugins\/seo\/ -->\n<title>About us - VapeCheap.eu ~70,000 Big Puff Vapes from \u20ac39.90 - EU Delivery<\/title>\n<meta name=\"robots\" content=\"index, follow, max-snippet:-1, max-image-preview:large, max-video-preview:-1\" \/>\n<link rel=\"canonical\" href=\"https:\/\/vapecheap.eu\/cs\/about-us\/\" \/>\n<meta property=\"og:locale\" content=\"cs_CZ\" \/>\n<meta property=\"og:type\" content=\"article\" \/>\n<meta property=\"og:title\" content=\"About us - VapeCheap.eu ~70,000 Big Puff Vapes from \u20ac39.90 - EU Delivery\" \/>\n<meta property=\"og:description\" content=\"Who We Are VapeCheap.eu is a small European distributor built by people who smoked for years and decided to take a more responsible route. We don\u2019t do hype, and we&hellip;\" \/>\n<meta property=\"og:url\" content=\"https:\/\/vapecheap.eu\/cs\/about-us\/\" \/>\n<meta property=\"og:site_name\" content=\"VapeCheap.eu ~70,000 Big Puff Vapes from \u20ac39.90 - EU Delivery\" \/>\n<meta property=\"article:modified_time\" content=\"2026-01-22T09:56:50+00:00\" \/>\n<meta property=\"og:image\" content=\"https:\/\/vapecheap.eu\/wp-content\/uploads\/2025\/10\/vapecheap-logo-small-1.png\" \/>\n\t<meta property=\"og:image:width\" content=\"262\" \/>\n\t<meta property=\"og:image:height\" content=\"250\" \/>\n\t<meta property=\"og:image:type\" content=\"image\/png\" \/>\n<meta name=\"twitter:card\" content=\"summary_large_image\" \/>\n<meta name=\"twitter:label1\" content=\"Odhadovan\u00e1 doba \u010dten\u00ed\" \/>\n\t<meta name=\"twitter:data1\" content=\"2 minuty\" \/>\n<script type=\"application\/ld+json\" class=\"yoast-schema-graph\">{\"@context\":\"https:\/\/schema.org\",\"@graph\":[{\"@type\":\"WebPage\",\"@id\":\"https:\/\/vapecheap.eu\/about-us\/\",\"url\":\"https:\/\/vapecheap.eu\/about-us\/\",\"name\":\"About us - VapeCheap.eu ~70,000 Big Puff Vapes from \u20ac39.90 - EU Delivery\",\"isPartOf\":{\"@id\":\"https:\/\/vapecheap.eu\/#website\"},\"primaryImageOfPage\":{\"@id\":\"https:\/\/vapecheap.eu\/about-us\/#primaryimage\"},\"image\":{\"@id\":\"https:\/\/vapecheap.eu\/about-us\/#primaryimage\"},\"thumbnailUrl\":\"https:\/\/vapecheap.eu\/wp-content\/uploads\/2025\/10\/vapecheap-logo-small-1-150x150.png\",\"datePublished\":\"2025-10-29T20:49:48+00:00\",\"dateModified\":\"2026-01-22T09:56:50+00:00\",\"breadcrumb\":{\"@id\":\"https:\/\/vapecheap.eu\/about-us\/#breadcrumb\"},\"inLanguage\":\"cs\",\"potentialAction\":[{\"@type\":\"ReadAction\",\"target\":[\"https:\/\/vapecheap.eu\/about-us\/\"]}]},{\"@type\":\"ImageObject\",\"inLanguage\":\"cs\",\"@id\":\"https:\/\/vapecheap.eu\/about-us\/#primaryimage\",\"url\":\"https:\/\/vapecheap.eu\/wp-content\/uploads\/2025\/10\/vapecheap-logo-small-1-150x150.png\",\"contentUrl\":\"https:\/\/vapecheap.eu\/wp-content\/uploads\/2025\/10\/vapecheap-logo-small-1-150x150.png\"},{\"@type\":\"BreadcrumbList\",\"@id\":\"https:\/\/vapecheap.eu\/about-us\/#breadcrumb\",\"itemListElement\":[{\"@type\":\"ListItem\",\"position\":1,\"name\":\"Home\",\"item\":\"https:\/\/vapecheap.eu\/\"},{\"@type\":\"ListItem\",\"position\":2,\"name\":\"About us\"}]},{\"@type\":\"WebSite\",\"@id\":\"https:\/\/vapecheap.eu\/#website\",\"url\":\"https:\/\/vapecheap.eu\/\",\"name\":\"Vapecheap.eu \u2014 Cheap Big Puff Vapes EU\",\"description\":\"\",\"publisher\":{\"@id\":\"https:\/\/vapecheap.eu\/#organization\"},\"potentialAction\":[{\"@type\":\"SearchAction\",\"target\":{\"@type\":\"EntryPoint\",\"urlTemplate\":\"https:\/\/vapecheap.eu\/?s={search_term_string}\"},\"query-input\":{\"@type\":\"PropertyValueSpecification\",\"valueRequired\":true,\"valueName\":\"search_term_string\"}}],\"inLanguage\":\"cs\"},{\"@type\":\"Organization\",\"@id\":\"https:\/\/vapecheap.eu\/#organization\",\"name\":\"Vapecheap.eu \u2014 Cheap Big Puff Vapes EU\",\"url\":\"https:\/\/vapecheap.eu\/\",\"logo\":{\"@type\":\"ImageObject\",\"inLanguage\":\"cs\",\"@id\":\"https:\/\/vapecheap.eu\/#\/schema\/logo\/image\/\",\"url\":\"https:\/\/vapecheap.eu\/wp-content\/uploads\/2025\/10\/vapecheap-logo-small-1.png\",\"contentUrl\":\"https:\/\/vapecheap.eu\/wp-content\/uploads\/2025\/10\/vapecheap-logo-small-1.png\",\"width\":262,\"height\":250,\"caption\":\"Vapecheap.eu \u2014 Cheap Big Puff Vapes EU\"},\"image\":{\"@id\":\"https:\/\/vapecheap.eu\/#\/schema\/logo\/image\/\"}}]}<\/script>\n<!-- \/ Yoast SEO plugin. -->","yoast_head_json":{"title":"About us - VapeCheap.eu ~70,000 Big Puff Vapes from \u20ac39.90 - EU Delivery","robots":{"index":"index","follow":"follow","max-snippet":"max-snippet:-1","max-image-preview":"max-image-preview:large","max-video-preview":"max-video-preview:-1"},"canonical":"https:\/\/vapecheap.eu\/cs\/about-us\/","og_locale":"cs_CZ","og_type":"article","og_title":"About us - VapeCheap.eu ~70,000 Big Puff Vapes from \u20ac39.90 - EU Delivery","og_description":"Who We Are VapeCheap.eu is a small European distributor built by people who smoked for years and decided to take a more responsible route. We don\u2019t do hype, and we&hellip;","og_url":"https:\/\/vapecheap.eu\/cs\/about-us\/","og_site_name":"VapeCheap.eu ~70,000 Big Puff Vapes from \u20ac39.90 - EU Delivery","article_modified_time":"2026-01-22T09:56:50+00:00","og_image":[{"width":262,"height":250,"url":"https:\/\/vapecheap.eu\/wp-content\/uploads\/2025\/10\/vapecheap-logo-small-1.png","type":"image\/png"}],"twitter_card":"summary_large_image","twitter_misc":{"Odhadovan\u00e1 doba \u010dten\u00ed":"2 minuty"},"schema":{"@context":"https:\/\/schema.org","@graph":[{"@type":"WebPage","@id":"https:\/\/vapecheap.eu\/about-us\/","url":"https:\/\/vapecheap.eu\/about-us\/","name":"About us - VapeCheap.eu ~70,000 Big Puff Vapes from \u20ac39.90 - EU Delivery","isPartOf":{"@id":"https:\/\/vapecheap.eu\/#website"},"primaryImageOfPage":{"@id":"https:\/\/vapecheap.eu\/about-us\/#primaryimage"},"image":{"@id":"https:\/\/vapecheap.eu\/about-us\/#primaryimage"},"thumbnailUrl":"https:\/\/vapecheap.eu\/wp-content\/uploads\/2025\/10\/vapecheap-logo-small-1-150x150.png","datePublished":"2025-10-29T20:49:48+00:00","dateModified":"2026-01-22T09:56:50+00:00","breadcrumb":{"@id":"https:\/\/vapecheap.eu\/about-us\/#breadcrumb"},"inLanguage":"cs","potentialAction":[{"@type":"ReadAction","target":["https:\/\/vapecheap.eu\/about-us\/"]}]},{"@type":"ImageObject","inLanguage":"cs","@id":"https:\/\/vapecheap.eu\/about-us\/#primaryimage","url":"https:\/\/vapecheap.eu\/wp-content\/uploads\/2025\/10\/vapecheap-logo-small-1-150x150.png","contentUrl":"https:\/\/vapecheap.eu\/wp-content\/uploads\/2025\/10\/vapecheap-logo-small-1-150x150.png"},{"@type":"BreadcrumbList","@id":"https:\/\/vapecheap.eu\/about-us\/#breadcrumb","itemListElement":[{"@type":"ListItem","position":1,"name":"Home","item":"https:\/\/vapecheap.eu\/"},{"@type":"ListItem","position":2,"name":"About us"}]},{"@type":"WebSite","@id":"https:\/\/vapecheap.eu\/#website","url":"https:\/\/vapecheap.eu\/","name":"Vapecheap.eu \u2014 Cheap Big Puff Vapes EU","description":"","publisher":{"@id":"https:\/\/vapecheap.eu\/#organization"},"potentialAction":[{"@type":"SearchAction","target":{"@type":"EntryPoint","urlTemplate":"https:\/\/vapecheap.eu\/?s={search_term_string}"},"query-input":{"@type":"PropertyValueSpecification","valueRequired":true,"valueName":"search_term_string"}}],"inLanguage":"cs"},{"@type":"Organization","@id":"https:\/\/vapecheap.eu\/#organization","name":"Vapecheap.eu \u2014 Cheap Big Puff Vapes EU","url":"https:\/\/vapecheap.eu\/","logo":{"@type":"ImageObject","inLanguage":"cs","@id":"https:\/\/vapecheap.eu\/#\/schema\/logo\/image\/","url":"https:\/\/vapecheap.eu\/wp-content\/uploads\/2025\/10\/vapecheap-logo-small-1.png","contentUrl":"https:\/\/vapecheap.eu\/wp-content\/uploads\/2025\/10\/vapecheap-logo-small-1.png","width":262,"height":250,"caption":"Vapecheap.eu \u2014 Cheap Big Puff Vapes EU"},"image":{"@id":"https:\/\/vapecheap.eu\/#\/schema\/logo\/image\/"}}]}},"_links":{"self":[{"href":"https:\/\/vapecheap.eu\/cs\/wp-json\/wp\/v2\/pages\/676","targetHints":{"allow":["GET"]}}],"collection":[{"href":"https:\/\/vapecheap.eu\/cs\/wp-json\/wp\/v2\/pages"}],"about":[{"href":"https:\/\/vapecheap.eu\/cs\/wp-json\/wp\/v2\/types\/page"}],"author":[{"embeddable":true,"href":"https:\/\/vapecheap.eu\/cs\/wp-json\/wp\/v2\/users\/1"}],"replies":[{"embeddable":true,"href":"https:\/\/vapecheap.eu\/cs\/wp-json\/wp\/v2\/comments?post=676"}],"version-history":[{"count":39,"href":"https:\/\/vapecheap.eu\/cs\/wp-json\/wp\/v2\/pages\/676\/revisions"}],"predecessor-version":[{"id":1362,"href":"https:\/\/vapecheap.eu\/cs\/wp-json\/wp\/v2\/pages\/676\/revisions\/1362"}],"wp:attachment":[{"href":"https:\/\/vapecheap.eu\/cs\/wp-json\/wp\/v2\/media?parent=676"}],"curies":[{"name":"wp","href":"https:\/\/api.w.org\/{rel}","templated":true}]}}