{"id":618,"date":"2025-10-29T15:53:18","date_gmt":"2025-10-29T15:53:18","guid":{"rendered":"https:\/\/vapecheap.eu\/?page_id=618"},"modified":"2025-11-04T19:18:12","modified_gmt":"2025-11-04T19:18:12","slug":"terms-and-conditions","status":"publish","type":"page","link":"https:\/\/vapecheap.eu\/cs\/terms-and-conditions\/","title":{"rendered":"Obchodn\u00ed podm\u00ednky"},"content":{"rendered":"<div data-elementor-type=\"wp-page\" data-elementor-id=\"618\" class=\"elementor elementor-618\" data-elementor-post-type=\"page\">\n\t\t\t\t<div class=\"elementor-element elementor-element-af49f0a e-flex e-con-boxed sc_layouts_column_icons_position_left e-con e-parent\" data-id=\"af49f0a\" data-element_type=\"container\">\n\t\t\t\t\t<div class=\"e-con-inner\">\n\t\t\t\t<div class=\"elementor-element elementor-element-8062d17 sc_gradient_animation_none sc_fly_static elementor-widget elementor-widget-text-editor\" data-id=\"8062d17\" data-element_type=\"widget\" data-widget_type=\"text-editor.default\">\n\t\t\t\t\t\t\t\t\t<h4>Kdo jsme<img fetchpriority=\"high\" decoding=\"async\" class=\"size-medium wp-image-1019 alignright\" src=\"https:\/\/vapecheap.eu\/wp-content\/uploads\/2025\/11\/laboratoscientio-300x282.webp\" alt=\"\" width=\"300\" height=\"282\" srcset=\"https:\/\/vapecheap.eu\/wp-content\/uploads\/2025\/11\/laboratoscientio-300x282.webp 300w, https:\/\/vapecheap.eu\/wp-content\/uploads\/2025\/11\/laboratoscientio-13x12.webp 13w, https:\/\/vapecheap.eu\/wp-content\/uploads\/2025\/11\/laboratoscientio-370x348.webp 370w, https:\/\/vapecheap.eu\/wp-content\/uploads\/2025\/11\/laboratoscientio-410x385.webp 410w, https:\/\/vapecheap.eu\/wp-content\/uploads\/2025\/11\/laboratoscientio.webp 500w\" sizes=\"(max-width: 300px) 100vw, 300px\" \/><\/h4><p>Sci\u00e9ntio Laboratories spol. s r.o.<br \/>Tallerova 4, 811 02 Bratislava, Slovakia<br \/>Reg. under Company ID: 52053407<\/p><p>Effective date: 31.10.2025<\/p><p><strong>\u00dazemn\u00ed rozsah prodeje<\/strong><\/p><p>Prod\u00e1v\u00e1me a doru\u010dujeme v\u00fdrobky v\u00fdhradn\u011b z\u00e1kazn\u00edk\u016fm nach\u00e1zej\u00edc\u00edm se v Evropsk\u00e9 unii (EU) a Evropsk\u00e9m hospod\u00e1\u0159sk\u00e9m prostoru (EHP). Objedn\u00e1vky zadan\u00e9 mimo tato \u00fazem\u00ed nebudou zpracov\u00e1ny ani vy\u0159\u00edzeny.<\/p><p>P\u016fsob\u00edme v\u00fdhradn\u011b jako prodejce podle z\u00e1kona \u010d. 250\/2007 Sb., o ochran\u011b spot\u0159ebitele (Slovensko), a sm\u011brnice 2011\/83\/EU o pr\u00e1vech spot\u0159ebitel\u016f. Ve\u0161ker\u00e9 produkty poch\u00e1zej\u00ed od ov\u011b\u0159en\u00fdch velkoobchodn\u00edch dodavatel\u016f v EU a jsou skladov\u00e1ny v r\u00e1mci EU. Neprov\u00e1d\u00edme dovoz ani v\u00fdrobu zbo\u017e\u00ed.<\/p><div class=\"disclaimer\"><p>Ve\u0161ker\u00e9 popisy produkt\u016f, marketingov\u00e1 data, obr\u00e1zky, technick\u00e9 specifikace a \u00fadaje o v\u00fdkonu jsou poskytov\u00e1ny p\u0159\u00edmo z ofici\u00e1ln\u00ed technick\u00e9 dokumentace v\u00fdrobce. Spole\u010dnost Sci\u00e9ntio neprov\u00e1d\u00ed nez\u00e1visl\u00e9 ov\u011b\u0159en\u00ed a nenese odpov\u011bdnost za p\u0159\u00edpadn\u00e9 nep\u0159esnosti. Dodr\u017eov\u00e1n\u00ed p\u0159edpis\u016f TPD, CE, CLP, RoHS, GPSR a v\u0161ech ostatn\u00edch bezpe\u010dnostn\u00edch na\u0159\u00edzen\u00ed EU je v\u00fdhradn\u00ed odpov\u011bdnost\u00ed dovozce a v\u00fdrobce v EU. Spole\u010dnost Sci\u00e9ntio p\u016fsob\u00ed v\u00fdhradn\u011b jako prodejce a v t\u00e9to souvislosti nenese \u017e\u00e1dnou odpov\u011bdnost. Spole\u010dnost Sci\u00e9ntio Laboratories spol. s r.o. p\u016fsob\u00ed v\u00fdhradn\u011b jako prodejce a nenese v tomto ohledu \u017e\u00e1dnou odpov\u011bdnost.<\/p><\/div><h4>1. Produkty<\/h4><p>Nab\u00edz\u00edme za\u0159\u00edzen\u00ed pro vapov\u00e1n\u00ed, e-liquidy a p\u0159\u00edslu\u0161enstv\u00ed. V\u0161echny polo\u017eky jsou p\u0159edem schv\u00e1leny k prodeji v EU prost\u0159ednictv\u00edm autorizovan\u00fdch distributor\u016f podle:<\/p><ul><li>Directive 2014\/40\/EU (TPD)\u00a0\u2013 notified via EU-CEG<\/li><li>Regulation (EC) No 1907\/2006 (REACH)<\/li><li>Directive 2001\/95\/EC (GPSR)<\/li><li>Directive 2014\/30\/EU (EMC)<\/li><li>Directive 2011\/65\/EU (RoHS)<\/li><li>Regulation (EC) No 1272\/2008 (CLP)<\/li><\/ul><p>P\u016fsob\u00edme v\u00fdhradn\u011b jako prodejce.<\/p><h4>2. Ov\u011b\u0159en\u00ed v\u011bku (18+)<\/h4><p>Produkty obsahuj\u00edc\u00ed nikotin se prod\u00e1vaj\u00ed v\u00fdhradn\u011b osob\u00e1m star\u0161\u00edm 18 let. V\u011bk se ov\u011b\u0159uje p\u0159i doru\u010den\u00ed kur\u00fdrem prost\u0159ednictv\u00edm platn\u00e9ho pr\u016fkazu toto\u017enosti s fotografi\u00ed vydan\u00e9ho st\u00e1tn\u00edm org\u00e1nem. Nep\u0159edlo\u017een\u00ed dokladu toto\u017enosti vede k nedoru\u010den\u00ed z\u00e1silky a automatick\u00e9mu vr\u00e1cen\u00ed cel\u00e9 \u010d\u00e1stky. Ov\u011b\u0159en\u00ed v\u011bku p\u0159i doru\u010den\u00ed prob\u00edh\u00e1 v souladu se z\u00e1konem \u010d. 377\/2004 Sb., o ochran\u011b neku\u0159\u00e1k\u016f, a \u010dl\u00e1nkem 20 sm\u011brnice TPD.<\/p><h4>3. Ceny a platby<\/h4><p>V\u0161echny ceny jsou uvedeny v eurech (\u20ac) a zahrnuj\u00ed p\u0159\u00edslu\u0161nou DPH. Z\u00e1kon \u010d. 222\/2004 Sb., o DPH. Bezpe\u010dn\u00e9 platby jsou zpracov\u00e1v\u00e1ny prost\u0159ednictv\u00edm Stripe nebo PayPal v souladu se standardy PCI-DSS.<\/p><h4>4. Doprava<\/h4><p>Objedn\u00e1vky jsou odes\u00edl\u00e1ny ze sklad\u016f v EU do 1\u20133 pracovn\u00edch dn\u016f. Doru\u010den\u00ed po cel\u00e9 \u010cesk\u00e9 republice prob\u00edh\u00e1 do 1\u20135 dn\u016f prost\u0159ednictv\u00edm Packeta nebo GLS\/DHL a je pln\u011b sledovateln\u00e9.<\/p><h4>5. Vr\u00e1cen\u00ed zbo\u017e\u00ed a refundace<\/h4><table><tbody><tr><th>Product Type<\/th><th>Sealed \/ Unopened<\/th><th>Opened \/ Used<\/th><\/tr><tr><td>Nicotine Products<\/td><td>Eligible within 14 days<\/td><td>Not eligible (TPD Art. 20(5) \u2013 hygiene)<\/td><\/tr><tr><td>Accessories &amp; Non-Nicotine<\/td><td>Eligible within 14 days<\/td><td>Eligible within 14 days<\/td><\/tr><\/tbody><\/table><p>Vr\u00e1cen\u00ed zbo\u017e\u00ed vy\u017eaduje p\u0159edchoz\u00ed ozn\u00e1men\u00ed e-mailem. Bude poskytnut p\u0159edplacen\u00fd zp\u011btn\u00fd \u0161t\u00edtek. Vr\u00e1cen\u00ed pen\u011bz je zpracov\u00e1no do 48 hodin od p\u0159ijet\u00ed a kontroly z\u00e1silky.<\/p><p class=\"translation-block\"><strong>Pr\u00e1vo spot\u0159ebitele na odstoupen\u00ed od smlouvy<\/strong><br>V souladu s \u010dl\u00e1nky 9 a\u017e 16 sm\u011brnice 2011\/83\/EU o pr\u00e1vech spot\u0159ebitel\u016f a \u00a77 a n\u00e1sl. z\u00e1kona \u010d. 102\/2014 Sb. m\u00e1 spot\u0159ebitel pr\u00e1vo odstoupit od smlouvy uzav\u0159en\u00e9 na d\u00e1lku do 14 dn\u016f od p\u0159evzet\u00ed zbo\u017e\u00ed, ani\u017e by musel uv\u00e1d\u011bt d\u016fvod. Toto pr\u00e1vo se nevztahuje na zape\u010det\u011bn\u00e9 v\u00fdrobky, kter\u00e9 nelze z hygienick\u00fdch nebo zdravotn\u00edch d\u016fvod\u016f vr\u00e1tit po otev\u0159en\u00ed, v souladu s \u010dl\u00e1nkem 16 p\u00edsm. e) sm\u011brnice 2011\/83\/EU.<\/p><h4>6. Z\u00e1ruka<\/h4><p>V\u0161echny produkty podl\u00e9haj\u00ed 24m\u011bs\u00ed\u010dn\u00ed z\u00e1konn\u00e9 z\u00e1ruce EU podle sm\u011brnice 1999\/44\/ES, kterou uplat\u0148uje v\u00fdrobce. Spole\u010dnost Sci\u00e9ntio Laboratories spol. s r.o. neprov\u00e1d\u00ed opravy, ale poskytuje v\u00fdm\u011bny.<\/p><h4>7. Odpov\u011bdnost<\/h4><p>Na\u0161e odpov\u011bdnost je p\u0159\u00edsn\u011b omezena na kupn\u00ed cenu produktu. Vylu\u010dujeme ve\u0161kerou odpov\u011bdnost za nep\u0159\u00edm\u00e9, n\u00e1sledn\u00e9 nebo nahodil\u00e9 \u0161kody, zdravotn\u00ed n\u00e1roky nebo nespr\u00e1vn\u00e9 pou\u017eit\u00ed v\u00fdrobku, s v\u00fdjimkou p\u0159\u00edpad\u016f, kdy je takov\u00e9 vylou\u010den\u00ed zak\u00e1z\u00e1no z\u00e1vazn\u00fdm pr\u00e1vem EU. Odpov\u011bdnost je omezena na kupn\u00ed cenu podle \u00a7 420 ob\u010dansk\u00e9ho z\u00e1kon\u00edku Slovensk\u00e9 republiky.<\/p><h4>8. Ochrana osobn\u00edch \u00fadaj\u016f<\/h4><p>Osobn\u00ed \u00fadaje zpracov\u00e1v\u00e1me v pln\u00e9m souladu s na\u0159\u00edzen\u00edm (EU) 2016\/679 (GDPR) a z\u00e1konem \u010d. 18\/2018 Sb. o ochran\u011b osobn\u00edch \u00fadaj\u016f. Pov\u011b\u0159enec pro ochranu osobn\u00edch \u00fadaj\u016f (DPO): privacy@vapecheap.eu\n\n\u00dadaje jsou pou\u017e\u00edv\u00e1ny v\u00fdhradn\u011b pro vy\u0159\u00edzen\u00ed objedn\u00e1vek, doru\u010den\u00ed a podporu z\u00e1kazn\u00edk\u016f. V p\u0159\u00edpad\u011b \u017e\u00e1dosti o p\u0159\u00edstup, opravu nebo v\u00fdmaz kontaktujte DPO na adrese privacy@vapecheap.eu<\/p><h4>9. Zdravotn\u00ed varov\u00e1n\u00ed<\/h4><p>UPOZORN\u011aN\u00cd: Tento produkt obsahuje nikotin. Pouze pro osoby star\u0161\u00ed 18 let. TPD \u010dl. 20. Nikotin je vysoce n\u00e1vykov\u00e1 l\u00e1tka. Nen\u00ed ur\u010den pro neku\u0159\u00e1ky, mladistv\u00e9, t\u011bhotn\u00e9 nebo koj\u00edc\u00ed osoby ani osoby s kardiovaskul\u00e1rn\u00edmi onemocn\u011bn\u00edmi. Uchov\u00e1vejte mimo dosah d\u011bt\u00ed a zv\u00ed\u0159at.<\/p><h4>10. Rozhodn\u00e9 pr\u00e1vo<\/h4><p>Tyto podm\u00ednky se \u0159\u00edd\u00ed slovensk\u00fdm pr\u00e1vem. Pro spot\u0159ebitele z EU se uplatn\u00ed v\u0161echna povinn\u00e1 spot\u0159ebitelsk\u00e1 pr\u00e1va \u010dlensk\u00e9ho st\u00e1tu jejich obvykl\u00e9ho bydli\u0161t\u011b podle \u010dl\u00e1nku 6 na\u0159\u00edzen\u00ed (ES) \u010d. 593\/2008 (\u0158\u00edm I, \u010dl. 6).<\/p><h4>11. Kontakt<\/h4><table><tbody><tr><th>\u00da\u010del<\/th><th>Email<\/th><\/tr><tr><td>Objedn\u00e1vky a vr\u00e1cen\u00ed pen\u011bz<\/td><td>support@vapecheap.eu<\/td><\/tr><tr><td>Ochrana soukrom\u00ed a osobn\u00ed \u00fadaje<\/td><td>privacy@vapecheap.eu<\/td><\/tr><tr><td>Obecn\u00e9 dotazy<\/td><td>support@vapecheap.eu<\/td><\/tr><\/tbody><\/table>\t\t\t\t\t\t\t\t<\/div>\n\t\t\t\t\t<\/div>\n\t\t\t\t<\/div>\n\t\t\t\t<\/div>","protected":false},"excerpt":{"rendered":"<p>Who We Are Sci\u00e9ntio Laboratories spol. s r.o.Tallerova 4, 811 02 Bratislava, SlovakiaReg. under Company ID: 52053407 Effective date: 31.10.2025 Territorial Scope of Sale We sell and deliver products exclusively&hellip;<\/p>","protected":false},"author":1,"featured_media":0,"parent":0,"menu_order":0,"comment_status":"closed","ping_status":"closed","template":"","meta":{"footnotes":""},"class_list":["post-618","page","type-page","status-publish","hentry"],"yoast_head":"<!-- This site is optimized with the Yoast SEO plugin v26.6 - https:\/\/yoast.com\/wordpress\/plugins\/seo\/ -->\n<title>Terms and Conditions - VapeCheap.eu ~70,000 Big Puff Vapes from \u20ac39.90 - EU Delivery<\/title>\n<meta name=\"robots\" content=\"index, follow, max-snippet:-1, max-image-preview:large, max-video-preview:-1\" \/>\n<link rel=\"canonical\" href=\"https:\/\/vapecheap.eu\/cs\/terms-and-conditions\/\" \/>\n<meta property=\"og:locale\" content=\"cs_CZ\" \/>\n<meta property=\"og:type\" content=\"article\" \/>\n<meta property=\"og:title\" content=\"Terms and Conditions - VapeCheap.eu ~70,000 Big Puff Vapes from \u20ac39.90 - EU Delivery\" \/>\n<meta property=\"og:description\" content=\"Who We Are Sci\u00e9ntio Laboratories spol. s r.o.Tallerova 4, 811 02 Bratislava, SlovakiaReg. under Company ID: 52053407 Effective date: 31.10.2025 Territorial Scope of Sale We sell and deliver products exclusively&hellip;\" \/>\n<meta property=\"og:url\" content=\"https:\/\/vapecheap.eu\/cs\/terms-and-conditions\/\" \/>\n<meta property=\"og:site_name\" content=\"VapeCheap.eu ~70,000 Big Puff Vapes from \u20ac39.90 - EU Delivery\" \/>\n<meta property=\"article:modified_time\" content=\"2025-11-04T19:18:12+00:00\" \/>\n<meta property=\"og:image\" content=\"https:\/\/vapecheap.eu\/wp-content\/uploads\/2025\/11\/laboratoscientio.webp\" \/>\n\t<meta property=\"og:image:width\" content=\"500\" \/>\n\t<meta property=\"og:image:height\" content=\"470\" \/>\n\t<meta property=\"og:image:type\" content=\"image\/webp\" \/>\n<meta name=\"twitter:card\" content=\"summary_large_image\" \/>\n<meta name=\"twitter:label1\" content=\"Odhadovan\u00e1 doba \u010dten\u00ed\" \/>\n\t<meta name=\"twitter:data1\" content=\"4 minuty\" \/>\n<script type=\"application\/ld+json\" class=\"yoast-schema-graph\">{\"@context\":\"https:\/\/schema.org\",\"@graph\":[{\"@type\":\"WebPage\",\"@id\":\"https:\/\/vapecheap.eu\/terms-and-conditions\/\",\"url\":\"https:\/\/vapecheap.eu\/terms-and-conditions\/\",\"name\":\"Terms and Conditions - VapeCheap.eu ~70,000 Big Puff Vapes from \u20ac39.90 - EU Delivery\",\"isPartOf\":{\"@id\":\"https:\/\/vapecheap.eu\/#website\"},\"primaryImageOfPage\":{\"@id\":\"https:\/\/vapecheap.eu\/terms-and-conditions\/#primaryimage\"},\"image\":{\"@id\":\"https:\/\/vapecheap.eu\/terms-and-conditions\/#primaryimage\"},\"thumbnailUrl\":\"https:\/\/vapecheap.eu\/wp-content\/uploads\/2025\/11\/laboratoscientio-300x282.webp\",\"datePublished\":\"2025-10-29T15:53:18+00:00\",\"dateModified\":\"2025-11-04T19:18:12+00:00\",\"breadcrumb\":{\"@id\":\"https:\/\/vapecheap.eu\/terms-and-conditions\/#breadcrumb\"},\"inLanguage\":\"cs\",\"potentialAction\":[{\"@type\":\"ReadAction\",\"target\":[\"https:\/\/vapecheap.eu\/terms-and-conditions\/\"]}]},{\"@type\":\"ImageObject\",\"inLanguage\":\"cs\",\"@id\":\"https:\/\/vapecheap.eu\/terms-and-conditions\/#primaryimage\",\"url\":\"https:\/\/vapecheap.eu\/wp-content\/uploads\/2025\/11\/laboratoscientio-300x282.webp\",\"contentUrl\":\"https:\/\/vapecheap.eu\/wp-content\/uploads\/2025\/11\/laboratoscientio-300x282.webp\"},{\"@type\":\"BreadcrumbList\",\"@id\":\"https:\/\/vapecheap.eu\/terms-and-conditions\/#breadcrumb\",\"itemListElement\":[{\"@type\":\"ListItem\",\"position\":1,\"name\":\"Home\",\"item\":\"https:\/\/vapecheap.eu\/\"},{\"@type\":\"ListItem\",\"position\":2,\"name\":\"Terms and Conditions\"}]},{\"@type\":\"WebSite\",\"@id\":\"https:\/\/vapecheap.eu\/#website\",\"url\":\"https:\/\/vapecheap.eu\/\",\"name\":\"Vapecheap.eu \u2014 Cheap Big Puff Vapes EU\",\"description\":\"\",\"publisher\":{\"@id\":\"https:\/\/vapecheap.eu\/#organization\"},\"potentialAction\":[{\"@type\":\"SearchAction\",\"target\":{\"@type\":\"EntryPoint\",\"urlTemplate\":\"https:\/\/vapecheap.eu\/?s={search_term_string}\"},\"query-input\":{\"@type\":\"PropertyValueSpecification\",\"valueRequired\":true,\"valueName\":\"search_term_string\"}}],\"inLanguage\":\"cs\"},{\"@type\":\"Organization\",\"@id\":\"https:\/\/vapecheap.eu\/#organization\",\"name\":\"Vapecheap.eu \u2014 Cheap Big Puff Vapes EU\",\"url\":\"https:\/\/vapecheap.eu\/\",\"logo\":{\"@type\":\"ImageObject\",\"inLanguage\":\"cs\",\"@id\":\"https:\/\/vapecheap.eu\/#\/schema\/logo\/image\/\",\"url\":\"https:\/\/vapecheap.eu\/wp-content\/uploads\/2025\/10\/vapecheap-logo-small-1.png\",\"contentUrl\":\"https:\/\/vapecheap.eu\/wp-content\/uploads\/2025\/10\/vapecheap-logo-small-1.png\",\"width\":262,\"height\":250,\"caption\":\"Vapecheap.eu \u2014 Cheap Big Puff Vapes EU\"},\"image\":{\"@id\":\"https:\/\/vapecheap.eu\/#\/schema\/logo\/image\/\"}}]}<\/script>\n<!-- \/ Yoast SEO plugin. -->","yoast_head_json":{"title":"Terms and Conditions - VapeCheap.eu ~70,000 Big Puff Vapes from \u20ac39.90 - EU Delivery","robots":{"index":"index","follow":"follow","max-snippet":"max-snippet:-1","max-image-preview":"max-image-preview:large","max-video-preview":"max-video-preview:-1"},"canonical":"https:\/\/vapecheap.eu\/cs\/terms-and-conditions\/","og_locale":"cs_CZ","og_type":"article","og_title":"Terms and Conditions - VapeCheap.eu ~70,000 Big Puff Vapes from \u20ac39.90 - EU Delivery","og_description":"Who We Are Sci\u00e9ntio Laboratories spol. s r.o.Tallerova 4, 811 02 Bratislava, SlovakiaReg. under Company ID: 52053407 Effective date: 31.10.2025 Territorial Scope of Sale We sell and deliver products exclusively&hellip;","og_url":"https:\/\/vapecheap.eu\/cs\/terms-and-conditions\/","og_site_name":"VapeCheap.eu ~70,000 Big Puff Vapes from \u20ac39.90 - EU Delivery","article_modified_time":"2025-11-04T19:18:12+00:00","og_image":[{"width":500,"height":470,"url":"https:\/\/vapecheap.eu\/wp-content\/uploads\/2025\/11\/laboratoscientio.webp","type":"image\/webp"}],"twitter_card":"summary_large_image","twitter_misc":{"Odhadovan\u00e1 doba \u010dten\u00ed":"4 minuty"},"schema":{"@context":"https:\/\/schema.org","@graph":[{"@type":"WebPage","@id":"https:\/\/vapecheap.eu\/terms-and-conditions\/","url":"https:\/\/vapecheap.eu\/terms-and-conditions\/","name":"Terms and Conditions - VapeCheap.eu ~70,000 Big Puff Vapes from \u20ac39.90 - EU Delivery","isPartOf":{"@id":"https:\/\/vapecheap.eu\/#website"},"primaryImageOfPage":{"@id":"https:\/\/vapecheap.eu\/terms-and-conditions\/#primaryimage"},"image":{"@id":"https:\/\/vapecheap.eu\/terms-and-conditions\/#primaryimage"},"thumbnailUrl":"https:\/\/vapecheap.eu\/wp-content\/uploads\/2025\/11\/laboratoscientio-300x282.webp","datePublished":"2025-10-29T15:53:18+00:00","dateModified":"2025-11-04T19:18:12+00:00","breadcrumb":{"@id":"https:\/\/vapecheap.eu\/terms-and-conditions\/#breadcrumb"},"inLanguage":"cs","potentialAction":[{"@type":"ReadAction","target":["https:\/\/vapecheap.eu\/terms-and-conditions\/"]}]},{"@type":"ImageObject","inLanguage":"cs","@id":"https:\/\/vapecheap.eu\/terms-and-conditions\/#primaryimage","url":"https:\/\/vapecheap.eu\/wp-content\/uploads\/2025\/11\/laboratoscientio-300x282.webp","contentUrl":"https:\/\/vapecheap.eu\/wp-content\/uploads\/2025\/11\/laboratoscientio-300x282.webp"},{"@type":"BreadcrumbList","@id":"https:\/\/vapecheap.eu\/terms-and-conditions\/#breadcrumb","itemListElement":[{"@type":"ListItem","position":1,"name":"Home","item":"https:\/\/vapecheap.eu\/"},{"@type":"ListItem","position":2,"name":"Terms and Conditions"}]},{"@type":"WebSite","@id":"https:\/\/vapecheap.eu\/#website","url":"https:\/\/vapecheap.eu\/","name":"Vapecheap.eu \u2014 Cheap Big Puff Vapes EU","description":"","publisher":{"@id":"https:\/\/vapecheap.eu\/#organization"},"potentialAction":[{"@type":"SearchAction","target":{"@type":"EntryPoint","urlTemplate":"https:\/\/vapecheap.eu\/?s={search_term_string}"},"query-input":{"@type":"PropertyValueSpecification","valueRequired":true,"valueName":"search_term_string"}}],"inLanguage":"cs"},{"@type":"Organization","@id":"https:\/\/vapecheap.eu\/#organization","name":"Vapecheap.eu \u2014 Cheap Big Puff Vapes EU","url":"https:\/\/vapecheap.eu\/","logo":{"@type":"ImageObject","inLanguage":"cs","@id":"https:\/\/vapecheap.eu\/#\/schema\/logo\/image\/","url":"https:\/\/vapecheap.eu\/wp-content\/uploads\/2025\/10\/vapecheap-logo-small-1.png","contentUrl":"https:\/\/vapecheap.eu\/wp-content\/uploads\/2025\/10\/vapecheap-logo-small-1.png","width":262,"height":250,"caption":"Vapecheap.eu \u2014 Cheap Big Puff Vapes EU"},"image":{"@id":"https:\/\/vapecheap.eu\/#\/schema\/logo\/image\/"}}]}},"_links":{"self":[{"href":"https:\/\/vapecheap.eu\/cs\/wp-json\/wp\/v2\/pages\/618","targetHints":{"allow":["GET"]}}],"collection":[{"href":"https:\/\/vapecheap.eu\/cs\/wp-json\/wp\/v2\/pages"}],"about":[{"href":"https:\/\/vapecheap.eu\/cs\/wp-json\/wp\/v2\/types\/page"}],"author":[{"embeddable":true,"href":"https:\/\/vapecheap.eu\/cs\/wp-json\/wp\/v2\/users\/1"}],"replies":[{"embeddable":true,"href":"https:\/\/vapecheap.eu\/cs\/wp-json\/wp\/v2\/comments?post=618"}],"version-history":[{"count":74,"href":"https:\/\/vapecheap.eu\/cs\/wp-json\/wp\/v2\/pages\/618\/revisions"}],"predecessor-version":[{"id":1219,"href":"https:\/\/vapecheap.eu\/cs\/wp-json\/wp\/v2\/pages\/618\/revisions\/1219"}],"wp:attachment":[{"href":"https:\/\/vapecheap.eu\/cs\/wp-json\/wp\/v2\/media?parent=618"}],"curies":[{"name":"wp","href":"https:\/\/api.w.org\/{rel}","templated":true}]}}